{"id":9192,"date":"2024-12-05T12:51:49","date_gmt":"2024-12-05T11:51:49","guid":{"rendered":"https:\/\/buenavita.fr\/boutique\/?post_type=product&#038;p=9192"},"modified":"2025-09-16T10:25:25","modified_gmt":"2025-09-16T08:25:25","slug":"intenso-elegante-intense-x10-compatible-nespresso","status":"publish","type":"product","link":"https:\/\/buenavita.fr\/boutique\/boutique\/intenso-elegante-intense-x10-compatible-nespresso\/","title":{"rendered":"Intenso &#8211; Caf\u00e9 Intense x10 Compatible Nespresso"},"content":{"rendered":"<p>10 capsules de caf\u00e9 100% compostables compatibles avec les machines \u00e0 caf\u00e9 Nespresso. <strong>100% SANS PLASTIQUE<\/strong><\/p>\n<p>Un caf\u00e9 50% Arabica et 50% Robusta, un m\u00e9lange de haute qualit\u00e9 qui garantit\u00a0une boisson au caf\u00e9 exceptionnelle qui satisfait m\u00eame les palais les plus exigeants, d\u00e9sormais dans une capsule compostable pratique.<\/p>\n<p>Intenso est un caf\u00e9 qui se distingue par sa saveur profonde et son corp robuste qui se d\u00e9ploie \u00e0 chaque gorg\u00e9e, vous offrant une tasse de caf\u00e9 intens\u00e9ment d\u00e9licieuse.<\/p>\n<p><strong>Ar\u00f4me Gourmet<\/strong>\u00a0: Chaque capsule de nos Capsules Compostables Intenses contient un ar\u00f4me captivant qui \u00e9veille vos sens et vous emm\u00e8ne dans un voyage sensoriel unique, le tout dans le confort de votre maison.<\/p>\n<ul>\n<li>corps: 4\/5<\/li>\n<li>intensit\u00e9: 5\/5<\/li>\n<li>finale en bouche: 3\/5<\/li>\n<li>grill\u00e9: 3\/5<\/li>\n<\/ul>\n<p>Poids net: 50g<\/p>\n<p><img loading=\"lazy\" decoding=\"async\" class=\"aligncenter wp-image-794\" src=\"https:\/\/buenavita.fr\/wp-content\/uploads\/2017\/03\/FDPOFFERT.png\" alt=\"\" width=\"100\" height=\"100\" srcset=\"https:\/\/buenavita.fr\/wp-content\/uploads\/2017\/03\/FDPOFFERT.png 200w, https:\/\/buenavita.fr\/wp-content\/uploads\/2017\/03\/FDPOFFERT-100x100.png 100w, https:\/\/buenavita.fr\/wp-content\/uploads\/2017\/03\/FDPOFFERT-150x150.png 150w, https:\/\/buenavita.fr\/wp-content\/uploads\/2017\/03\/FDPOFFERT-120x120.png 120w\" sizes=\"auto, (max-width: 100px) 85vw, 100px\" \/> <img loading=\"lazy\" decoding=\"async\" class=\"aligncenter wp-image-795\" src=\"https:\/\/buenavita.fr\/wp-content\/uploads\/2017\/03\/SAFEPAY.png\" alt=\"\" width=\"100\" height=\"100\" srcset=\"https:\/\/buenavita.fr\/wp-content\/uploads\/2017\/03\/SAFEPAY.png 200w, https:\/\/buenavita.fr\/wp-content\/uploads\/2017\/03\/SAFEPAY-100x100.png 100w, https:\/\/buenavita.fr\/wp-content\/uploads\/2017\/03\/SAFEPAY-150x150.png 150w, https:\/\/buenavita.fr\/wp-content\/uploads\/2017\/03\/SAFEPAY-120x120.png 120w\" sizes=\"auto, (max-width: 100px) 85vw, 100px\" \/> <img loading=\"lazy\" decoding=\"async\" class=\"aligncenter wp-image-796\" src=\"https:\/\/buenavita.fr\/wp-content\/uploads\/2017\/03\/AGENCES.png\" alt=\"\" width=\"100\" height=\"100\" srcset=\"https:\/\/buenavita.fr\/wp-content\/uploads\/2017\/03\/AGENCES.png 200w, https:\/\/buenavita.fr\/wp-content\/uploads\/2017\/03\/AGENCES-100x100.png 100w, https:\/\/buenavita.fr\/wp-content\/uploads\/2017\/03\/AGENCES-150x150.png 150w, https:\/\/buenavita.fr\/wp-content\/uploads\/2017\/03\/AGENCES-120x120.png 120w\" sizes=\"auto, (max-width: 100px) 85vw, 100px\" \/> <img loading=\"lazy\" decoding=\"async\" class=\"aligncenter wp-image-797\" src=\"https:\/\/buenavita.fr\/wp-content\/uploads\/2017\/03\/ECO.png\" alt=\"\" width=\"100\" height=\"100\" srcset=\"https:\/\/buenavita.fr\/wp-content\/uploads\/2017\/03\/ECO.png 200w, https:\/\/buenavita.fr\/wp-content\/uploads\/2017\/03\/ECO-100x100.png 100w, https:\/\/buenavita.fr\/wp-content\/uploads\/2017\/03\/ECO-150x150.png 150w, https:\/\/buenavita.fr\/wp-content\/uploads\/2017\/03\/ECO-120x120.png 120w\" sizes=\"auto, (max-width: 100px) 85vw, 100px\" \/><\/p>\n<p>&nbsp;<\/p>\n","protected":false},"excerpt":{"rendered":"<p>10 capsules de caf\u00e9 100% compostables compatibles avec les machines \u00e0 caf\u00e9 Nespresso. 100% SANS PLASTIQUE Un caf\u00e9 50% Arabica et 50% Robusta, un m\u00e9lange de haute qualit\u00e9 qui garantit\u00a0une boisson au caf\u00e9 exceptionnelle qui satisfait m\u00eame les palais les plus exigeants, d\u00e9sormais dans une capsule compostable pratique. Intenso est un caf\u00e9 qui se distingue &hellip; <a href=\"https:\/\/buenavita.fr\/boutique\/boutique\/intenso-elegante-intense-x10-compatible-nespresso\/\" class=\"more-link\">Continuer la lecture<span class=\"screen-reader-text\"> de &laquo;&nbsp;Intenso &#8211; Caf\u00e9 Intense x10 Compatible Nespresso&nbsp;&raquo;<\/span><\/a><\/p>\n","protected":false},"featured_media":9195,"comment_status":"closed","ping_status":"closed","template":"","meta":{"_acf_changed":false},"product_brand":[],"product_cat":[21],"product_tag":[],"class_list":{"0":"post-9192","1":"product","2":"type-product","3":"status-publish","4":"has-post-thumbnail","6":"product_cat-capsules","8":"first","9":"instock","10":"taxable","11":"shipping-taxable","12":"purchasable","13":"product-type-simple"},"supplier_id":null,"supplier_sku":"","barcode":null,"atum_controlled":false,"out_stock_date":null,"out_stock_threshold":null,"inheritable":false,"inbound_stock":null,"stock_on_hold":0,"sold_today":0,"sales_last_days":0,"reserved_stock":null,"customer_returns":null,"warehouse_damage":null,"lost_in_post":null,"other_logs":null,"out_stock_days":0,"lost_sales":0,"has_location":false,"update_date":"2026-05-01T03:13:20","atum_locations":[],"atum_stock_status":"instock","restock_status":false,"low_stock_amount":"","sales_update_date":"2026-05-01T03:13:20","calc_backorders":null,"acf":[],"yoast_head":"<!-- This site is optimized with the Yoast SEO plugin v27.0 - https:\/\/yoast.com\/product\/yoast-seo-wordpress\/ -->\n<title>Intenso - Caf\u00e9 Intense x10 Compatible Nespresso - Buenavita<\/title>\n<meta name=\"robots\" content=\"index, follow, max-snippet:-1, max-image-preview:large, max-video-preview:-1\" \/>\n<link rel=\"canonical\" href=\"https:\/\/buenavita.fr\/boutique\/boutique\/intenso-elegante-intense-x10-compatible-nespresso\/\" \/>\n<meta property=\"og:locale\" content=\"fr_FR\" \/>\n<meta property=\"og:type\" content=\"article\" \/>\n<meta property=\"og:title\" content=\"Intenso - Caf\u00e9 Intense x10 Compatible Nespresso - Buenavita\" \/>\n<meta property=\"og:description\" content=\"10 capsules de caf\u00e9 100% compostables compatibles avec les machines \u00e0 caf\u00e9 Nespresso. 100% SANS PLASTIQUE Un caf\u00e9 50% Arabica et 50% Robusta, un m\u00e9lange de haute qualit\u00e9 qui garantit\u00a0une boisson au caf\u00e9 exceptionnelle qui satisfait m\u00eame les palais les plus exigeants, d\u00e9sormais dans une capsule compostable pratique. Intenso est un caf\u00e9 qui se distingue &hellip; Continuer la lecture de &laquo;&nbsp;Intenso &#8211; Caf\u00e9 Intense x10 Compatible Nespresso&nbsp;&raquo;\" \/>\n<meta property=\"og:url\" content=\"https:\/\/buenavita.fr\/boutique\/boutique\/intenso-elegante-intense-x10-compatible-nespresso\/\" \/>\n<meta property=\"og:site_name\" content=\"Buenavita\" \/>\n<meta property=\"article:publisher\" content=\"https:\/\/www.facebook.com\/buenavita.cafe\/\" \/>\n<meta property=\"article:modified_time\" content=\"2025-09-16T08:25:25+00:00\" \/>\n<meta property=\"og:image\" content=\"https:\/\/buenavita.fr\/wp-content\/uploads\/2024\/12\/Capsules-intenso-1.png\" \/>\n\t<meta property=\"og:image:width\" content=\"348\" \/>\n\t<meta property=\"og:image:height\" content=\"502\" \/>\n\t<meta property=\"og:image:type\" content=\"image\/png\" \/>\n<meta name=\"twitter:card\" content=\"summary_large_image\" \/>\n<meta name=\"twitter:site\" content=\"@CafeBuenavita\" \/>\n<meta name=\"twitter:label1\" content=\"Dur\u00e9e de lecture estim\u00e9e\" \/>\n\t<meta name=\"twitter:data1\" content=\"2 minutes\" \/>\n<script type=\"application\/ld+json\" class=\"yoast-schema-graph\">{\"@context\":\"https:\/\/schema.org\",\"@graph\":[{\"@type\":\"WebPage\",\"@id\":\"https:\/\/buenavita.fr\/boutique\/boutique\/intenso-elegante-intense-x10-compatible-nespresso\/\",\"url\":\"https:\/\/buenavita.fr\/boutique\/boutique\/intenso-elegante-intense-x10-compatible-nespresso\/\",\"name\":\"Intenso - Caf\u00e9 Intense x10 Compatible Nespresso - Buenavita\",\"isPartOf\":{\"@id\":\"https:\/\/buenavita.fr\/boutique\/#website\"},\"primaryImageOfPage\":{\"@id\":\"https:\/\/buenavita.fr\/boutique\/boutique\/intenso-elegante-intense-x10-compatible-nespresso\/#primaryimage\"},\"image\":{\"@id\":\"https:\/\/buenavita.fr\/boutique\/boutique\/intenso-elegante-intense-x10-compatible-nespresso\/#primaryimage\"},\"thumbnailUrl\":\"https:\/\/buenavita.fr\/wp-content\/uploads\/2024\/12\/Capsules-intenso-1.png\",\"datePublished\":\"2024-12-05T11:51:49+00:00\",\"dateModified\":\"2025-09-16T08:25:25+00:00\",\"breadcrumb\":{\"@id\":\"https:\/\/buenavita.fr\/boutique\/boutique\/intenso-elegante-intense-x10-compatible-nespresso\/#breadcrumb\"},\"inLanguage\":\"fr-FR\",\"potentialAction\":[{\"@type\":\"ReadAction\",\"target\":[\"https:\/\/buenavita.fr\/boutique\/boutique\/intenso-elegante-intense-x10-compatible-nespresso\/\"]}]},{\"@type\":\"ImageObject\",\"inLanguage\":\"fr-FR\",\"@id\":\"https:\/\/buenavita.fr\/boutique\/boutique\/intenso-elegante-intense-x10-compatible-nespresso\/#primaryimage\",\"url\":\"https:\/\/buenavita.fr\/wp-content\/uploads\/2024\/12\/Capsules-intenso-1.png\",\"contentUrl\":\"https:\/\/buenavita.fr\/wp-content\/uploads\/2024\/12\/Capsules-intenso-1.png\",\"width\":348,\"height\":502},{\"@type\":\"BreadcrumbList\",\"@id\":\"https:\/\/buenavita.fr\/boutique\/boutique\/intenso-elegante-intense-x10-compatible-nespresso\/#breadcrumb\",\"itemListElement\":[{\"@type\":\"ListItem\",\"position\":1,\"name\":\"Accueil\",\"item\":\"https:\/\/buenavita.fr\/boutique\/\"},{\"@type\":\"ListItem\",\"position\":2,\"name\":\"Intenso &#8211; Caf\u00e9 Intense x10 Compatible Nespresso\"}]},{\"@type\":\"WebSite\",\"@id\":\"https:\/\/buenavita.fr\/boutique\/#website\",\"url\":\"https:\/\/buenavita.fr\/boutique\/\",\"name\":\"Buenavita\",\"description\":\"100% plaisir - sans allerg\u00e8ne - Eco responsable\",\"potentialAction\":[{\"@type\":\"SearchAction\",\"target\":{\"@type\":\"EntryPoint\",\"urlTemplate\":\"https:\/\/buenavita.fr\/boutique\/?s={search_term_string}\"},\"query-input\":{\"@type\":\"PropertyValueSpecification\",\"valueRequired\":true,\"valueName\":\"search_term_string\"}}],\"inLanguage\":\"fr-FR\"}]}<\/script>\n<!-- \/ Yoast SEO plugin. -->","yoast_head_json":{"title":"Intenso - Caf\u00e9 Intense x10 Compatible Nespresso - Buenavita","robots":{"index":"index","follow":"follow","max-snippet":"max-snippet:-1","max-image-preview":"max-image-preview:large","max-video-preview":"max-video-preview:-1"},"canonical":"https:\/\/buenavita.fr\/boutique\/boutique\/intenso-elegante-intense-x10-compatible-nespresso\/","og_locale":"fr_FR","og_type":"article","og_title":"Intenso - Caf\u00e9 Intense x10 Compatible Nespresso - Buenavita","og_description":"10 capsules de caf\u00e9 100% compostables compatibles avec les machines \u00e0 caf\u00e9 Nespresso. 100% SANS PLASTIQUE Un caf\u00e9 50% Arabica et 50% Robusta, un m\u00e9lange de haute qualit\u00e9 qui garantit\u00a0une boisson au caf\u00e9 exceptionnelle qui satisfait m\u00eame les palais les plus exigeants, d\u00e9sormais dans une capsule compostable pratique. Intenso est un caf\u00e9 qui se distingue &hellip; Continuer la lecture de &laquo;&nbsp;Intenso &#8211; Caf\u00e9 Intense x10 Compatible Nespresso&nbsp;&raquo;","og_url":"https:\/\/buenavita.fr\/boutique\/boutique\/intenso-elegante-intense-x10-compatible-nespresso\/","og_site_name":"Buenavita","article_publisher":"https:\/\/www.facebook.com\/buenavita.cafe\/","article_modified_time":"2025-09-16T08:25:25+00:00","og_image":[{"width":348,"height":502,"url":"https:\/\/buenavita.fr\/wp-content\/uploads\/2024\/12\/Capsules-intenso-1.png","type":"image\/png"}],"twitter_card":"summary_large_image","twitter_site":"@CafeBuenavita","twitter_misc":{"Dur\u00e9e de lecture estim\u00e9e":"2 minutes"},"schema":{"@context":"https:\/\/schema.org","@graph":[{"@type":"WebPage","@id":"https:\/\/buenavita.fr\/boutique\/boutique\/intenso-elegante-intense-x10-compatible-nespresso\/","url":"https:\/\/buenavita.fr\/boutique\/boutique\/intenso-elegante-intense-x10-compatible-nespresso\/","name":"Intenso - Caf\u00e9 Intense x10 Compatible Nespresso - Buenavita","isPartOf":{"@id":"https:\/\/buenavita.fr\/boutique\/#website"},"primaryImageOfPage":{"@id":"https:\/\/buenavita.fr\/boutique\/boutique\/intenso-elegante-intense-x10-compatible-nespresso\/#primaryimage"},"image":{"@id":"https:\/\/buenavita.fr\/boutique\/boutique\/intenso-elegante-intense-x10-compatible-nespresso\/#primaryimage"},"thumbnailUrl":"https:\/\/buenavita.fr\/wp-content\/uploads\/2024\/12\/Capsules-intenso-1.png","datePublished":"2024-12-05T11:51:49+00:00","dateModified":"2025-09-16T08:25:25+00:00","breadcrumb":{"@id":"https:\/\/buenavita.fr\/boutique\/boutique\/intenso-elegante-intense-x10-compatible-nespresso\/#breadcrumb"},"inLanguage":"fr-FR","potentialAction":[{"@type":"ReadAction","target":["https:\/\/buenavita.fr\/boutique\/boutique\/intenso-elegante-intense-x10-compatible-nespresso\/"]}]},{"@type":"ImageObject","inLanguage":"fr-FR","@id":"https:\/\/buenavita.fr\/boutique\/boutique\/intenso-elegante-intense-x10-compatible-nespresso\/#primaryimage","url":"https:\/\/buenavita.fr\/wp-content\/uploads\/2024\/12\/Capsules-intenso-1.png","contentUrl":"https:\/\/buenavita.fr\/wp-content\/uploads\/2024\/12\/Capsules-intenso-1.png","width":348,"height":502},{"@type":"BreadcrumbList","@id":"https:\/\/buenavita.fr\/boutique\/boutique\/intenso-elegante-intense-x10-compatible-nespresso\/#breadcrumb","itemListElement":[{"@type":"ListItem","position":1,"name":"Accueil","item":"https:\/\/buenavita.fr\/boutique\/"},{"@type":"ListItem","position":2,"name":"Intenso &#8211; Caf\u00e9 Intense x10 Compatible Nespresso"}]},{"@type":"WebSite","@id":"https:\/\/buenavita.fr\/boutique\/#website","url":"https:\/\/buenavita.fr\/boutique\/","name":"Buenavita","description":"100% plaisir - sans allerg\u00e8ne - Eco responsable","potentialAction":[{"@type":"SearchAction","target":{"@type":"EntryPoint","urlTemplate":"https:\/\/buenavita.fr\/boutique\/?s={search_term_string}"},"query-input":{"@type":"PropertyValueSpecification","valueRequired":true,"valueName":"search_term_string"}}],"inLanguage":"fr-FR"}]}},"_links":{"self":[{"href":"https:\/\/buenavita.fr\/boutique\/wp-json\/wp\/v2\/product\/9192","targetHints":{"allow":["GET"]}}],"collection":[{"href":"https:\/\/buenavita.fr\/boutique\/wp-json\/wp\/v2\/product"}],"about":[{"href":"https:\/\/buenavita.fr\/boutique\/wp-json\/wp\/v2\/types\/product"}],"replies":[{"embeddable":true,"href":"https:\/\/buenavita.fr\/boutique\/wp-json\/wp\/v2\/comments?post=9192"}],"wp:featuredmedia":[{"embeddable":true,"href":"https:\/\/buenavita.fr\/boutique\/wp-json\/wp\/v2\/media\/9195"}],"wp:attachment":[{"href":"https:\/\/buenavita.fr\/boutique\/wp-json\/wp\/v2\/media?parent=9192"}],"wp:term":[{"taxonomy":"product_brand","embeddable":true,"href":"https:\/\/buenavita.fr\/boutique\/wp-json\/wp\/v2\/product_brand?post=9192"},{"taxonomy":"product_cat","embeddable":true,"href":"https:\/\/buenavita.fr\/boutique\/wp-json\/wp\/v2\/product_cat?post=9192"},{"taxonomy":"product_tag","embeddable":true,"href":"https:\/\/buenavita.fr\/boutique\/wp-json\/wp\/v2\/product_tag?post=9192"}],"curies":[{"name":"wp","href":"https:\/\/api.w.org\/{rel}","templated":true}]}}