{"id":9053,"date":"2024-01-05T12:59:43","date_gmt":"2024-01-05T11:59:43","guid":{"rendered":"https:\/\/buenavita.fr\/boutique\/?post_type=product&#038;p=9053"},"modified":"2025-09-15T14:09:47","modified_gmt":"2025-09-15T12:09:47","slug":"nuts-noix-amandes-miel-x20","status":"publish","type":"product","link":"https:\/\/buenavita.fr\/boutique\/boutique\/nuts-noix-amandes-miel-x20\/","title":{"rendered":"NUTS Noix, Amandes, Miel X20"},"content":{"rendered":"","protected":false},"excerpt":{"rendered":"<p>&nbsp;<\/p>\n<p>Plongez dans l&rsquo;exp\u00e9rience unique de notre Barre aux Noix, Amandes et Miel, une combinaison gourmande qui marie la richesse des noix, la douceur des amandes et la suavit\u00e9 du miel. Une pause \u00e9nerg\u00e9tique d\u00e9licieusement saine pour satisfaire vos envies tout en nourrissant votre corps.<\/p>\n","protected":false},"featured_media":9054,"comment_status":"closed","ping_status":"closed","template":"","meta":{"_acf_changed":false},"product_brand":[],"product_cat":[73],"product_tag":[],"class_list":{"0":"post-9053","1":"product","2":"type-product","3":"status-publish","4":"has-post-thumbnail","6":"product_cat-produit-heathly","8":"first","9":"instock","10":"taxable","11":"shipping-taxable","12":"purchasable","13":"product-type-simple"},"supplier_id":null,"supplier_sku":"","barcode":null,"atum_controlled":true,"out_stock_date":null,"out_stock_threshold":null,"inheritable":false,"inbound_stock":null,"stock_on_hold":1,"sold_today":0,"sales_last_days":0,"reserved_stock":null,"customer_returns":null,"warehouse_damage":null,"lost_in_post":null,"other_logs":null,"out_stock_days":0,"lost_sales":0,"has_location":false,"update_date":"2026-04-14T08:11:16","atum_locations":[],"atum_stock_status":"instock","restock_status":false,"low_stock_amount":"","sales_update_date":"2026-04-14T08:11:16","calc_backorders":null,"acf":[],"yoast_head":"<!-- This site is optimized with the Yoast SEO plugin v27.0 - https:\/\/yoast.com\/product\/yoast-seo-wordpress\/ -->\n<title>NUTS Noix, Amandes, Miel X20 - Buenavita<\/title>\n<meta name=\"robots\" content=\"index, follow, max-snippet:-1, max-image-preview:large, max-video-preview:-1\" \/>\n<link rel=\"canonical\" href=\"https:\/\/buenavita.fr\/boutique\/boutique\/nuts-noix-amandes-miel-x20\/\" \/>\n<meta property=\"og:locale\" content=\"fr_FR\" \/>\n<meta property=\"og:type\" content=\"article\" \/>\n<meta property=\"og:title\" content=\"NUTS Noix, Amandes, Miel X20 - Buenavita\" \/>\n<meta property=\"og:description\" content=\"&nbsp;  Plongez dans l&#039;exp\u00e9rience unique de notre Barre aux Noix, Amandes et Miel, une combinaison gourmande qui marie la richesse des noix, la douceur des amandes et la suavit\u00e9 du miel. Une pause \u00e9nerg\u00e9tique d\u00e9licieusement saine pour satisfaire vos envies tout en nourrissant votre corps.\" \/>\n<meta property=\"og:url\" content=\"https:\/\/buenavita.fr\/boutique\/boutique\/nuts-noix-amandes-miel-x20\/\" \/>\n<meta property=\"og:site_name\" content=\"Buenavita\" \/>\n<meta property=\"article:publisher\" content=\"https:\/\/www.facebook.com\/buenavita.cafe\/\" \/>\n<meta property=\"article:modified_time\" content=\"2025-09-15T12:09:47+00:00\" \/>\n<meta property=\"og:image\" content=\"https:\/\/buenavita.fr\/wp-content\/uploads\/2024\/01\/nuts-noix-amande-miel--e1704470370113.png\" \/>\n\t<meta property=\"og:image:width\" content=\"516\" \/>\n\t<meta property=\"og:image:height\" content=\"784\" \/>\n\t<meta property=\"og:image:type\" content=\"image\/png\" \/>\n<meta name=\"twitter:card\" content=\"summary_large_image\" \/>\n<meta name=\"twitter:site\" content=\"@CafeBuenavita\" \/>\n<script type=\"application\/ld+json\" class=\"yoast-schema-graph\">{\"@context\":\"https:\/\/schema.org\",\"@graph\":[{\"@type\":\"WebPage\",\"@id\":\"https:\/\/buenavita.fr\/boutique\/boutique\/nuts-noix-amandes-miel-x20\/\",\"url\":\"https:\/\/buenavita.fr\/boutique\/boutique\/nuts-noix-amandes-miel-x20\/\",\"name\":\"NUTS Noix, Amandes, Miel X20 - Buenavita\",\"isPartOf\":{\"@id\":\"https:\/\/buenavita.fr\/boutique\/#website\"},\"primaryImageOfPage\":{\"@id\":\"https:\/\/buenavita.fr\/boutique\/boutique\/nuts-noix-amandes-miel-x20\/#primaryimage\"},\"image\":{\"@id\":\"https:\/\/buenavita.fr\/boutique\/boutique\/nuts-noix-amandes-miel-x20\/#primaryimage\"},\"thumbnailUrl\":\"https:\/\/buenavita.fr\/wp-content\/uploads\/2024\/01\/nuts-noix-amande-miel--e1704470370113.png\",\"datePublished\":\"2024-01-05T11:59:43+00:00\",\"dateModified\":\"2025-09-15T12:09:47+00:00\",\"breadcrumb\":{\"@id\":\"https:\/\/buenavita.fr\/boutique\/boutique\/nuts-noix-amandes-miel-x20\/#breadcrumb\"},\"inLanguage\":\"fr-FR\",\"potentialAction\":[{\"@type\":\"ReadAction\",\"target\":[\"https:\/\/buenavita.fr\/boutique\/boutique\/nuts-noix-amandes-miel-x20\/\"]}]},{\"@type\":\"ImageObject\",\"inLanguage\":\"fr-FR\",\"@id\":\"https:\/\/buenavita.fr\/boutique\/boutique\/nuts-noix-amandes-miel-x20\/#primaryimage\",\"url\":\"https:\/\/buenavita.fr\/wp-content\/uploads\/2024\/01\/nuts-noix-amande-miel--e1704470370113.png\",\"contentUrl\":\"https:\/\/buenavita.fr\/wp-content\/uploads\/2024\/01\/nuts-noix-amande-miel--e1704470370113.png\",\"width\":516,\"height\":784,\"caption\":\"nuts noix amande miel\"},{\"@type\":\"BreadcrumbList\",\"@id\":\"https:\/\/buenavita.fr\/boutique\/boutique\/nuts-noix-amandes-miel-x20\/#breadcrumb\",\"itemListElement\":[{\"@type\":\"ListItem\",\"position\":1,\"name\":\"Accueil\",\"item\":\"https:\/\/buenavita.fr\/boutique\/\"},{\"@type\":\"ListItem\",\"position\":2,\"name\":\"NUTS Noix, Amandes, Miel X20\"}]},{\"@type\":\"WebSite\",\"@id\":\"https:\/\/buenavita.fr\/boutique\/#website\",\"url\":\"https:\/\/buenavita.fr\/boutique\/\",\"name\":\"Buenavita\",\"description\":\"100% plaisir - sans allerg\u00e8ne - Eco responsable\",\"potentialAction\":[{\"@type\":\"SearchAction\",\"target\":{\"@type\":\"EntryPoint\",\"urlTemplate\":\"https:\/\/buenavita.fr\/boutique\/?s={search_term_string}\"},\"query-input\":{\"@type\":\"PropertyValueSpecification\",\"valueRequired\":true,\"valueName\":\"search_term_string\"}}],\"inLanguage\":\"fr-FR\"}]}<\/script>\n<!-- \/ Yoast SEO plugin. -->","yoast_head_json":{"title":"NUTS Noix, Amandes, Miel X20 - Buenavita","robots":{"index":"index","follow":"follow","max-snippet":"max-snippet:-1","max-image-preview":"max-image-preview:large","max-video-preview":"max-video-preview:-1"},"canonical":"https:\/\/buenavita.fr\/boutique\/boutique\/nuts-noix-amandes-miel-x20\/","og_locale":"fr_FR","og_type":"article","og_title":"NUTS Noix, Amandes, Miel X20 - Buenavita","og_description":"&nbsp;  Plongez dans l'exp\u00e9rience unique de notre Barre aux Noix, Amandes et Miel, une combinaison gourmande qui marie la richesse des noix, la douceur des amandes et la suavit\u00e9 du miel. Une pause \u00e9nerg\u00e9tique d\u00e9licieusement saine pour satisfaire vos envies tout en nourrissant votre corps.","og_url":"https:\/\/buenavita.fr\/boutique\/boutique\/nuts-noix-amandes-miel-x20\/","og_site_name":"Buenavita","article_publisher":"https:\/\/www.facebook.com\/buenavita.cafe\/","article_modified_time":"2025-09-15T12:09:47+00:00","og_image":[{"width":516,"height":784,"url":"https:\/\/buenavita.fr\/wp-content\/uploads\/2024\/01\/nuts-noix-amande-miel--e1704470370113.png","type":"image\/png"}],"twitter_card":"summary_large_image","twitter_site":"@CafeBuenavita","schema":{"@context":"https:\/\/schema.org","@graph":[{"@type":"WebPage","@id":"https:\/\/buenavita.fr\/boutique\/boutique\/nuts-noix-amandes-miel-x20\/","url":"https:\/\/buenavita.fr\/boutique\/boutique\/nuts-noix-amandes-miel-x20\/","name":"NUTS Noix, Amandes, Miel X20 - Buenavita","isPartOf":{"@id":"https:\/\/buenavita.fr\/boutique\/#website"},"primaryImageOfPage":{"@id":"https:\/\/buenavita.fr\/boutique\/boutique\/nuts-noix-amandes-miel-x20\/#primaryimage"},"image":{"@id":"https:\/\/buenavita.fr\/boutique\/boutique\/nuts-noix-amandes-miel-x20\/#primaryimage"},"thumbnailUrl":"https:\/\/buenavita.fr\/wp-content\/uploads\/2024\/01\/nuts-noix-amande-miel--e1704470370113.png","datePublished":"2024-01-05T11:59:43+00:00","dateModified":"2025-09-15T12:09:47+00:00","breadcrumb":{"@id":"https:\/\/buenavita.fr\/boutique\/boutique\/nuts-noix-amandes-miel-x20\/#breadcrumb"},"inLanguage":"fr-FR","potentialAction":[{"@type":"ReadAction","target":["https:\/\/buenavita.fr\/boutique\/boutique\/nuts-noix-amandes-miel-x20\/"]}]},{"@type":"ImageObject","inLanguage":"fr-FR","@id":"https:\/\/buenavita.fr\/boutique\/boutique\/nuts-noix-amandes-miel-x20\/#primaryimage","url":"https:\/\/buenavita.fr\/wp-content\/uploads\/2024\/01\/nuts-noix-amande-miel--e1704470370113.png","contentUrl":"https:\/\/buenavita.fr\/wp-content\/uploads\/2024\/01\/nuts-noix-amande-miel--e1704470370113.png","width":516,"height":784,"caption":"nuts noix amande miel"},{"@type":"BreadcrumbList","@id":"https:\/\/buenavita.fr\/boutique\/boutique\/nuts-noix-amandes-miel-x20\/#breadcrumb","itemListElement":[{"@type":"ListItem","position":1,"name":"Accueil","item":"https:\/\/buenavita.fr\/boutique\/"},{"@type":"ListItem","position":2,"name":"NUTS Noix, Amandes, Miel X20"}]},{"@type":"WebSite","@id":"https:\/\/buenavita.fr\/boutique\/#website","url":"https:\/\/buenavita.fr\/boutique\/","name":"Buenavita","description":"100% plaisir - sans allerg\u00e8ne - Eco responsable","potentialAction":[{"@type":"SearchAction","target":{"@type":"EntryPoint","urlTemplate":"https:\/\/buenavita.fr\/boutique\/?s={search_term_string}"},"query-input":{"@type":"PropertyValueSpecification","valueRequired":true,"valueName":"search_term_string"}}],"inLanguage":"fr-FR"}]}},"_links":{"self":[{"href":"https:\/\/buenavita.fr\/boutique\/wp-json\/wp\/v2\/product\/9053","targetHints":{"allow":["GET"]}}],"collection":[{"href":"https:\/\/buenavita.fr\/boutique\/wp-json\/wp\/v2\/product"}],"about":[{"href":"https:\/\/buenavita.fr\/boutique\/wp-json\/wp\/v2\/types\/product"}],"replies":[{"embeddable":true,"href":"https:\/\/buenavita.fr\/boutique\/wp-json\/wp\/v2\/comments?post=9053"}],"wp:featuredmedia":[{"embeddable":true,"href":"https:\/\/buenavita.fr\/boutique\/wp-json\/wp\/v2\/media\/9054"}],"wp:attachment":[{"href":"https:\/\/buenavita.fr\/boutique\/wp-json\/wp\/v2\/media?parent=9053"}],"wp:term":[{"taxonomy":"product_brand","embeddable":true,"href":"https:\/\/buenavita.fr\/boutique\/wp-json\/wp\/v2\/product_brand?post=9053"},{"taxonomy":"product_cat","embeddable":true,"href":"https:\/\/buenavita.fr\/boutique\/wp-json\/wp\/v2\/product_cat?post=9053"},{"taxonomy":"product_tag","embeddable":true,"href":"https:\/\/buenavita.fr\/boutique\/wp-json\/wp\/v2\/product_tag?post=9053"}],"curies":[{"name":"wp","href":"https:\/\/api.w.org\/{rel}","templated":true}]}}