{"id":9047,"date":"2024-01-05T12:23:42","date_gmt":"2024-01-05T11:23:42","guid":{"rendered":"https:\/\/buenavita.fr\/boutique\/?post_type=product&#038;p=9047"},"modified":"2025-09-15T14:11:15","modified_gmt":"2025-09-15T12:11:15","slug":"barre-cereale-granola-chocolat-x30","status":"publish","type":"product","link":"https:\/\/buenavita.fr\/boutique\/boutique\/barre-cereale-granola-chocolat-x30\/","title":{"rendered":"Barre c\u00e9r\u00e9ale Granola chocolat x30"},"content":{"rendered":"","protected":false},"excerpt":{"rendered":"<p>Plongez dans l&rsquo;irr\u00e9sistible avec notre Barre C\u00e9r\u00e9ale Granola Chocolat, une cr\u00e9ation d\u00e9cadente qui allie la richesse du chocolat aux bienfaits \u00e9nerg\u00e9tiques des c\u00e9r\u00e9ales compl\u00e8tes. Une exp\u00e9rience de snacking croustillante et satisfaisante, parfaite pour combler vos envies tout au long de la journ\u00e9e.<\/p>\n","protected":false},"featured_media":9048,"comment_status":"closed","ping_status":"closed","template":"","meta":{"_acf_changed":false},"product_brand":[],"product_cat":[73],"product_tag":[],"class_list":{"0":"post-9047","1":"product","2":"type-product","3":"status-publish","4":"has-post-thumbnail","6":"product_cat-produit-heathly","8":"first","9":"instock","10":"taxable","11":"shipping-taxable","12":"purchasable","13":"product-type-simple"},"supplier_id":null,"supplier_sku":"","barcode":null,"atum_controlled":true,"out_stock_date":null,"out_stock_threshold":null,"inheritable":false,"inbound_stock":null,"stock_on_hold":0,"sold_today":0,"sales_last_days":0,"reserved_stock":null,"customer_returns":null,"warehouse_damage":null,"lost_in_post":null,"other_logs":null,"out_stock_days":0,"lost_sales":0,"has_location":false,"update_date":"2026-04-16T02:22:53","atum_locations":[],"atum_stock_status":"instock","restock_status":false,"low_stock_amount":"","sales_update_date":"2026-04-16T02:22:53","calc_backorders":null,"acf":[],"yoast_head":"<!-- This site is optimized with the Yoast SEO plugin v27.0 - https:\/\/yoast.com\/product\/yoast-seo-wordpress\/ -->\n<title>Barre c\u00e9r\u00e9ale Granola chocolat x30 - Buenavita<\/title>\n<meta name=\"description\" content=\"Barre c\u00e9r\u00e9ale Granola chocolat\" \/>\n<meta name=\"robots\" content=\"index, follow, max-snippet:-1, max-image-preview:large, max-video-preview:-1\" \/>\n<link rel=\"canonical\" href=\"https:\/\/buenavita.fr\/boutique\/boutique\/barre-cereale-granola-chocolat-x30\/\" \/>\n<meta property=\"og:locale\" content=\"fr_FR\" \/>\n<meta property=\"og:type\" content=\"article\" \/>\n<meta property=\"og:title\" content=\"Barre c\u00e9r\u00e9ale Granola chocolat x30 - Buenavita\" \/>\n<meta property=\"og:description\" content=\"Barre c\u00e9r\u00e9ale Granola chocolat\" \/>\n<meta property=\"og:url\" content=\"https:\/\/buenavita.fr\/boutique\/boutique\/barre-cereale-granola-chocolat-x30\/\" \/>\n<meta property=\"og:site_name\" content=\"Buenavita\" \/>\n<meta property=\"article:publisher\" content=\"https:\/\/www.facebook.com\/buenavita.cafe\/\" \/>\n<meta property=\"article:modified_time\" content=\"2025-09-15T12:11:15+00:00\" \/>\n<meta property=\"og:image\" content=\"https:\/\/buenavita.fr\/wp-content\/uploads\/2024\/01\/granola-chocolat.png\" \/>\n\t<meta property=\"og:image:width\" content=\"761\" \/>\n\t<meta property=\"og:image:height\" content=\"418\" \/>\n\t<meta property=\"og:image:type\" content=\"image\/png\" \/>\n<meta name=\"twitter:card\" content=\"summary_large_image\" \/>\n<meta name=\"twitter:site\" content=\"@CafeBuenavita\" \/>\n<script type=\"application\/ld+json\" class=\"yoast-schema-graph\">{\"@context\":\"https:\/\/schema.org\",\"@graph\":[{\"@type\":\"WebPage\",\"@id\":\"https:\/\/buenavita.fr\/boutique\/boutique\/barre-cereale-granola-chocolat-x30\/\",\"url\":\"https:\/\/buenavita.fr\/boutique\/boutique\/barre-cereale-granola-chocolat-x30\/\",\"name\":\"Barre c\u00e9r\u00e9ale Granola chocolat x30 - Buenavita\",\"isPartOf\":{\"@id\":\"https:\/\/buenavita.fr\/boutique\/#website\"},\"primaryImageOfPage\":{\"@id\":\"https:\/\/buenavita.fr\/boutique\/boutique\/barre-cereale-granola-chocolat-x30\/#primaryimage\"},\"image\":{\"@id\":\"https:\/\/buenavita.fr\/boutique\/boutique\/barre-cereale-granola-chocolat-x30\/#primaryimage\"},\"thumbnailUrl\":\"https:\/\/buenavita.fr\/wp-content\/uploads\/2024\/01\/granola-chocolat.png\",\"datePublished\":\"2024-01-05T11:23:42+00:00\",\"dateModified\":\"2025-09-15T12:11:15+00:00\",\"description\":\"Barre c\u00e9r\u00e9ale Granola chocolat\",\"breadcrumb\":{\"@id\":\"https:\/\/buenavita.fr\/boutique\/boutique\/barre-cereale-granola-chocolat-x30\/#breadcrumb\"},\"inLanguage\":\"fr-FR\",\"potentialAction\":[{\"@type\":\"ReadAction\",\"target\":[\"https:\/\/buenavita.fr\/boutique\/boutique\/barre-cereale-granola-chocolat-x30\/\"]}]},{\"@type\":\"ImageObject\",\"inLanguage\":\"fr-FR\",\"@id\":\"https:\/\/buenavita.fr\/boutique\/boutique\/barre-cereale-granola-chocolat-x30\/#primaryimage\",\"url\":\"https:\/\/buenavita.fr\/wp-content\/uploads\/2024\/01\/granola-chocolat.png\",\"contentUrl\":\"https:\/\/buenavita.fr\/wp-content\/uploads\/2024\/01\/granola-chocolat.png\",\"width\":761,\"height\":418,\"caption\":\"granola chocolat\"},{\"@type\":\"BreadcrumbList\",\"@id\":\"https:\/\/buenavita.fr\/boutique\/boutique\/barre-cereale-granola-chocolat-x30\/#breadcrumb\",\"itemListElement\":[{\"@type\":\"ListItem\",\"position\":1,\"name\":\"Accueil\",\"item\":\"https:\/\/buenavita.fr\/boutique\/\"},{\"@type\":\"ListItem\",\"position\":2,\"name\":\"Barre c\u00e9r\u00e9ale Granola chocolat x30\"}]},{\"@type\":\"WebSite\",\"@id\":\"https:\/\/buenavita.fr\/boutique\/#website\",\"url\":\"https:\/\/buenavita.fr\/boutique\/\",\"name\":\"Buenavita\",\"description\":\"100% plaisir - sans allerg\u00e8ne - Eco responsable\",\"potentialAction\":[{\"@type\":\"SearchAction\",\"target\":{\"@type\":\"EntryPoint\",\"urlTemplate\":\"https:\/\/buenavita.fr\/boutique\/?s={search_term_string}\"},\"query-input\":{\"@type\":\"PropertyValueSpecification\",\"valueRequired\":true,\"valueName\":\"search_term_string\"}}],\"inLanguage\":\"fr-FR\"}]}<\/script>\n<!-- \/ Yoast SEO plugin. -->","yoast_head_json":{"title":"Barre c\u00e9r\u00e9ale Granola chocolat x30 - Buenavita","description":"Barre c\u00e9r\u00e9ale Granola chocolat","robots":{"index":"index","follow":"follow","max-snippet":"max-snippet:-1","max-image-preview":"max-image-preview:large","max-video-preview":"max-video-preview:-1"},"canonical":"https:\/\/buenavita.fr\/boutique\/boutique\/barre-cereale-granola-chocolat-x30\/","og_locale":"fr_FR","og_type":"article","og_title":"Barre c\u00e9r\u00e9ale Granola chocolat x30 - Buenavita","og_description":"Barre c\u00e9r\u00e9ale Granola chocolat","og_url":"https:\/\/buenavita.fr\/boutique\/boutique\/barre-cereale-granola-chocolat-x30\/","og_site_name":"Buenavita","article_publisher":"https:\/\/www.facebook.com\/buenavita.cafe\/","article_modified_time":"2025-09-15T12:11:15+00:00","og_image":[{"width":761,"height":418,"url":"https:\/\/buenavita.fr\/wp-content\/uploads\/2024\/01\/granola-chocolat.png","type":"image\/png"}],"twitter_card":"summary_large_image","twitter_site":"@CafeBuenavita","schema":{"@context":"https:\/\/schema.org","@graph":[{"@type":"WebPage","@id":"https:\/\/buenavita.fr\/boutique\/boutique\/barre-cereale-granola-chocolat-x30\/","url":"https:\/\/buenavita.fr\/boutique\/boutique\/barre-cereale-granola-chocolat-x30\/","name":"Barre c\u00e9r\u00e9ale Granola chocolat x30 - Buenavita","isPartOf":{"@id":"https:\/\/buenavita.fr\/boutique\/#website"},"primaryImageOfPage":{"@id":"https:\/\/buenavita.fr\/boutique\/boutique\/barre-cereale-granola-chocolat-x30\/#primaryimage"},"image":{"@id":"https:\/\/buenavita.fr\/boutique\/boutique\/barre-cereale-granola-chocolat-x30\/#primaryimage"},"thumbnailUrl":"https:\/\/buenavita.fr\/wp-content\/uploads\/2024\/01\/granola-chocolat.png","datePublished":"2024-01-05T11:23:42+00:00","dateModified":"2025-09-15T12:11:15+00:00","description":"Barre c\u00e9r\u00e9ale Granola chocolat","breadcrumb":{"@id":"https:\/\/buenavita.fr\/boutique\/boutique\/barre-cereale-granola-chocolat-x30\/#breadcrumb"},"inLanguage":"fr-FR","potentialAction":[{"@type":"ReadAction","target":["https:\/\/buenavita.fr\/boutique\/boutique\/barre-cereale-granola-chocolat-x30\/"]}]},{"@type":"ImageObject","inLanguage":"fr-FR","@id":"https:\/\/buenavita.fr\/boutique\/boutique\/barre-cereale-granola-chocolat-x30\/#primaryimage","url":"https:\/\/buenavita.fr\/wp-content\/uploads\/2024\/01\/granola-chocolat.png","contentUrl":"https:\/\/buenavita.fr\/wp-content\/uploads\/2024\/01\/granola-chocolat.png","width":761,"height":418,"caption":"granola chocolat"},{"@type":"BreadcrumbList","@id":"https:\/\/buenavita.fr\/boutique\/boutique\/barre-cereale-granola-chocolat-x30\/#breadcrumb","itemListElement":[{"@type":"ListItem","position":1,"name":"Accueil","item":"https:\/\/buenavita.fr\/boutique\/"},{"@type":"ListItem","position":2,"name":"Barre c\u00e9r\u00e9ale Granola chocolat x30"}]},{"@type":"WebSite","@id":"https:\/\/buenavita.fr\/boutique\/#website","url":"https:\/\/buenavita.fr\/boutique\/","name":"Buenavita","description":"100% plaisir - sans allerg\u00e8ne - Eco responsable","potentialAction":[{"@type":"SearchAction","target":{"@type":"EntryPoint","urlTemplate":"https:\/\/buenavita.fr\/boutique\/?s={search_term_string}"},"query-input":{"@type":"PropertyValueSpecification","valueRequired":true,"valueName":"search_term_string"}}],"inLanguage":"fr-FR"}]}},"_links":{"self":[{"href":"https:\/\/buenavita.fr\/boutique\/wp-json\/wp\/v2\/product\/9047","targetHints":{"allow":["GET"]}}],"collection":[{"href":"https:\/\/buenavita.fr\/boutique\/wp-json\/wp\/v2\/product"}],"about":[{"href":"https:\/\/buenavita.fr\/boutique\/wp-json\/wp\/v2\/types\/product"}],"replies":[{"embeddable":true,"href":"https:\/\/buenavita.fr\/boutique\/wp-json\/wp\/v2\/comments?post=9047"}],"wp:featuredmedia":[{"embeddable":true,"href":"https:\/\/buenavita.fr\/boutique\/wp-json\/wp\/v2\/media\/9048"}],"wp:attachment":[{"href":"https:\/\/buenavita.fr\/boutique\/wp-json\/wp\/v2\/media?parent=9047"}],"wp:term":[{"taxonomy":"product_brand","embeddable":true,"href":"https:\/\/buenavita.fr\/boutique\/wp-json\/wp\/v2\/product_brand?post=9047"},{"taxonomy":"product_cat","embeddable":true,"href":"https:\/\/buenavita.fr\/boutique\/wp-json\/wp\/v2\/product_cat?post=9047"},{"taxonomy":"product_tag","embeddable":true,"href":"https:\/\/buenavita.fr\/boutique\/wp-json\/wp\/v2\/product_tag?post=9047"}],"curies":[{"name":"wp","href":"https:\/\/api.w.org\/{rel}","templated":true}]}}