{"id":9044,"date":"2024-01-05T12:02:53","date_gmt":"2024-01-05T11:02:53","guid":{"rendered":"https:\/\/buenavita.fr\/boutique\/?post_type=product&#038;p=9044"},"modified":"2025-09-15T14:11:34","modified_gmt":"2025-09-15T12:11:34","slug":"granola-mix-de-fruit-x30-barres","status":"publish","type":"product","link":"https:\/\/buenavita.fr\/boutique\/boutique\/granola-mix-de-fruit-x30-barres\/","title":{"rendered":"Barre c\u00e9r\u00e9ale Granola Mix de fruit x30 Barres"},"content":{"rendered":"","protected":false},"excerpt":{"rendered":"<p>Explorez une explosion de saveurs et de bienfaits nutritionnels avec notre Granola Mix de Fruits exquis. Un m\u00e9lange \u00e9quilibr\u00e9 de c\u00e9r\u00e9ales croustillantes, de fruits s\u00e9ch\u00e9s naturels, cette cr\u00e9ation artisanale vous transporte vers une exp\u00e9rience saine et d\u00e9licieuse.<\/p>\n","protected":false},"featured_media":9045,"comment_status":"closed","ping_status":"closed","template":"","meta":{"_acf_changed":false},"product_brand":[],"product_cat":[73],"product_tag":[],"class_list":{"0":"post-9044","1":"product","2":"type-product","3":"status-publish","4":"has-post-thumbnail","6":"product_cat-produit-heathly","8":"first","9":"instock","10":"taxable","11":"shipping-taxable","12":"purchasable","13":"product-type-simple"},"supplier_id":null,"supplier_sku":"","barcode":null,"atum_controlled":true,"out_stock_date":null,"out_stock_threshold":null,"inheritable":false,"inbound_stock":null,"stock_on_hold":1,"sold_today":0,"sales_last_days":0,"reserved_stock":null,"customer_returns":null,"warehouse_damage":null,"lost_in_post":null,"other_logs":null,"out_stock_days":0,"lost_sales":0,"has_location":false,"update_date":"2026-05-09T03:41:49","atum_locations":[],"atum_stock_status":"instock","restock_status":false,"low_stock_amount":"","sales_update_date":"2026-05-09T03:41:49","calc_backorders":null,"acf":[],"yoast_head":"<!-- This site is optimized with the Yoast SEO plugin v27.5 - https:\/\/yoast.com\/product\/yoast-seo-wordpress\/ -->\n<title>Barre c\u00e9r\u00e9ale Granola Mix de fruit x30 Barres - Buenavita<\/title>\n<meta name=\"robots\" content=\"index, follow, max-snippet:-1, max-image-preview:large, max-video-preview:-1\" \/>\n<link rel=\"canonical\" href=\"https:\/\/buenavita.fr\/boutique\/boutique\/granola-mix-de-fruit-x30-barres\/\" \/>\n<meta property=\"og:locale\" content=\"fr_FR\" \/>\n<meta property=\"og:type\" content=\"article\" \/>\n<meta property=\"og:title\" content=\"Barre c\u00e9r\u00e9ale Granola Mix de fruit x30 Barres - Buenavita\" \/>\n<meta property=\"og:description\" content=\"Explorez une explosion de saveurs et de bienfaits nutritionnels avec notre Granola Mix de Fruits exquis. Un m\u00e9lange \u00e9quilibr\u00e9 de c\u00e9r\u00e9ales croustillantes, de fruits s\u00e9ch\u00e9s naturels, cette cr\u00e9ation artisanale vous transporte vers une exp\u00e9rience saine et d\u00e9licieuse.\" \/>\n<meta property=\"og:url\" content=\"https:\/\/buenavita.fr\/boutique\/boutique\/granola-mix-de-fruit-x30-barres\/\" \/>\n<meta property=\"og:site_name\" content=\"Buenavita\" \/>\n<meta property=\"article:publisher\" content=\"https:\/\/www.facebook.com\/buenavita.cafe\/\" \/>\n<meta property=\"article:modified_time\" content=\"2025-09-15T12:11:34+00:00\" \/>\n<meta property=\"og:image\" content=\"https:\/\/buenavita.fr\/wp-content\/uploads\/2024\/01\/GRANOLA-MIX-DE-FRUIT.png\" \/>\n\t<meta property=\"og:image:width\" content=\"776\" \/>\n\t<meta property=\"og:image:height\" content=\"450\" \/>\n\t<meta property=\"og:image:type\" content=\"image\/png\" \/>\n<meta name=\"twitter:card\" content=\"summary_large_image\" \/>\n<meta name=\"twitter:site\" content=\"@CafeBuenavita\" \/>\n<script type=\"application\/ld+json\" class=\"yoast-schema-graph\">{\"@context\":\"https:\\\/\\\/schema.org\",\"@graph\":[{\"@type\":\"WebPage\",\"@id\":\"https:\\\/\\\/buenavita.fr\\\/boutique\\\/boutique\\\/granola-mix-de-fruit-x30-barres\\\/\",\"url\":\"https:\\\/\\\/buenavita.fr\\\/boutique\\\/boutique\\\/granola-mix-de-fruit-x30-barres\\\/\",\"name\":\"Barre c\u00e9r\u00e9ale Granola Mix de fruit x30 Barres - Buenavita\",\"isPartOf\":{\"@id\":\"https:\\\/\\\/buenavita.fr\\\/boutique\\\/#website\"},\"primaryImageOfPage\":{\"@id\":\"https:\\\/\\\/buenavita.fr\\\/boutique\\\/boutique\\\/granola-mix-de-fruit-x30-barres\\\/#primaryimage\"},\"image\":{\"@id\":\"https:\\\/\\\/buenavita.fr\\\/boutique\\\/boutique\\\/granola-mix-de-fruit-x30-barres\\\/#primaryimage\"},\"thumbnailUrl\":\"https:\\\/\\\/buenavita.fr\\\/wp-content\\\/uploads\\\/2024\\\/01\\\/GRANOLA-MIX-DE-FRUIT.png\",\"datePublished\":\"2024-01-05T11:02:53+00:00\",\"dateModified\":\"2025-09-15T12:11:34+00:00\",\"breadcrumb\":{\"@id\":\"https:\\\/\\\/buenavita.fr\\\/boutique\\\/boutique\\\/granola-mix-de-fruit-x30-barres\\\/#breadcrumb\"},\"inLanguage\":\"fr-FR\",\"potentialAction\":[{\"@type\":\"ReadAction\",\"target\":[\"https:\\\/\\\/buenavita.fr\\\/boutique\\\/boutique\\\/granola-mix-de-fruit-x30-barres\\\/\"]}]},{\"@type\":\"ImageObject\",\"inLanguage\":\"fr-FR\",\"@id\":\"https:\\\/\\\/buenavita.fr\\\/boutique\\\/boutique\\\/granola-mix-de-fruit-x30-barres\\\/#primaryimage\",\"url\":\"https:\\\/\\\/buenavita.fr\\\/wp-content\\\/uploads\\\/2024\\\/01\\\/GRANOLA-MIX-DE-FRUIT.png\",\"contentUrl\":\"https:\\\/\\\/buenavita.fr\\\/wp-content\\\/uploads\\\/2024\\\/01\\\/GRANOLA-MIX-DE-FRUIT.png\",\"width\":776,\"height\":450,\"caption\":\"GRANOLA MIX DE FRUIT\"},{\"@type\":\"BreadcrumbList\",\"@id\":\"https:\\\/\\\/buenavita.fr\\\/boutique\\\/boutique\\\/granola-mix-de-fruit-x30-barres\\\/#breadcrumb\",\"itemListElement\":[{\"@type\":\"ListItem\",\"position\":1,\"name\":\"Accueil\",\"item\":\"https:\\\/\\\/buenavita.fr\\\/boutique\\\/\"},{\"@type\":\"ListItem\",\"position\":2,\"name\":\"Barre c\u00e9r\u00e9ale Granola Mix de fruit x30 Barres\"}]},{\"@type\":\"WebSite\",\"@id\":\"https:\\\/\\\/buenavita.fr\\\/boutique\\\/#website\",\"url\":\"https:\\\/\\\/buenavita.fr\\\/boutique\\\/\",\"name\":\"Buenavita\",\"description\":\"100% plaisir - sans allerg\u00e8ne - Eco responsable\",\"potentialAction\":[{\"@type\":\"SearchAction\",\"target\":{\"@type\":\"EntryPoint\",\"urlTemplate\":\"https:\\\/\\\/buenavita.fr\\\/boutique\\\/?s={search_term_string}\"},\"query-input\":{\"@type\":\"PropertyValueSpecification\",\"valueRequired\":true,\"valueName\":\"search_term_string\"}}],\"inLanguage\":\"fr-FR\"}]}<\/script>\n<!-- \/ Yoast SEO plugin. -->","yoast_head_json":{"title":"Barre c\u00e9r\u00e9ale Granola Mix de fruit x30 Barres - Buenavita","robots":{"index":"index","follow":"follow","max-snippet":"max-snippet:-1","max-image-preview":"max-image-preview:large","max-video-preview":"max-video-preview:-1"},"canonical":"https:\/\/buenavita.fr\/boutique\/boutique\/granola-mix-de-fruit-x30-barres\/","og_locale":"fr_FR","og_type":"article","og_title":"Barre c\u00e9r\u00e9ale Granola Mix de fruit x30 Barres - Buenavita","og_description":"Explorez une explosion de saveurs et de bienfaits nutritionnels avec notre Granola Mix de Fruits exquis. Un m\u00e9lange \u00e9quilibr\u00e9 de c\u00e9r\u00e9ales croustillantes, de fruits s\u00e9ch\u00e9s naturels, cette cr\u00e9ation artisanale vous transporte vers une exp\u00e9rience saine et d\u00e9licieuse.","og_url":"https:\/\/buenavita.fr\/boutique\/boutique\/granola-mix-de-fruit-x30-barres\/","og_site_name":"Buenavita","article_publisher":"https:\/\/www.facebook.com\/buenavita.cafe\/","article_modified_time":"2025-09-15T12:11:34+00:00","og_image":[{"width":776,"height":450,"url":"https:\/\/buenavita.fr\/wp-content\/uploads\/2024\/01\/GRANOLA-MIX-DE-FRUIT.png","type":"image\/png"}],"twitter_card":"summary_large_image","twitter_site":"@CafeBuenavita","schema":{"@context":"https:\/\/schema.org","@graph":[{"@type":"WebPage","@id":"https:\/\/buenavita.fr\/boutique\/boutique\/granola-mix-de-fruit-x30-barres\/","url":"https:\/\/buenavita.fr\/boutique\/boutique\/granola-mix-de-fruit-x30-barres\/","name":"Barre c\u00e9r\u00e9ale Granola Mix de fruit x30 Barres - Buenavita","isPartOf":{"@id":"https:\/\/buenavita.fr\/boutique\/#website"},"primaryImageOfPage":{"@id":"https:\/\/buenavita.fr\/boutique\/boutique\/granola-mix-de-fruit-x30-barres\/#primaryimage"},"image":{"@id":"https:\/\/buenavita.fr\/boutique\/boutique\/granola-mix-de-fruit-x30-barres\/#primaryimage"},"thumbnailUrl":"https:\/\/buenavita.fr\/wp-content\/uploads\/2024\/01\/GRANOLA-MIX-DE-FRUIT.png","datePublished":"2024-01-05T11:02:53+00:00","dateModified":"2025-09-15T12:11:34+00:00","breadcrumb":{"@id":"https:\/\/buenavita.fr\/boutique\/boutique\/granola-mix-de-fruit-x30-barres\/#breadcrumb"},"inLanguage":"fr-FR","potentialAction":[{"@type":"ReadAction","target":["https:\/\/buenavita.fr\/boutique\/boutique\/granola-mix-de-fruit-x30-barres\/"]}]},{"@type":"ImageObject","inLanguage":"fr-FR","@id":"https:\/\/buenavita.fr\/boutique\/boutique\/granola-mix-de-fruit-x30-barres\/#primaryimage","url":"https:\/\/buenavita.fr\/wp-content\/uploads\/2024\/01\/GRANOLA-MIX-DE-FRUIT.png","contentUrl":"https:\/\/buenavita.fr\/wp-content\/uploads\/2024\/01\/GRANOLA-MIX-DE-FRUIT.png","width":776,"height":450,"caption":"GRANOLA MIX DE FRUIT"},{"@type":"BreadcrumbList","@id":"https:\/\/buenavita.fr\/boutique\/boutique\/granola-mix-de-fruit-x30-barres\/#breadcrumb","itemListElement":[{"@type":"ListItem","position":1,"name":"Accueil","item":"https:\/\/buenavita.fr\/boutique\/"},{"@type":"ListItem","position":2,"name":"Barre c\u00e9r\u00e9ale Granola Mix de fruit x30 Barres"}]},{"@type":"WebSite","@id":"https:\/\/buenavita.fr\/boutique\/#website","url":"https:\/\/buenavita.fr\/boutique\/","name":"Buenavita","description":"100% plaisir - sans allerg\u00e8ne - Eco responsable","potentialAction":[{"@type":"SearchAction","target":{"@type":"EntryPoint","urlTemplate":"https:\/\/buenavita.fr\/boutique\/?s={search_term_string}"},"query-input":{"@type":"PropertyValueSpecification","valueRequired":true,"valueName":"search_term_string"}}],"inLanguage":"fr-FR"}]}},"_links":{"self":[{"href":"https:\/\/buenavita.fr\/boutique\/wp-json\/wp\/v2\/product\/9044","targetHints":{"allow":["GET"]}}],"collection":[{"href":"https:\/\/buenavita.fr\/boutique\/wp-json\/wp\/v2\/product"}],"about":[{"href":"https:\/\/buenavita.fr\/boutique\/wp-json\/wp\/v2\/types\/product"}],"replies":[{"embeddable":true,"href":"https:\/\/buenavita.fr\/boutique\/wp-json\/wp\/v2\/comments?post=9044"}],"wp:featuredmedia":[{"embeddable":true,"href":"https:\/\/buenavita.fr\/boutique\/wp-json\/wp\/v2\/media\/9045"}],"wp:attachment":[{"href":"https:\/\/buenavita.fr\/boutique\/wp-json\/wp\/v2\/media?parent=9044"}],"wp:term":[{"taxonomy":"product_brand","embeddable":true,"href":"https:\/\/buenavita.fr\/boutique\/wp-json\/wp\/v2\/product_brand?post=9044"},{"taxonomy":"product_cat","embeddable":true,"href":"https:\/\/buenavita.fr\/boutique\/wp-json\/wp\/v2\/product_cat?post=9044"},{"taxonomy":"product_tag","embeddable":true,"href":"https:\/\/buenavita.fr\/boutique\/wp-json\/wp\/v2\/product_tag?post=9044"}],"curies":[{"name":"wp","href":"https:\/\/api.w.org\/{rel}","templated":true}]}}