{"id":8979,"date":"2023-12-12T11:39:22","date_gmt":"2023-12-12T10:39:22","guid":{"rendered":"https:\/\/buenavita.fr\/boutique\/?post_type=product&#038;p=8979"},"modified":"2025-09-15T14:16:57","modified_gmt":"2025-09-15T12:16:57","slug":"protein-waffer-chocolat","status":"publish","type":"product","link":"https:\/\/buenavita.fr\/boutique\/boutique\/protein-waffer-chocolat\/","title":{"rendered":"Protein Wafer Chocolate x12 Barres"},"content":{"rendered":"<p>D\u00e9couvrez une d\u00e9licieuse fa\u00e7on de combiner plaisir et nutrition avec les Protein Waffer chocolat. Savourez chaque bouch\u00e9e croustillante.<\/p>\n","protected":false},"excerpt":{"rendered":"<p>D\u00e9couvrez une d\u00e9licieuse fa\u00e7on de combiner plaisir et nutrition avec les Protein Waffer chocolat. Savourez chaque bouch\u00e9e croustillante.<\/p>\n","protected":false},"featured_media":8980,"comment_status":"closed","ping_status":"closed","template":"","meta":{"_acf_changed":false},"product_brand":[],"product_cat":[71],"product_tag":[],"class_list":{"0":"post-8979","1":"product","2":"type-product","3":"status-publish","4":"has-post-thumbnail","6":"product_cat-produits-proteines","8":"first","9":"instock","10":"taxable","11":"shipping-taxable","12":"purchasable","13":"product-type-simple"},"supplier_id":null,"supplier_sku":"","barcode":null,"atum_controlled":true,"out_stock_date":null,"out_stock_threshold":null,"inheritable":false,"inbound_stock":null,"stock_on_hold":0,"sold_today":0,"sales_last_days":0,"reserved_stock":null,"customer_returns":null,"warehouse_damage":null,"lost_in_post":null,"other_logs":null,"out_stock_days":0,"lost_sales":0,"has_location":false,"update_date":"2026-04-19T02:29:59","atum_locations":[],"atum_stock_status":"instock","restock_status":false,"low_stock_amount":"","sales_update_date":"2026-04-19T02:29:59","calc_backorders":null,"acf":[],"yoast_head":"<!-- This site is optimized with the Yoast SEO plugin v27.0 - https:\/\/yoast.com\/product\/yoast-seo-wordpress\/ -->\n<title>Protein Waffer chocolat - Buenavita<\/title>\n<meta name=\"description\" content=\"D\u00e9couvrez une d\u00e9licieuse fa\u00e7on de combiner plaisir et nutrition avec les Protein Waffer chocolat. Savourez chaque bouch\u00e9e croustillante.\" \/>\n<meta name=\"robots\" content=\"index, follow, max-snippet:-1, max-image-preview:large, max-video-preview:-1\" \/>\n<link rel=\"canonical\" href=\"https:\/\/buenavita.fr\/boutique\/boutique\/protein-waffer-chocolat\/\" \/>\n<meta property=\"og:locale\" content=\"fr_FR\" \/>\n<meta property=\"og:type\" content=\"article\" \/>\n<meta property=\"og:title\" content=\"Protein Waffer chocolat - Buenavita\" \/>\n<meta property=\"og:description\" content=\"D\u00e9couvrez une d\u00e9licieuse fa\u00e7on de combiner plaisir et nutrition avec les Protein Waffer chocolat. Savourez chaque bouch\u00e9e croustillante.\" \/>\n<meta property=\"og:url\" content=\"https:\/\/buenavita.fr\/boutique\/boutique\/protein-waffer-chocolat\/\" \/>\n<meta property=\"og:site_name\" content=\"Buenavita\" \/>\n<meta property=\"article:publisher\" content=\"https:\/\/www.facebook.com\/buenavita.cafe\/\" \/>\n<meta property=\"article:modified_time\" content=\"2025-09-15T12:16:57+00:00\" \/>\n<meta property=\"og:image\" content=\"https:\/\/buenavita.fr\/wp-content\/uploads\/2023\/12\/Waffer-chocolat.png\" \/>\n\t<meta property=\"og:image:width\" content=\"460\" \/>\n\t<meta property=\"og:image:height\" content=\"664\" \/>\n\t<meta property=\"og:image:type\" content=\"image\/png\" \/>\n<meta name=\"twitter:card\" content=\"summary_large_image\" \/>\n<meta name=\"twitter:site\" content=\"@CafeBuenavita\" \/>\n<meta name=\"twitter:label1\" content=\"Dur\u00e9e de lecture estim\u00e9e\" \/>\n\t<meta name=\"twitter:data1\" content=\"1 minute\" \/>\n<script type=\"application\/ld+json\" class=\"yoast-schema-graph\">{\"@context\":\"https:\/\/schema.org\",\"@graph\":[{\"@type\":\"WebPage\",\"@id\":\"https:\/\/buenavita.fr\/boutique\/boutique\/protein-waffer-chocolat\/\",\"url\":\"https:\/\/buenavita.fr\/boutique\/boutique\/protein-waffer-chocolat\/\",\"name\":\"Protein Waffer chocolat - Buenavita\",\"isPartOf\":{\"@id\":\"https:\/\/buenavita.fr\/boutique\/#website\"},\"primaryImageOfPage\":{\"@id\":\"https:\/\/buenavita.fr\/boutique\/boutique\/protein-waffer-chocolat\/#primaryimage\"},\"image\":{\"@id\":\"https:\/\/buenavita.fr\/boutique\/boutique\/protein-waffer-chocolat\/#primaryimage\"},\"thumbnailUrl\":\"https:\/\/buenavita.fr\/wp-content\/uploads\/2023\/12\/Waffer-chocolat.png\",\"datePublished\":\"2023-12-12T10:39:22+00:00\",\"dateModified\":\"2025-09-15T12:16:57+00:00\",\"description\":\"D\u00e9couvrez une d\u00e9licieuse fa\u00e7on de combiner plaisir et nutrition avec les Protein Waffer chocolat. Savourez chaque bouch\u00e9e croustillante.\",\"breadcrumb\":{\"@id\":\"https:\/\/buenavita.fr\/boutique\/boutique\/protein-waffer-chocolat\/#breadcrumb\"},\"inLanguage\":\"fr-FR\",\"potentialAction\":[{\"@type\":\"ReadAction\",\"target\":[\"https:\/\/buenavita.fr\/boutique\/boutique\/protein-waffer-chocolat\/\"]}]},{\"@type\":\"ImageObject\",\"inLanguage\":\"fr-FR\",\"@id\":\"https:\/\/buenavita.fr\/boutique\/boutique\/protein-waffer-chocolat\/#primaryimage\",\"url\":\"https:\/\/buenavita.fr\/wp-content\/uploads\/2023\/12\/Waffer-chocolat.png\",\"contentUrl\":\"https:\/\/buenavita.fr\/wp-content\/uploads\/2023\/12\/Waffer-chocolat.png\",\"width\":460,\"height\":664,\"caption\":\"Waffer chocolat\"},{\"@type\":\"BreadcrumbList\",\"@id\":\"https:\/\/buenavita.fr\/boutique\/boutique\/protein-waffer-chocolat\/#breadcrumb\",\"itemListElement\":[{\"@type\":\"ListItem\",\"position\":1,\"name\":\"Accueil\",\"item\":\"https:\/\/buenavita.fr\/boutique\/\"},{\"@type\":\"ListItem\",\"position\":2,\"name\":\"Protein Wafer Chocolate x12 Barres\"}]},{\"@type\":\"WebSite\",\"@id\":\"https:\/\/buenavita.fr\/boutique\/#website\",\"url\":\"https:\/\/buenavita.fr\/boutique\/\",\"name\":\"Buenavita\",\"description\":\"100% plaisir - sans allerg\u00e8ne - Eco responsable\",\"potentialAction\":[{\"@type\":\"SearchAction\",\"target\":{\"@type\":\"EntryPoint\",\"urlTemplate\":\"https:\/\/buenavita.fr\/boutique\/?s={search_term_string}\"},\"query-input\":{\"@type\":\"PropertyValueSpecification\",\"valueRequired\":true,\"valueName\":\"search_term_string\"}}],\"inLanguage\":\"fr-FR\"}]}<\/script>\n<!-- \/ Yoast SEO plugin. -->","yoast_head_json":{"title":"Protein Waffer chocolat - Buenavita","description":"D\u00e9couvrez une d\u00e9licieuse fa\u00e7on de combiner plaisir et nutrition avec les Protein Waffer chocolat. Savourez chaque bouch\u00e9e croustillante.","robots":{"index":"index","follow":"follow","max-snippet":"max-snippet:-1","max-image-preview":"max-image-preview:large","max-video-preview":"max-video-preview:-1"},"canonical":"https:\/\/buenavita.fr\/boutique\/boutique\/protein-waffer-chocolat\/","og_locale":"fr_FR","og_type":"article","og_title":"Protein Waffer chocolat - Buenavita","og_description":"D\u00e9couvrez une d\u00e9licieuse fa\u00e7on de combiner plaisir et nutrition avec les Protein Waffer chocolat. Savourez chaque bouch\u00e9e croustillante.","og_url":"https:\/\/buenavita.fr\/boutique\/boutique\/protein-waffer-chocolat\/","og_site_name":"Buenavita","article_publisher":"https:\/\/www.facebook.com\/buenavita.cafe\/","article_modified_time":"2025-09-15T12:16:57+00:00","og_image":[{"width":460,"height":664,"url":"https:\/\/buenavita.fr\/wp-content\/uploads\/2023\/12\/Waffer-chocolat.png","type":"image\/png"}],"twitter_card":"summary_large_image","twitter_site":"@CafeBuenavita","twitter_misc":{"Dur\u00e9e de lecture estim\u00e9e":"1 minute"},"schema":{"@context":"https:\/\/schema.org","@graph":[{"@type":"WebPage","@id":"https:\/\/buenavita.fr\/boutique\/boutique\/protein-waffer-chocolat\/","url":"https:\/\/buenavita.fr\/boutique\/boutique\/protein-waffer-chocolat\/","name":"Protein Waffer chocolat - Buenavita","isPartOf":{"@id":"https:\/\/buenavita.fr\/boutique\/#website"},"primaryImageOfPage":{"@id":"https:\/\/buenavita.fr\/boutique\/boutique\/protein-waffer-chocolat\/#primaryimage"},"image":{"@id":"https:\/\/buenavita.fr\/boutique\/boutique\/protein-waffer-chocolat\/#primaryimage"},"thumbnailUrl":"https:\/\/buenavita.fr\/wp-content\/uploads\/2023\/12\/Waffer-chocolat.png","datePublished":"2023-12-12T10:39:22+00:00","dateModified":"2025-09-15T12:16:57+00:00","description":"D\u00e9couvrez une d\u00e9licieuse fa\u00e7on de combiner plaisir et nutrition avec les Protein Waffer chocolat. Savourez chaque bouch\u00e9e croustillante.","breadcrumb":{"@id":"https:\/\/buenavita.fr\/boutique\/boutique\/protein-waffer-chocolat\/#breadcrumb"},"inLanguage":"fr-FR","potentialAction":[{"@type":"ReadAction","target":["https:\/\/buenavita.fr\/boutique\/boutique\/protein-waffer-chocolat\/"]}]},{"@type":"ImageObject","inLanguage":"fr-FR","@id":"https:\/\/buenavita.fr\/boutique\/boutique\/protein-waffer-chocolat\/#primaryimage","url":"https:\/\/buenavita.fr\/wp-content\/uploads\/2023\/12\/Waffer-chocolat.png","contentUrl":"https:\/\/buenavita.fr\/wp-content\/uploads\/2023\/12\/Waffer-chocolat.png","width":460,"height":664,"caption":"Waffer chocolat"},{"@type":"BreadcrumbList","@id":"https:\/\/buenavita.fr\/boutique\/boutique\/protein-waffer-chocolat\/#breadcrumb","itemListElement":[{"@type":"ListItem","position":1,"name":"Accueil","item":"https:\/\/buenavita.fr\/boutique\/"},{"@type":"ListItem","position":2,"name":"Protein Wafer Chocolate x12 Barres"}]},{"@type":"WebSite","@id":"https:\/\/buenavita.fr\/boutique\/#website","url":"https:\/\/buenavita.fr\/boutique\/","name":"Buenavita","description":"100% plaisir - sans allerg\u00e8ne - Eco responsable","potentialAction":[{"@type":"SearchAction","target":{"@type":"EntryPoint","urlTemplate":"https:\/\/buenavita.fr\/boutique\/?s={search_term_string}"},"query-input":{"@type":"PropertyValueSpecification","valueRequired":true,"valueName":"search_term_string"}}],"inLanguage":"fr-FR"}]}},"_links":{"self":[{"href":"https:\/\/buenavita.fr\/boutique\/wp-json\/wp\/v2\/product\/8979","targetHints":{"allow":["GET"]}}],"collection":[{"href":"https:\/\/buenavita.fr\/boutique\/wp-json\/wp\/v2\/product"}],"about":[{"href":"https:\/\/buenavita.fr\/boutique\/wp-json\/wp\/v2\/types\/product"}],"replies":[{"embeddable":true,"href":"https:\/\/buenavita.fr\/boutique\/wp-json\/wp\/v2\/comments?post=8979"}],"wp:featuredmedia":[{"embeddable":true,"href":"https:\/\/buenavita.fr\/boutique\/wp-json\/wp\/v2\/media\/8980"}],"wp:attachment":[{"href":"https:\/\/buenavita.fr\/boutique\/wp-json\/wp\/v2\/media?parent=8979"}],"wp:term":[{"taxonomy":"product_brand","embeddable":true,"href":"https:\/\/buenavita.fr\/boutique\/wp-json\/wp\/v2\/product_brand?post=8979"},{"taxonomy":"product_cat","embeddable":true,"href":"https:\/\/buenavita.fr\/boutique\/wp-json\/wp\/v2\/product_cat?post=8979"},{"taxonomy":"product_tag","embeddable":true,"href":"https:\/\/buenavita.fr\/boutique\/wp-json\/wp\/v2\/product_tag?post=8979"}],"curies":[{"name":"wp","href":"https:\/\/api.w.org\/{rel}","templated":true}]}}