{"id":8957,"date":"2023-12-05T17:25:12","date_gmt":"2023-12-05T16:25:12","guid":{"rendered":"https:\/\/buenavita.fr\/boutique\/?post_type=product&#038;p=8957"},"modified":"2025-09-15T14:21:25","modified_gmt":"2025-09-15T12:21:25","slug":"protein-joy-cookie-and-cream","status":"publish","type":"product","link":"https:\/\/buenavita.fr\/boutique\/boutique\/protein-joy-cookie-and-cream\/","title":{"rendered":"Protein Joy Cookie and Cream"},"content":{"rendered":"<p>Protein Joy Cookie and Cream<\/p>\n","protected":false},"excerpt":{"rendered":"<p>Protein Joy Cookie and Cream<\/p>\n","protected":false},"featured_media":8958,"comment_status":"closed","ping_status":"closed","template":"","meta":{"_acf_changed":false},"product_brand":[],"product_cat":[71],"product_tag":[],"class_list":{"0":"post-8957","1":"product","2":"type-product","3":"status-publish","4":"has-post-thumbnail","6":"product_cat-produits-proteines","8":"first","9":"instock","10":"taxable","11":"shipping-taxable","12":"purchasable","13":"product-type-simple"},"supplier_id":null,"supplier_sku":"","barcode":null,"atum_controlled":true,"out_stock_date":null,"out_stock_threshold":null,"inheritable":false,"inbound_stock":null,"stock_on_hold":0,"sold_today":0,"sales_last_days":0,"reserved_stock":null,"customer_returns":null,"warehouse_damage":null,"lost_in_post":null,"other_logs":null,"out_stock_days":0,"lost_sales":0,"has_location":false,"update_date":"2026-04-17T02:23:22","atum_locations":[],"atum_stock_status":"instock","restock_status":false,"low_stock_amount":"","sales_update_date":"2026-04-17T02:23:22","calc_backorders":null,"acf":[],"yoast_head":"<!-- This site is optimized with the Yoast SEO plugin v27.0 - https:\/\/yoast.com\/product\/yoast-seo-wordpress\/ -->\n<title>Protein Joy Cookie and Cream - Buenavita<\/title>\n<meta name=\"description\" content=\"Plongez dans l&#039;univers gourmand de la barre prot\u00e9in\u00e9e Cookie and Cream, une explosion de saveurs qui satisfait vos papilles tout en apportant une dose essentielle de prot\u00e9ines. Notre d\u00e9licieuse barre prot\u00e9in\u00e9e est con\u00e7ue pour r\u00e9pondre \u00e0 vos besoins nutritionnels, alliant le plaisir du cookie and cream \u00e0 la puissance des prot\u00e9ines. Faites le choix d\u00e9licieux et nutritif pour vos collations avec notre barre prot\u00e9in\u00e9e\" \/>\n<meta name=\"robots\" content=\"index, follow, max-snippet:-1, max-image-preview:large, max-video-preview:-1\" \/>\n<link rel=\"canonical\" href=\"https:\/\/buenavita.fr\/boutique\/boutique\/protein-joy-cookie-and-cream\/\" \/>\n<meta property=\"og:locale\" content=\"fr_FR\" \/>\n<meta property=\"og:type\" content=\"article\" \/>\n<meta property=\"og:title\" content=\"Protein Joy Cookie and Cream - Buenavita\" \/>\n<meta property=\"og:description\" content=\"Plongez dans l&#039;univers gourmand de la barre prot\u00e9in\u00e9e Cookie and Cream, une explosion de saveurs qui satisfait vos papilles tout en apportant une dose essentielle de prot\u00e9ines. Notre d\u00e9licieuse barre prot\u00e9in\u00e9e est con\u00e7ue pour r\u00e9pondre \u00e0 vos besoins nutritionnels, alliant le plaisir du cookie and cream \u00e0 la puissance des prot\u00e9ines. Faites le choix d\u00e9licieux et nutritif pour vos collations avec notre barre prot\u00e9in\u00e9e\" \/>\n<meta property=\"og:url\" content=\"https:\/\/buenavita.fr\/boutique\/boutique\/protein-joy-cookie-and-cream\/\" \/>\n<meta property=\"og:site_name\" content=\"Buenavita\" \/>\n<meta property=\"article:publisher\" content=\"https:\/\/www.facebook.com\/buenavita.cafe\/\" \/>\n<meta property=\"article:modified_time\" content=\"2025-09-15T12:21:25+00:00\" \/>\n<meta property=\"og:image\" content=\"https:\/\/buenavita.fr\/wp-content\/uploads\/2023\/12\/Capture.png\" \/>\n\t<meta property=\"og:image:width\" content=\"317\" \/>\n\t<meta property=\"og:image:height\" content=\"323\" \/>\n\t<meta property=\"og:image:type\" content=\"image\/png\" \/>\n<meta name=\"twitter:card\" content=\"summary_large_image\" \/>\n<meta name=\"twitter:site\" content=\"@CafeBuenavita\" \/>\n<meta name=\"twitter:label1\" content=\"Dur\u00e9e de lecture estim\u00e9e\" \/>\n\t<meta name=\"twitter:data1\" content=\"1 minute\" \/>\n<script type=\"application\/ld+json\" class=\"yoast-schema-graph\">{\"@context\":\"https:\/\/schema.org\",\"@graph\":[{\"@type\":\"WebPage\",\"@id\":\"https:\/\/buenavita.fr\/boutique\/boutique\/protein-joy-cookie-and-cream\/\",\"url\":\"https:\/\/buenavita.fr\/boutique\/boutique\/protein-joy-cookie-and-cream\/\",\"name\":\"Protein Joy Cookie and Cream - Buenavita\",\"isPartOf\":{\"@id\":\"https:\/\/buenavita.fr\/boutique\/#website\"},\"primaryImageOfPage\":{\"@id\":\"https:\/\/buenavita.fr\/boutique\/boutique\/protein-joy-cookie-and-cream\/#primaryimage\"},\"image\":{\"@id\":\"https:\/\/buenavita.fr\/boutique\/boutique\/protein-joy-cookie-and-cream\/#primaryimage\"},\"thumbnailUrl\":\"https:\/\/buenavita.fr\/wp-content\/uploads\/2023\/12\/Capture.png\",\"datePublished\":\"2023-12-05T16:25:12+00:00\",\"dateModified\":\"2025-09-15T12:21:25+00:00\",\"description\":\"Plongez dans l'univers gourmand de la barre prot\u00e9in\u00e9e Cookie and Cream, une explosion de saveurs qui satisfait vos papilles tout en apportant une dose essentielle de prot\u00e9ines. Notre d\u00e9licieuse barre prot\u00e9in\u00e9e est con\u00e7ue pour r\u00e9pondre \u00e0 vos besoins nutritionnels, alliant le plaisir du cookie and cream \u00e0 la puissance des prot\u00e9ines. Faites le choix d\u00e9licieux et nutritif pour vos collations avec notre barre prot\u00e9in\u00e9e\",\"breadcrumb\":{\"@id\":\"https:\/\/buenavita.fr\/boutique\/boutique\/protein-joy-cookie-and-cream\/#breadcrumb\"},\"inLanguage\":\"fr-FR\",\"potentialAction\":[{\"@type\":\"ReadAction\",\"target\":[\"https:\/\/buenavita.fr\/boutique\/boutique\/protein-joy-cookie-and-cream\/\"]}]},{\"@type\":\"ImageObject\",\"inLanguage\":\"fr-FR\",\"@id\":\"https:\/\/buenavita.fr\/boutique\/boutique\/protein-joy-cookie-and-cream\/#primaryimage\",\"url\":\"https:\/\/buenavita.fr\/wp-content\/uploads\/2023\/12\/Capture.png\",\"contentUrl\":\"https:\/\/buenavita.fr\/wp-content\/uploads\/2023\/12\/Capture.png\",\"width\":317,\"height\":323,\"caption\":\"Protein Joy 36% Low Sugar Cookie and Cream\"},{\"@type\":\"BreadcrumbList\",\"@id\":\"https:\/\/buenavita.fr\/boutique\/boutique\/protein-joy-cookie-and-cream\/#breadcrumb\",\"itemListElement\":[{\"@type\":\"ListItem\",\"position\":1,\"name\":\"Accueil\",\"item\":\"https:\/\/buenavita.fr\/boutique\/\"},{\"@type\":\"ListItem\",\"position\":2,\"name\":\"Protein Joy Cookie and Cream\"}]},{\"@type\":\"WebSite\",\"@id\":\"https:\/\/buenavita.fr\/boutique\/#website\",\"url\":\"https:\/\/buenavita.fr\/boutique\/\",\"name\":\"Buenavita\",\"description\":\"100% plaisir - sans allerg\u00e8ne - Eco responsable\",\"potentialAction\":[{\"@type\":\"SearchAction\",\"target\":{\"@type\":\"EntryPoint\",\"urlTemplate\":\"https:\/\/buenavita.fr\/boutique\/?s={search_term_string}\"},\"query-input\":{\"@type\":\"PropertyValueSpecification\",\"valueRequired\":true,\"valueName\":\"search_term_string\"}}],\"inLanguage\":\"fr-FR\"}]}<\/script>\n<!-- \/ Yoast SEO plugin. -->","yoast_head_json":{"title":"Protein Joy Cookie and Cream - Buenavita","description":"Plongez dans l'univers gourmand de la barre prot\u00e9in\u00e9e Cookie and Cream, une explosion de saveurs qui satisfait vos papilles tout en apportant une dose essentielle de prot\u00e9ines. Notre d\u00e9licieuse barre prot\u00e9in\u00e9e est con\u00e7ue pour r\u00e9pondre \u00e0 vos besoins nutritionnels, alliant le plaisir du cookie and cream \u00e0 la puissance des prot\u00e9ines. Faites le choix d\u00e9licieux et nutritif pour vos collations avec notre barre prot\u00e9in\u00e9e","robots":{"index":"index","follow":"follow","max-snippet":"max-snippet:-1","max-image-preview":"max-image-preview:large","max-video-preview":"max-video-preview:-1"},"canonical":"https:\/\/buenavita.fr\/boutique\/boutique\/protein-joy-cookie-and-cream\/","og_locale":"fr_FR","og_type":"article","og_title":"Protein Joy Cookie and Cream - Buenavita","og_description":"Plongez dans l'univers gourmand de la barre prot\u00e9in\u00e9e Cookie and Cream, une explosion de saveurs qui satisfait vos papilles tout en apportant une dose essentielle de prot\u00e9ines. Notre d\u00e9licieuse barre prot\u00e9in\u00e9e est con\u00e7ue pour r\u00e9pondre \u00e0 vos besoins nutritionnels, alliant le plaisir du cookie and cream \u00e0 la puissance des prot\u00e9ines. Faites le choix d\u00e9licieux et nutritif pour vos collations avec notre barre prot\u00e9in\u00e9e","og_url":"https:\/\/buenavita.fr\/boutique\/boutique\/protein-joy-cookie-and-cream\/","og_site_name":"Buenavita","article_publisher":"https:\/\/www.facebook.com\/buenavita.cafe\/","article_modified_time":"2025-09-15T12:21:25+00:00","og_image":[{"width":317,"height":323,"url":"https:\/\/buenavita.fr\/wp-content\/uploads\/2023\/12\/Capture.png","type":"image\/png"}],"twitter_card":"summary_large_image","twitter_site":"@CafeBuenavita","twitter_misc":{"Dur\u00e9e de lecture estim\u00e9e":"1 minute"},"schema":{"@context":"https:\/\/schema.org","@graph":[{"@type":"WebPage","@id":"https:\/\/buenavita.fr\/boutique\/boutique\/protein-joy-cookie-and-cream\/","url":"https:\/\/buenavita.fr\/boutique\/boutique\/protein-joy-cookie-and-cream\/","name":"Protein Joy Cookie and Cream - Buenavita","isPartOf":{"@id":"https:\/\/buenavita.fr\/boutique\/#website"},"primaryImageOfPage":{"@id":"https:\/\/buenavita.fr\/boutique\/boutique\/protein-joy-cookie-and-cream\/#primaryimage"},"image":{"@id":"https:\/\/buenavita.fr\/boutique\/boutique\/protein-joy-cookie-and-cream\/#primaryimage"},"thumbnailUrl":"https:\/\/buenavita.fr\/wp-content\/uploads\/2023\/12\/Capture.png","datePublished":"2023-12-05T16:25:12+00:00","dateModified":"2025-09-15T12:21:25+00:00","description":"Plongez dans l'univers gourmand de la barre prot\u00e9in\u00e9e Cookie and Cream, une explosion de saveurs qui satisfait vos papilles tout en apportant une dose essentielle de prot\u00e9ines. Notre d\u00e9licieuse barre prot\u00e9in\u00e9e est con\u00e7ue pour r\u00e9pondre \u00e0 vos besoins nutritionnels, alliant le plaisir du cookie and cream \u00e0 la puissance des prot\u00e9ines. Faites le choix d\u00e9licieux et nutritif pour vos collations avec notre barre prot\u00e9in\u00e9e","breadcrumb":{"@id":"https:\/\/buenavita.fr\/boutique\/boutique\/protein-joy-cookie-and-cream\/#breadcrumb"},"inLanguage":"fr-FR","potentialAction":[{"@type":"ReadAction","target":["https:\/\/buenavita.fr\/boutique\/boutique\/protein-joy-cookie-and-cream\/"]}]},{"@type":"ImageObject","inLanguage":"fr-FR","@id":"https:\/\/buenavita.fr\/boutique\/boutique\/protein-joy-cookie-and-cream\/#primaryimage","url":"https:\/\/buenavita.fr\/wp-content\/uploads\/2023\/12\/Capture.png","contentUrl":"https:\/\/buenavita.fr\/wp-content\/uploads\/2023\/12\/Capture.png","width":317,"height":323,"caption":"Protein Joy 36% Low Sugar Cookie and Cream"},{"@type":"BreadcrumbList","@id":"https:\/\/buenavita.fr\/boutique\/boutique\/protein-joy-cookie-and-cream\/#breadcrumb","itemListElement":[{"@type":"ListItem","position":1,"name":"Accueil","item":"https:\/\/buenavita.fr\/boutique\/"},{"@type":"ListItem","position":2,"name":"Protein Joy Cookie and Cream"}]},{"@type":"WebSite","@id":"https:\/\/buenavita.fr\/boutique\/#website","url":"https:\/\/buenavita.fr\/boutique\/","name":"Buenavita","description":"100% plaisir - sans allerg\u00e8ne - Eco responsable","potentialAction":[{"@type":"SearchAction","target":{"@type":"EntryPoint","urlTemplate":"https:\/\/buenavita.fr\/boutique\/?s={search_term_string}"},"query-input":{"@type":"PropertyValueSpecification","valueRequired":true,"valueName":"search_term_string"}}],"inLanguage":"fr-FR"}]}},"_links":{"self":[{"href":"https:\/\/buenavita.fr\/boutique\/wp-json\/wp\/v2\/product\/8957","targetHints":{"allow":["GET"]}}],"collection":[{"href":"https:\/\/buenavita.fr\/boutique\/wp-json\/wp\/v2\/product"}],"about":[{"href":"https:\/\/buenavita.fr\/boutique\/wp-json\/wp\/v2\/types\/product"}],"replies":[{"embeddable":true,"href":"https:\/\/buenavita.fr\/boutique\/wp-json\/wp\/v2\/comments?post=8957"}],"wp:featuredmedia":[{"embeddable":true,"href":"https:\/\/buenavita.fr\/boutique\/wp-json\/wp\/v2\/media\/8958"}],"wp:attachment":[{"href":"https:\/\/buenavita.fr\/boutique\/wp-json\/wp\/v2\/media?parent=8957"}],"wp:term":[{"taxonomy":"product_brand","embeddable":true,"href":"https:\/\/buenavita.fr\/boutique\/wp-json\/wp\/v2\/product_brand?post=8957"},{"taxonomy":"product_cat","embeddable":true,"href":"https:\/\/buenavita.fr\/boutique\/wp-json\/wp\/v2\/product_cat?post=8957"},{"taxonomy":"product_tag","embeddable":true,"href":"https:\/\/buenavita.fr\/boutique\/wp-json\/wp\/v2\/product_tag?post=8957"}],"curies":[{"name":"wp","href":"https:\/\/api.w.org\/{rel}","templated":true}]}}