{"id":8819,"date":"2021-09-20T12:35:03","date_gmt":"2021-09-20T10:35:03","guid":{"rendered":"https:\/\/buenavita.fr\/boutique\/?post_type=product&#038;p=8819"},"modified":"2025-09-16T10:24:02","modified_gmt":"2025-09-16T08:24:02","slug":"classic-ep-100-capsules","status":"publish","type":"product","link":"https:\/\/buenavita.fr\/boutique\/boutique\/classic-ep-100-capsules\/","title":{"rendered":"Classic- EP (100 capsules)"},"content":{"rendered":"<p>Caf\u00e9 naturel \u00e0 base d\u2019arabicas et de robusta.<\/p>\n<p>Expresso italien, avec beaucoup de corps et un go\u00fbt prononc\u00e9. Grains d\u2019arabica et de robusta finement dos\u00e9s, avec des notes de vanille et de chocolat.<\/p>\n<p>Pr\u00e9sent\u00e9es en bo\u00eetes dispensatrices de 100 unit\u00e9s conditionn\u00e9es individuellement.<\/p>\n<p>Le prix est affich\u00e9 pour 100 capsules.<\/p>\n<p>&nbsp;<\/p>\n","protected":false},"excerpt":{"rendered":"<p>Caf\u00e9 naturel \u00e0 base d\u2019arabicas et de robusta. Expresso italien, avec beaucoup de corps et un go\u00fbt prononc\u00e9. Grains d\u2019arabica et de robusta finement dos\u00e9s, avec des notes de vanille et de chocolat. Pr\u00e9sent\u00e9es en bo\u00eetes dispensatrices de 100 unit\u00e9s conditionn\u00e9es individuellement. Le prix est affich\u00e9 pour 100 capsules. &nbsp;<\/p>\n","protected":false},"featured_media":8816,"comment_status":"open","ping_status":"closed","template":"","meta":{"_acf_changed":false},"product_brand":[],"product_cat":[21],"product_tag":[],"class_list":{"0":"post-8819","1":"product","2":"type-product","3":"status-publish","4":"has-post-thumbnail","6":"product_cat-capsules","8":"first","9":"instock","10":"taxable","11":"shipping-taxable","12":"purchasable","13":"product-type-simple"},"supplier_id":null,"supplier_sku":"","barcode":null,"atum_controlled":false,"out_stock_date":null,"out_stock_threshold":null,"inheritable":false,"inbound_stock":null,"stock_on_hold":13,"sold_today":0,"sales_last_days":0,"reserved_stock":null,"customer_returns":null,"warehouse_damage":null,"lost_in_post":null,"other_logs":null,"out_stock_days":0,"lost_sales":0,"has_location":false,"update_date":"2026-04-16T02:22:53","atum_locations":[],"atum_stock_status":"instock","restock_status":false,"low_stock_amount":"","sales_update_date":"2026-04-16T02:22:53","calc_backorders":null,"acf":[],"yoast_head":"<!-- This site is optimized with the Yoast SEO plugin v27.0 - https:\/\/yoast.com\/product\/yoast-seo-wordpress\/ -->\n<title>Classic- EP (100 capsules) - Buenavita<\/title>\n<meta name=\"description\" content=\"100 capsules. Les capsules Dulchetto vous ferons voyager en Am\u00e9riques du Sud, en Afrique et en Asie. Avec son go\u00fbt \u00e9quilibr\u00e9s et doux (30% Arabica et 70% Robusta).D\u00e9couvrez tous les ar\u00f4mes des plus grands caf\u00e9s, savamment torr\u00e9fi\u00e9s pour cr\u00e9er une capsule d&#039;exception.\" \/>\n<meta name=\"robots\" content=\"index, follow, max-snippet:-1, max-image-preview:large, max-video-preview:-1\" \/>\n<link rel=\"canonical\" href=\"https:\/\/buenavita.fr\/boutique\/boutique\/classic-ep-100-capsules\/\" \/>\n<meta property=\"og:locale\" content=\"fr_FR\" \/>\n<meta property=\"og:type\" content=\"article\" \/>\n<meta property=\"og:title\" content=\"Classic- EP (100 capsules) - Buenavita\" \/>\n<meta property=\"og:description\" content=\"100 capsules. Les capsules Dulchetto vous ferons voyager en Am\u00e9riques du Sud, en Afrique et en Asie. Avec son go\u00fbt \u00e9quilibr\u00e9s et doux (30% Arabica et 70% Robusta).D\u00e9couvrez tous les ar\u00f4mes des plus grands caf\u00e9s, savamment torr\u00e9fi\u00e9s pour cr\u00e9er une capsule d&#039;exception.\" \/>\n<meta property=\"og:url\" content=\"https:\/\/buenavita.fr\/boutique\/boutique\/classic-ep-100-capsules\/\" \/>\n<meta property=\"og:site_name\" content=\"Buenavita\" \/>\n<meta property=\"article:publisher\" content=\"https:\/\/www.facebook.com\/buenavita.cafe\/\" \/>\n<meta property=\"article:modified_time\" content=\"2025-09-16T08:24:02+00:00\" \/>\n<meta property=\"og:image\" content=\"https:\/\/buenavita.fr\/wp-content\/uploads\/2021\/09\/57_classic_tupispresso-1.jpg\" \/>\n\t<meta property=\"og:image:width\" content=\"800\" \/>\n\t<meta property=\"og:image:height\" content=\"1254\" \/>\n\t<meta property=\"og:image:type\" content=\"image\/jpeg\" \/>\n<meta name=\"twitter:card\" content=\"summary_large_image\" \/>\n<meta name=\"twitter:site\" content=\"@CafeBuenavita\" \/>\n<meta name=\"twitter:label1\" content=\"Dur\u00e9e de lecture estim\u00e9e\" \/>\n\t<meta name=\"twitter:data1\" content=\"1 minute\" \/>\n<script type=\"application\/ld+json\" class=\"yoast-schema-graph\">{\"@context\":\"https:\/\/schema.org\",\"@graph\":[{\"@type\":\"WebPage\",\"@id\":\"https:\/\/buenavita.fr\/boutique\/boutique\/classic-ep-100-capsules\/\",\"url\":\"https:\/\/buenavita.fr\/boutique\/boutique\/classic-ep-100-capsules\/\",\"name\":\"Classic- EP (100 capsules) - Buenavita\",\"isPartOf\":{\"@id\":\"https:\/\/buenavita.fr\/boutique\/#website\"},\"primaryImageOfPage\":{\"@id\":\"https:\/\/buenavita.fr\/boutique\/boutique\/classic-ep-100-capsules\/#primaryimage\"},\"image\":{\"@id\":\"https:\/\/buenavita.fr\/boutique\/boutique\/classic-ep-100-capsules\/#primaryimage\"},\"thumbnailUrl\":\"https:\/\/buenavita.fr\/wp-content\/uploads\/2021\/09\/57_classic_tupispresso-1.jpg\",\"datePublished\":\"2021-09-20T10:35:03+00:00\",\"dateModified\":\"2025-09-16T08:24:02+00:00\",\"description\":\"100 capsules. Les capsules Dulchetto vous ferons voyager en Am\u00e9riques du Sud, en Afrique et en Asie. Avec son go\u00fbt \u00e9quilibr\u00e9s et doux (30% Arabica et 70% Robusta).D\u00e9couvrez tous les ar\u00f4mes des plus grands caf\u00e9s, savamment torr\u00e9fi\u00e9s pour cr\u00e9er une capsule d'exception.\",\"breadcrumb\":{\"@id\":\"https:\/\/buenavita.fr\/boutique\/boutique\/classic-ep-100-capsules\/#breadcrumb\"},\"inLanguage\":\"fr-FR\",\"potentialAction\":[{\"@type\":\"ReadAction\",\"target\":[\"https:\/\/buenavita.fr\/boutique\/boutique\/classic-ep-100-capsules\/\"]}]},{\"@type\":\"ImageObject\",\"inLanguage\":\"fr-FR\",\"@id\":\"https:\/\/buenavita.fr\/boutique\/boutique\/classic-ep-100-capsules\/#primaryimage\",\"url\":\"https:\/\/buenavita.fr\/wp-content\/uploads\/2021\/09\/57_classic_tupispresso-1.jpg\",\"contentUrl\":\"https:\/\/buenavita.fr\/wp-content\/uploads\/2021\/09\/57_classic_tupispresso-1.jpg\",\"width\":800,\"height\":1254},{\"@type\":\"BreadcrumbList\",\"@id\":\"https:\/\/buenavita.fr\/boutique\/boutique\/classic-ep-100-capsules\/#breadcrumb\",\"itemListElement\":[{\"@type\":\"ListItem\",\"position\":1,\"name\":\"Accueil\",\"item\":\"https:\/\/buenavita.fr\/boutique\/\"},{\"@type\":\"ListItem\",\"position\":2,\"name\":\"Classic- EP (100 capsules)\"}]},{\"@type\":\"WebSite\",\"@id\":\"https:\/\/buenavita.fr\/boutique\/#website\",\"url\":\"https:\/\/buenavita.fr\/boutique\/\",\"name\":\"Buenavita\",\"description\":\"100% plaisir - sans allerg\u00e8ne - Eco responsable\",\"potentialAction\":[{\"@type\":\"SearchAction\",\"target\":{\"@type\":\"EntryPoint\",\"urlTemplate\":\"https:\/\/buenavita.fr\/boutique\/?s={search_term_string}\"},\"query-input\":{\"@type\":\"PropertyValueSpecification\",\"valueRequired\":true,\"valueName\":\"search_term_string\"}}],\"inLanguage\":\"fr-FR\"}]}<\/script>\n<!-- \/ Yoast SEO plugin. -->","yoast_head_json":{"title":"Classic- EP (100 capsules) - Buenavita","description":"100 capsules. Les capsules Dulchetto vous ferons voyager en Am\u00e9riques du Sud, en Afrique et en Asie. Avec son go\u00fbt \u00e9quilibr\u00e9s et doux (30% Arabica et 70% Robusta).D\u00e9couvrez tous les ar\u00f4mes des plus grands caf\u00e9s, savamment torr\u00e9fi\u00e9s pour cr\u00e9er une capsule d'exception.","robots":{"index":"index","follow":"follow","max-snippet":"max-snippet:-1","max-image-preview":"max-image-preview:large","max-video-preview":"max-video-preview:-1"},"canonical":"https:\/\/buenavita.fr\/boutique\/boutique\/classic-ep-100-capsules\/","og_locale":"fr_FR","og_type":"article","og_title":"Classic- EP (100 capsules) - Buenavita","og_description":"100 capsules. Les capsules Dulchetto vous ferons voyager en Am\u00e9riques du Sud, en Afrique et en Asie. Avec son go\u00fbt \u00e9quilibr\u00e9s et doux (30% Arabica et 70% Robusta).D\u00e9couvrez tous les ar\u00f4mes des plus grands caf\u00e9s, savamment torr\u00e9fi\u00e9s pour cr\u00e9er une capsule d'exception.","og_url":"https:\/\/buenavita.fr\/boutique\/boutique\/classic-ep-100-capsules\/","og_site_name":"Buenavita","article_publisher":"https:\/\/www.facebook.com\/buenavita.cafe\/","article_modified_time":"2025-09-16T08:24:02+00:00","og_image":[{"width":800,"height":1254,"url":"https:\/\/buenavita.fr\/wp-content\/uploads\/2021\/09\/57_classic_tupispresso-1.jpg","type":"image\/jpeg"}],"twitter_card":"summary_large_image","twitter_site":"@CafeBuenavita","twitter_misc":{"Dur\u00e9e de lecture estim\u00e9e":"1 minute"},"schema":{"@context":"https:\/\/schema.org","@graph":[{"@type":"WebPage","@id":"https:\/\/buenavita.fr\/boutique\/boutique\/classic-ep-100-capsules\/","url":"https:\/\/buenavita.fr\/boutique\/boutique\/classic-ep-100-capsules\/","name":"Classic- EP (100 capsules) - Buenavita","isPartOf":{"@id":"https:\/\/buenavita.fr\/boutique\/#website"},"primaryImageOfPage":{"@id":"https:\/\/buenavita.fr\/boutique\/boutique\/classic-ep-100-capsules\/#primaryimage"},"image":{"@id":"https:\/\/buenavita.fr\/boutique\/boutique\/classic-ep-100-capsules\/#primaryimage"},"thumbnailUrl":"https:\/\/buenavita.fr\/wp-content\/uploads\/2021\/09\/57_classic_tupispresso-1.jpg","datePublished":"2021-09-20T10:35:03+00:00","dateModified":"2025-09-16T08:24:02+00:00","description":"100 capsules. Les capsules Dulchetto vous ferons voyager en Am\u00e9riques du Sud, en Afrique et en Asie. Avec son go\u00fbt \u00e9quilibr\u00e9s et doux (30% Arabica et 70% Robusta).D\u00e9couvrez tous les ar\u00f4mes des plus grands caf\u00e9s, savamment torr\u00e9fi\u00e9s pour cr\u00e9er une capsule d'exception.","breadcrumb":{"@id":"https:\/\/buenavita.fr\/boutique\/boutique\/classic-ep-100-capsules\/#breadcrumb"},"inLanguage":"fr-FR","potentialAction":[{"@type":"ReadAction","target":["https:\/\/buenavita.fr\/boutique\/boutique\/classic-ep-100-capsules\/"]}]},{"@type":"ImageObject","inLanguage":"fr-FR","@id":"https:\/\/buenavita.fr\/boutique\/boutique\/classic-ep-100-capsules\/#primaryimage","url":"https:\/\/buenavita.fr\/wp-content\/uploads\/2021\/09\/57_classic_tupispresso-1.jpg","contentUrl":"https:\/\/buenavita.fr\/wp-content\/uploads\/2021\/09\/57_classic_tupispresso-1.jpg","width":800,"height":1254},{"@type":"BreadcrumbList","@id":"https:\/\/buenavita.fr\/boutique\/boutique\/classic-ep-100-capsules\/#breadcrumb","itemListElement":[{"@type":"ListItem","position":1,"name":"Accueil","item":"https:\/\/buenavita.fr\/boutique\/"},{"@type":"ListItem","position":2,"name":"Classic- EP (100 capsules)"}]},{"@type":"WebSite","@id":"https:\/\/buenavita.fr\/boutique\/#website","url":"https:\/\/buenavita.fr\/boutique\/","name":"Buenavita","description":"100% plaisir - sans allerg\u00e8ne - Eco responsable","potentialAction":[{"@type":"SearchAction","target":{"@type":"EntryPoint","urlTemplate":"https:\/\/buenavita.fr\/boutique\/?s={search_term_string}"},"query-input":{"@type":"PropertyValueSpecification","valueRequired":true,"valueName":"search_term_string"}}],"inLanguage":"fr-FR"}]}},"_links":{"self":[{"href":"https:\/\/buenavita.fr\/boutique\/wp-json\/wp\/v2\/product\/8819","targetHints":{"allow":["GET"]}}],"collection":[{"href":"https:\/\/buenavita.fr\/boutique\/wp-json\/wp\/v2\/product"}],"about":[{"href":"https:\/\/buenavita.fr\/boutique\/wp-json\/wp\/v2\/types\/product"}],"replies":[{"embeddable":true,"href":"https:\/\/buenavita.fr\/boutique\/wp-json\/wp\/v2\/comments?post=8819"}],"wp:featuredmedia":[{"embeddable":true,"href":"https:\/\/buenavita.fr\/boutique\/wp-json\/wp\/v2\/media\/8816"}],"wp:attachment":[{"href":"https:\/\/buenavita.fr\/boutique\/wp-json\/wp\/v2\/media?parent=8819"}],"wp:term":[{"taxonomy":"product_brand","embeddable":true,"href":"https:\/\/buenavita.fr\/boutique\/wp-json\/wp\/v2\/product_brand?post=8819"},{"taxonomy":"product_cat","embeddable":true,"href":"https:\/\/buenavita.fr\/boutique\/wp-json\/wp\/v2\/product_cat?post=8819"},{"taxonomy":"product_tag","embeddable":true,"href":"https:\/\/buenavita.fr\/boutique\/wp-json\/wp\/v2\/product_tag?post=8819"}],"curies":[{"name":"wp","href":"https:\/\/api.w.org\/{rel}","templated":true}]}}