{"id":8813,"date":"2021-09-20T12:27:10","date_gmt":"2021-09-20T10:27:10","guid":{"rendered":"https:\/\/buenavita.fr\/boutique\/?post_type=product&#038;p=8813"},"modified":"2025-09-16T10:24:28","modified_gmt":"2025-09-16T08:24:28","slug":"placevole-lb-100-capsules-copie","status":"publish","type":"product","link":"https:\/\/buenavita.fr\/boutique\/boutique\/placevole-lb-100-capsules-copie\/","title":{"rendered":"Placevole &#8211; LB (100 capsules) Compatible Lavazza Blue"},"content":{"rendered":"<p>Expresso intense<\/p>\n<p>Expresso intense avec beaucoup de corps, un go\u00fbt d\u00e9licat et une couleur noisette.<\/p>\n<p>Le prix affich\u00e9 est pour 100 capsules.<\/p>\n<p>&nbsp;<\/p>\n","protected":false},"excerpt":{"rendered":"<p>Format de capsule : LB.<\/p>\n<p><img loading=\"lazy\" decoding=\"async\" class=\"aligncenter wp-image-794\" src=\"https:\/\/buenavita.fr\/wp-content\/uploads\/2017\/03\/FDPOFFERT.png\" alt=\"\" width=\"100\" height=\"100\" srcset=\"https:\/\/buenavita.fr\/wp-content\/uploads\/2017\/03\/FDPOFFERT.png 200w, https:\/\/buenavita.fr\/wp-content\/uploads\/2017\/03\/FDPOFFERT-100x100.png 100w, https:\/\/buenavita.fr\/wp-content\/uploads\/2017\/03\/FDPOFFERT-150x150.png 150w, https:\/\/buenavita.fr\/wp-content\/uploads\/2017\/03\/FDPOFFERT-120x120.png 120w\" sizes=\"auto, (max-width: 100px) 85vw, 100px\" \/> <img loading=\"lazy\" decoding=\"async\" class=\"aligncenter wp-image-795\" src=\"https:\/\/buenavita.fr\/wp-content\/uploads\/2017\/03\/SAFEPAY.png\" alt=\"\" width=\"100\" height=\"100\" srcset=\"https:\/\/buenavita.fr\/wp-content\/uploads\/2017\/03\/SAFEPAY.png 200w, https:\/\/buenavita.fr\/wp-content\/uploads\/2017\/03\/SAFEPAY-100x100.png 100w, https:\/\/buenavita.fr\/wp-content\/uploads\/2017\/03\/SAFEPAY-150x150.png 150w, https:\/\/buenavita.fr\/wp-content\/uploads\/2017\/03\/SAFEPAY-120x120.png 120w\" sizes=\"auto, (max-width: 100px) 85vw, 100px\" \/> <img loading=\"lazy\" decoding=\"async\" class=\"aligncenter wp-image-796\" src=\"https:\/\/buenavita.fr\/wp-content\/uploads\/2017\/03\/AGENCES.png\" alt=\"\" width=\"100\" height=\"100\" srcset=\"https:\/\/buenavita.fr\/wp-content\/uploads\/2017\/03\/AGENCES.png 200w, https:\/\/buenavita.fr\/wp-content\/uploads\/2017\/03\/AGENCES-100x100.png 100w, https:\/\/buenavita.fr\/wp-content\/uploads\/2017\/03\/AGENCES-150x150.png 150w, https:\/\/buenavita.fr\/wp-content\/uploads\/2017\/03\/AGENCES-120x120.png 120w\" sizes=\"auto, (max-width: 100px) 85vw, 100px\" \/> <img loading=\"lazy\" decoding=\"async\" class=\"aligncenter wp-image-797\" src=\"https:\/\/buenavita.fr\/wp-content\/uploads\/2017\/03\/ECO.png\" alt=\"\" width=\"100\" height=\"100\" srcset=\"https:\/\/buenavita.fr\/wp-content\/uploads\/2017\/03\/ECO.png 200w, https:\/\/buenavita.fr\/wp-content\/uploads\/2017\/03\/ECO-100x100.png 100w, https:\/\/buenavita.fr\/wp-content\/uploads\/2017\/03\/ECO-150x150.png 150w, https:\/\/buenavita.fr\/wp-content\/uploads\/2017\/03\/ECO-120x120.png 120w\" sizes=\"auto, (max-width: 100px) 85vw, 100px\" \/><\/p>\n<p>&nbsp;<\/p>\n","protected":false},"featured_media":8818,"comment_status":"closed","ping_status":"closed","template":"","meta":{"_acf_changed":false},"product_brand":[],"product_cat":[21],"product_tag":[],"class_list":{"0":"post-8813","1":"product","2":"type-product","3":"status-publish","4":"has-post-thumbnail","6":"product_cat-capsules","8":"first","9":"instock","10":"taxable","11":"shipping-taxable","12":"purchasable","13":"product-type-simple"},"supplier_id":null,"supplier_sku":"","barcode":null,"atum_controlled":false,"out_stock_date":null,"out_stock_threshold":null,"inheritable":false,"inbound_stock":null,"stock_on_hold":0,"sold_today":0,"sales_last_days":0,"reserved_stock":null,"customer_returns":null,"warehouse_damage":null,"lost_in_post":null,"other_logs":null,"out_stock_days":0,"lost_sales":0,"has_location":false,"update_date":"2026-05-01T03:13:20","atum_locations":[],"atum_stock_status":"instock","restock_status":false,"low_stock_amount":"","sales_update_date":"2026-05-01T03:13:20","calc_backorders":null,"acf":[],"yoast_head":"<!-- This site is optimized with the Yoast SEO plugin v27.0 - https:\/\/yoast.com\/product\/yoast-seo-wordpress\/ -->\n<title>Placevole - LB (100 capsules) Compatible Lavazza Blue - Buenavita<\/title>\n<meta name=\"description\" content=\"100 capsules. Les capsules Dulchetto vous ferons voyager en Am\u00e9riques du Sud, en Afrique et en Asie. Avec son go\u00fbt \u00e9quilibr\u00e9s et doux (30% Arabica et 70% Robusta). D\u00e9couvrez tous les ar\u00f4mes des plus grands caf\u00e9s, savamment torr\u00e9fi\u00e9s pour cr\u00e9er une capsule d&#039;exception.\" \/>\n<meta name=\"robots\" content=\"index, follow, max-snippet:-1, max-image-preview:large, max-video-preview:-1\" \/>\n<link rel=\"canonical\" href=\"https:\/\/buenavita.fr\/boutique\/boutique\/placevole-lb-100-capsules-copie\/\" \/>\n<meta property=\"og:locale\" content=\"fr_FR\" \/>\n<meta property=\"og:type\" content=\"article\" \/>\n<meta property=\"og:title\" content=\"Placevole - LB (100 capsules) Compatible Lavazza Blue - Buenavita\" \/>\n<meta property=\"og:description\" content=\"100 capsules. Les capsules Dulchetto vous ferons voyager en Am\u00e9riques du Sud, en Afrique et en Asie. Avec son go\u00fbt \u00e9quilibr\u00e9s et doux (30% Arabica et 70% Robusta). D\u00e9couvrez tous les ar\u00f4mes des plus grands caf\u00e9s, savamment torr\u00e9fi\u00e9s pour cr\u00e9er une capsule d&#039;exception.\" \/>\n<meta property=\"og:url\" content=\"https:\/\/buenavita.fr\/boutique\/boutique\/placevole-lb-100-capsules-copie\/\" \/>\n<meta property=\"og:site_name\" content=\"Buenavita\" \/>\n<meta property=\"article:publisher\" content=\"https:\/\/www.facebook.com\/buenavita.cafe\/\" \/>\n<meta property=\"article:modified_time\" content=\"2025-09-16T08:24:28+00:00\" \/>\n<meta property=\"og:image\" content=\"https:\/\/buenavita.fr\/wp-content\/uploads\/2021\/09\/Capsula_Tupinamba-Placevole.jpg\" \/>\n\t<meta property=\"og:image:width\" content=\"1000\" \/>\n\t<meta property=\"og:image:height\" content=\"750\" \/>\n\t<meta property=\"og:image:type\" content=\"image\/jpeg\" \/>\n<meta name=\"twitter:card\" content=\"summary_large_image\" \/>\n<meta name=\"twitter:site\" content=\"@CafeBuenavita\" \/>\n<meta name=\"twitter:label1\" content=\"Dur\u00e9e de lecture estim\u00e9e\" \/>\n\t<meta name=\"twitter:data1\" content=\"1 minute\" \/>\n<script type=\"application\/ld+json\" class=\"yoast-schema-graph\">{\"@context\":\"https:\/\/schema.org\",\"@graph\":[{\"@type\":\"WebPage\",\"@id\":\"https:\/\/buenavita.fr\/boutique\/boutique\/placevole-lb-100-capsules-copie\/\",\"url\":\"https:\/\/buenavita.fr\/boutique\/boutique\/placevole-lb-100-capsules-copie\/\",\"name\":\"Placevole - LB (100 capsules) Compatible Lavazza Blue - Buenavita\",\"isPartOf\":{\"@id\":\"https:\/\/buenavita.fr\/boutique\/#website\"},\"primaryImageOfPage\":{\"@id\":\"https:\/\/buenavita.fr\/boutique\/boutique\/placevole-lb-100-capsules-copie\/#primaryimage\"},\"image\":{\"@id\":\"https:\/\/buenavita.fr\/boutique\/boutique\/placevole-lb-100-capsules-copie\/#primaryimage\"},\"thumbnailUrl\":\"https:\/\/buenavita.fr\/wp-content\/uploads\/2021\/09\/Capsula_Tupinamba-Placevole.jpg\",\"datePublished\":\"2021-09-20T10:27:10+00:00\",\"dateModified\":\"2025-09-16T08:24:28+00:00\",\"description\":\"100 capsules. Les capsules Dulchetto vous ferons voyager en Am\u00e9riques du Sud, en Afrique et en Asie. Avec son go\u00fbt \u00e9quilibr\u00e9s et doux (30% Arabica et 70% Robusta). D\u00e9couvrez tous les ar\u00f4mes des plus grands caf\u00e9s, savamment torr\u00e9fi\u00e9s pour cr\u00e9er une capsule d'exception.\",\"breadcrumb\":{\"@id\":\"https:\/\/buenavita.fr\/boutique\/boutique\/placevole-lb-100-capsules-copie\/#breadcrumb\"},\"inLanguage\":\"fr-FR\",\"potentialAction\":[{\"@type\":\"ReadAction\",\"target\":[\"https:\/\/buenavita.fr\/boutique\/boutique\/placevole-lb-100-capsules-copie\/\"]}]},{\"@type\":\"ImageObject\",\"inLanguage\":\"fr-FR\",\"@id\":\"https:\/\/buenavita.fr\/boutique\/boutique\/placevole-lb-100-capsules-copie\/#primaryimage\",\"url\":\"https:\/\/buenavita.fr\/wp-content\/uploads\/2021\/09\/Capsula_Tupinamba-Placevole.jpg\",\"contentUrl\":\"https:\/\/buenavita.fr\/wp-content\/uploads\/2021\/09\/Capsula_Tupinamba-Placevole.jpg\",\"width\":1000,\"height\":750},{\"@type\":\"BreadcrumbList\",\"@id\":\"https:\/\/buenavita.fr\/boutique\/boutique\/placevole-lb-100-capsules-copie\/#breadcrumb\",\"itemListElement\":[{\"@type\":\"ListItem\",\"position\":1,\"name\":\"Accueil\",\"item\":\"https:\/\/buenavita.fr\/boutique\/\"},{\"@type\":\"ListItem\",\"position\":2,\"name\":\"Placevole &#8211; LB (100 capsules) Compatible Lavazza Blue\"}]},{\"@type\":\"WebSite\",\"@id\":\"https:\/\/buenavita.fr\/boutique\/#website\",\"url\":\"https:\/\/buenavita.fr\/boutique\/\",\"name\":\"Buenavita\",\"description\":\"100% plaisir - sans allerg\u00e8ne - Eco responsable\",\"potentialAction\":[{\"@type\":\"SearchAction\",\"target\":{\"@type\":\"EntryPoint\",\"urlTemplate\":\"https:\/\/buenavita.fr\/boutique\/?s={search_term_string}\"},\"query-input\":{\"@type\":\"PropertyValueSpecification\",\"valueRequired\":true,\"valueName\":\"search_term_string\"}}],\"inLanguage\":\"fr-FR\"}]}<\/script>\n<!-- \/ Yoast SEO plugin. -->","yoast_head_json":{"title":"Placevole - LB (100 capsules) Compatible Lavazza Blue - Buenavita","description":"100 capsules. Les capsules Dulchetto vous ferons voyager en Am\u00e9riques du Sud, en Afrique et en Asie. Avec son go\u00fbt \u00e9quilibr\u00e9s et doux (30% Arabica et 70% Robusta). D\u00e9couvrez tous les ar\u00f4mes des plus grands caf\u00e9s, savamment torr\u00e9fi\u00e9s pour cr\u00e9er une capsule d'exception.","robots":{"index":"index","follow":"follow","max-snippet":"max-snippet:-1","max-image-preview":"max-image-preview:large","max-video-preview":"max-video-preview:-1"},"canonical":"https:\/\/buenavita.fr\/boutique\/boutique\/placevole-lb-100-capsules-copie\/","og_locale":"fr_FR","og_type":"article","og_title":"Placevole - LB (100 capsules) Compatible Lavazza Blue - Buenavita","og_description":"100 capsules. Les capsules Dulchetto vous ferons voyager en Am\u00e9riques du Sud, en Afrique et en Asie. Avec son go\u00fbt \u00e9quilibr\u00e9s et doux (30% Arabica et 70% Robusta). D\u00e9couvrez tous les ar\u00f4mes des plus grands caf\u00e9s, savamment torr\u00e9fi\u00e9s pour cr\u00e9er une capsule d'exception.","og_url":"https:\/\/buenavita.fr\/boutique\/boutique\/placevole-lb-100-capsules-copie\/","og_site_name":"Buenavita","article_publisher":"https:\/\/www.facebook.com\/buenavita.cafe\/","article_modified_time":"2025-09-16T08:24:28+00:00","og_image":[{"width":1000,"height":750,"url":"https:\/\/buenavita.fr\/wp-content\/uploads\/2021\/09\/Capsula_Tupinamba-Placevole.jpg","type":"image\/jpeg"}],"twitter_card":"summary_large_image","twitter_site":"@CafeBuenavita","twitter_misc":{"Dur\u00e9e de lecture estim\u00e9e":"1 minute"},"schema":{"@context":"https:\/\/schema.org","@graph":[{"@type":"WebPage","@id":"https:\/\/buenavita.fr\/boutique\/boutique\/placevole-lb-100-capsules-copie\/","url":"https:\/\/buenavita.fr\/boutique\/boutique\/placevole-lb-100-capsules-copie\/","name":"Placevole - LB (100 capsules) Compatible Lavazza Blue - Buenavita","isPartOf":{"@id":"https:\/\/buenavita.fr\/boutique\/#website"},"primaryImageOfPage":{"@id":"https:\/\/buenavita.fr\/boutique\/boutique\/placevole-lb-100-capsules-copie\/#primaryimage"},"image":{"@id":"https:\/\/buenavita.fr\/boutique\/boutique\/placevole-lb-100-capsules-copie\/#primaryimage"},"thumbnailUrl":"https:\/\/buenavita.fr\/wp-content\/uploads\/2021\/09\/Capsula_Tupinamba-Placevole.jpg","datePublished":"2021-09-20T10:27:10+00:00","dateModified":"2025-09-16T08:24:28+00:00","description":"100 capsules. Les capsules Dulchetto vous ferons voyager en Am\u00e9riques du Sud, en Afrique et en Asie. Avec son go\u00fbt \u00e9quilibr\u00e9s et doux (30% Arabica et 70% Robusta). D\u00e9couvrez tous les ar\u00f4mes des plus grands caf\u00e9s, savamment torr\u00e9fi\u00e9s pour cr\u00e9er une capsule d'exception.","breadcrumb":{"@id":"https:\/\/buenavita.fr\/boutique\/boutique\/placevole-lb-100-capsules-copie\/#breadcrumb"},"inLanguage":"fr-FR","potentialAction":[{"@type":"ReadAction","target":["https:\/\/buenavita.fr\/boutique\/boutique\/placevole-lb-100-capsules-copie\/"]}]},{"@type":"ImageObject","inLanguage":"fr-FR","@id":"https:\/\/buenavita.fr\/boutique\/boutique\/placevole-lb-100-capsules-copie\/#primaryimage","url":"https:\/\/buenavita.fr\/wp-content\/uploads\/2021\/09\/Capsula_Tupinamba-Placevole.jpg","contentUrl":"https:\/\/buenavita.fr\/wp-content\/uploads\/2021\/09\/Capsula_Tupinamba-Placevole.jpg","width":1000,"height":750},{"@type":"BreadcrumbList","@id":"https:\/\/buenavita.fr\/boutique\/boutique\/placevole-lb-100-capsules-copie\/#breadcrumb","itemListElement":[{"@type":"ListItem","position":1,"name":"Accueil","item":"https:\/\/buenavita.fr\/boutique\/"},{"@type":"ListItem","position":2,"name":"Placevole &#8211; LB (100 capsules) Compatible Lavazza Blue"}]},{"@type":"WebSite","@id":"https:\/\/buenavita.fr\/boutique\/#website","url":"https:\/\/buenavita.fr\/boutique\/","name":"Buenavita","description":"100% plaisir - sans allerg\u00e8ne - Eco responsable","potentialAction":[{"@type":"SearchAction","target":{"@type":"EntryPoint","urlTemplate":"https:\/\/buenavita.fr\/boutique\/?s={search_term_string}"},"query-input":{"@type":"PropertyValueSpecification","valueRequired":true,"valueName":"search_term_string"}}],"inLanguage":"fr-FR"}]}},"_links":{"self":[{"href":"https:\/\/buenavita.fr\/boutique\/wp-json\/wp\/v2\/product\/8813","targetHints":{"allow":["GET"]}}],"collection":[{"href":"https:\/\/buenavita.fr\/boutique\/wp-json\/wp\/v2\/product"}],"about":[{"href":"https:\/\/buenavita.fr\/boutique\/wp-json\/wp\/v2\/types\/product"}],"replies":[{"embeddable":true,"href":"https:\/\/buenavita.fr\/boutique\/wp-json\/wp\/v2\/comments?post=8813"}],"wp:featuredmedia":[{"embeddable":true,"href":"https:\/\/buenavita.fr\/boutique\/wp-json\/wp\/v2\/media\/8818"}],"wp:attachment":[{"href":"https:\/\/buenavita.fr\/boutique\/wp-json\/wp\/v2\/media?parent=8813"}],"wp:term":[{"taxonomy":"product_brand","embeddable":true,"href":"https:\/\/buenavita.fr\/boutique\/wp-json\/wp\/v2\/product_brand?post=8813"},{"taxonomy":"product_cat","embeddable":true,"href":"https:\/\/buenavita.fr\/boutique\/wp-json\/wp\/v2\/product_cat?post=8813"},{"taxonomy":"product_tag","embeddable":true,"href":"https:\/\/buenavita.fr\/boutique\/wp-json\/wp\/v2\/product_tag?post=8813"}],"curies":[{"name":"wp","href":"https:\/\/api.w.org\/{rel}","templated":true}]}}