{"id":8709,"date":"2020-12-15T14:59:14","date_gmt":"2020-12-15T13:59:14","guid":{"rendered":"https:\/\/buenavita.fr\/boutique\/?post_type=product&#038;p=8709"},"modified":"2025-09-16T10:32:28","modified_gmt":"2025-09-16T08:32:28","slug":"cafe-grain-buenavita-bio-origine-honduras-inde-1kg","status":"publish","type":"product","link":"https:\/\/buenavita.fr\/boutique\/boutique\/cafe-grain-buenavita-bio-origine-honduras-inde-1kg\/","title":{"rendered":"Caf\u00e9 grain Buenavita Bio origine HONDURAS\/INDE (1kg)"},"content":{"rendered":"<p>Caf\u00e9 grain issu de l&rsquo;agriculture biologique 65% Arabica et 35% Robusta, origine Honduras et Indian Cherry.<\/p>\n","protected":false},"excerpt":{"rendered":"<p>Pour nos caf\u00e9s, nous sommes all\u00e9s encore plus loin dans la <b>recherche d\u2019ar\u00f4me et de saveurs.<\/b><\/p>\n<p>Vous retrouverez un caf\u00e9 grain puissant et riche en saveur, le savant m\u00e9lange des caf\u00e9 grains en <b>provenance du Honduras et d&rsquo;Inde<\/b>, vous fera voyager au c\u0153ur d\u2019un caf\u00e9 raffin\u00e9 et subtil.<\/p>\n<p>&nbsp;<\/p>\n<p>Certification ISO 9001:2015.<\/p>\n<p><img loading=\"lazy\" decoding=\"async\" class=\"aligncenter wp-image-794\" src=\"https:\/\/buenavita.fr\/wp-content\/uploads\/2017\/03\/FDPOFFERT.png\" alt=\"\" width=\"100\" height=\"100\" srcset=\"https:\/\/buenavita.fr\/wp-content\/uploads\/2017\/03\/FDPOFFERT.png 200w, https:\/\/buenavita.fr\/wp-content\/uploads\/2017\/03\/FDPOFFERT-100x100.png 100w, https:\/\/buenavita.fr\/wp-content\/uploads\/2017\/03\/FDPOFFERT-150x150.png 150w, https:\/\/buenavita.fr\/wp-content\/uploads\/2017\/03\/FDPOFFERT-120x120.png 120w\" sizes=\"auto, (max-width: 100px) 85vw, 100px\" \/> <img loading=\"lazy\" decoding=\"async\" class=\"aligncenter wp-image-795\" src=\"https:\/\/buenavita.fr\/wp-content\/uploads\/2017\/03\/SAFEPAY.png\" alt=\"\" width=\"100\" height=\"100\" srcset=\"https:\/\/buenavita.fr\/wp-content\/uploads\/2017\/03\/SAFEPAY.png 200w, https:\/\/buenavita.fr\/wp-content\/uploads\/2017\/03\/SAFEPAY-100x100.png 100w, https:\/\/buenavita.fr\/wp-content\/uploads\/2017\/03\/SAFEPAY-150x150.png 150w, https:\/\/buenavita.fr\/wp-content\/uploads\/2017\/03\/SAFEPAY-120x120.png 120w\" sizes=\"auto, (max-width: 100px) 85vw, 100px\" \/> <img loading=\"lazy\" decoding=\"async\" class=\"aligncenter wp-image-796\" src=\"https:\/\/buenavita.fr\/wp-content\/uploads\/2017\/03\/AGENCES.png\" alt=\"\" width=\"100\" height=\"100\" srcset=\"https:\/\/buenavita.fr\/wp-content\/uploads\/2017\/03\/AGENCES.png 200w, https:\/\/buenavita.fr\/wp-content\/uploads\/2017\/03\/AGENCES-100x100.png 100w, https:\/\/buenavita.fr\/wp-content\/uploads\/2017\/03\/AGENCES-150x150.png 150w, https:\/\/buenavita.fr\/wp-content\/uploads\/2017\/03\/AGENCES-120x120.png 120w\" sizes=\"auto, (max-width: 100px) 85vw, 100px\" \/> <img loading=\"lazy\" decoding=\"async\" class=\"aligncenter wp-image-797\" src=\"https:\/\/buenavita.fr\/wp-content\/uploads\/2017\/03\/ECO.png\" alt=\"\" width=\"100\" height=\"100\" srcset=\"https:\/\/buenavita.fr\/wp-content\/uploads\/2017\/03\/ECO.png 200w, https:\/\/buenavita.fr\/wp-content\/uploads\/2017\/03\/ECO-100x100.png 100w, https:\/\/buenavita.fr\/wp-content\/uploads\/2017\/03\/ECO-150x150.png 150w, https:\/\/buenavita.fr\/wp-content\/uploads\/2017\/03\/ECO-120x120.png 120w\" sizes=\"auto, (max-width: 100px) 85vw, 100px\" \/><\/p>\n<p><img loading=\"lazy\" decoding=\"async\" class=\"alignnone size-thumbnail wp-image-8692 aligncenter\" src=\"https:\/\/buenavita.fr\/wp-content\/uploads\/2020\/12\/LOGO-BIO-200x200.png\" alt=\"\" width=\"200\" height=\"200\" \/><\/p>\n","protected":false},"featured_media":9265,"comment_status":"closed","ping_status":"closed","template":"","meta":{"_acf_changed":false},"product_brand":[],"product_cat":[70],"product_tag":[],"class_list":{"0":"post-8709","1":"product","2":"type-product","3":"status-publish","4":"has-post-thumbnail","6":"product_cat-bio","8":"first","9":"instock","10":"taxable","11":"shipping-taxable","12":"purchasable","13":"product-type-simple"},"supplier_id":null,"supplier_sku":"","barcode":null,"atum_controlled":false,"out_stock_date":null,"out_stock_threshold":null,"inheritable":false,"inbound_stock":null,"stock_on_hold":16,"sold_today":0,"sales_last_days":0,"reserved_stock":null,"customer_returns":null,"warehouse_damage":null,"lost_in_post":null,"other_logs":null,"out_stock_days":0,"lost_sales":0,"has_location":false,"update_date":"2026-04-29T03:07:17","atum_locations":[],"atum_stock_status":"instock","restock_status":false,"low_stock_amount":"","sales_update_date":"2026-04-29T03:07:17","calc_backorders":null,"acf":[],"yoast_head":"<!-- This site is optimized with the Yoast SEO plugin v27.0 - https:\/\/yoast.com\/product\/yoast-seo-wordpress\/ -->\n<title>Caf\u00e9 grain Buenavita Bio origine HONDURAS\/INDE (1kg) - Buenavita<\/title>\n<meta name=\"description\" content=\"Caf\u00e9 grain issu de l&#039;agriculture biologique 65% Arabica et 35% Robusta, origine Honduras et Indian Cherry.\" \/>\n<meta name=\"robots\" content=\"index, follow, max-snippet:-1, max-image-preview:large, max-video-preview:-1\" \/>\n<link rel=\"canonical\" href=\"https:\/\/buenavita.fr\/boutique\/boutique\/cafe-grain-buenavita-bio-origine-honduras-inde-1kg\/\" \/>\n<meta property=\"og:locale\" content=\"fr_FR\" \/>\n<meta property=\"og:type\" content=\"article\" \/>\n<meta property=\"og:title\" content=\"Caf\u00e9 grain Buenavita Bio origine HONDURAS\/INDE (1kg) - Buenavita\" \/>\n<meta property=\"og:description\" content=\"Caf\u00e9 grain issu de l&#039;agriculture biologique 65% Arabica et 35% Robusta, origine Honduras et Indian Cherry.\" \/>\n<meta property=\"og:url\" content=\"https:\/\/buenavita.fr\/boutique\/boutique\/cafe-grain-buenavita-bio-origine-honduras-inde-1kg\/\" \/>\n<meta property=\"og:site_name\" content=\"Buenavita\" \/>\n<meta property=\"article:publisher\" content=\"https:\/\/www.facebook.com\/buenavita.cafe\/\" \/>\n<meta property=\"article:modified_time\" content=\"2025-09-16T08:32:28+00:00\" \/>\n<meta property=\"og:image\" content=\"https:\/\/buenavita.fr\/wp-content\/uploads\/2017\/03\/CAFE-GRAIN-BIO-1.png\" \/>\n\t<meta property=\"og:image:width\" content=\"1024\" \/>\n\t<meta property=\"og:image:height\" content=\"1024\" \/>\n\t<meta property=\"og:image:type\" content=\"image\/png\" \/>\n<meta name=\"twitter:card\" content=\"summary_large_image\" \/>\n<meta name=\"twitter:site\" content=\"@CafeBuenavita\" \/>\n<meta name=\"twitter:label1\" content=\"Dur\u00e9e de lecture estim\u00e9e\" \/>\n\t<meta name=\"twitter:data1\" content=\"1 minute\" \/>\n<script type=\"application\/ld+json\" class=\"yoast-schema-graph\">{\"@context\":\"https:\/\/schema.org\",\"@graph\":[{\"@type\":\"WebPage\",\"@id\":\"https:\/\/buenavita.fr\/boutique\/boutique\/cafe-grain-buenavita-bio-origine-honduras-inde-1kg\/\",\"url\":\"https:\/\/buenavita.fr\/boutique\/boutique\/cafe-grain-buenavita-bio-origine-honduras-inde-1kg\/\",\"name\":\"Caf\u00e9 grain Buenavita Bio origine HONDURAS\/INDE (1kg) - Buenavita\",\"isPartOf\":{\"@id\":\"https:\/\/buenavita.fr\/boutique\/#website\"},\"primaryImageOfPage\":{\"@id\":\"https:\/\/buenavita.fr\/boutique\/boutique\/cafe-grain-buenavita-bio-origine-honduras-inde-1kg\/#primaryimage\"},\"image\":{\"@id\":\"https:\/\/buenavita.fr\/boutique\/boutique\/cafe-grain-buenavita-bio-origine-honduras-inde-1kg\/#primaryimage\"},\"thumbnailUrl\":\"https:\/\/buenavita.fr\/wp-content\/uploads\/2017\/03\/CAFE-GRAIN-BIO-1.png\",\"datePublished\":\"2020-12-15T13:59:14+00:00\",\"dateModified\":\"2025-09-16T08:32:28+00:00\",\"description\":\"Caf\u00e9 grain issu de l'agriculture biologique 65% Arabica et 35% Robusta, origine Honduras et Indian Cherry.\",\"breadcrumb\":{\"@id\":\"https:\/\/buenavita.fr\/boutique\/boutique\/cafe-grain-buenavita-bio-origine-honduras-inde-1kg\/#breadcrumb\"},\"inLanguage\":\"fr-FR\",\"potentialAction\":[{\"@type\":\"ReadAction\",\"target\":[\"https:\/\/buenavita.fr\/boutique\/boutique\/cafe-grain-buenavita-bio-origine-honduras-inde-1kg\/\"]}]},{\"@type\":\"ImageObject\",\"inLanguage\":\"fr-FR\",\"@id\":\"https:\/\/buenavita.fr\/boutique\/boutique\/cafe-grain-buenavita-bio-origine-honduras-inde-1kg\/#primaryimage\",\"url\":\"https:\/\/buenavita.fr\/wp-content\/uploads\/2017\/03\/CAFE-GRAIN-BIO-1.png\",\"contentUrl\":\"https:\/\/buenavita.fr\/wp-content\/uploads\/2017\/03\/CAFE-GRAIN-BIO-1.png\",\"width\":1024,\"height\":1024},{\"@type\":\"BreadcrumbList\",\"@id\":\"https:\/\/buenavita.fr\/boutique\/boutique\/cafe-grain-buenavita-bio-origine-honduras-inde-1kg\/#breadcrumb\",\"itemListElement\":[{\"@type\":\"ListItem\",\"position\":1,\"name\":\"Accueil\",\"item\":\"https:\/\/buenavita.fr\/boutique\/\"},{\"@type\":\"ListItem\",\"position\":2,\"name\":\"Caf\u00e9 grain Buenavita Bio origine HONDURAS\/INDE (1kg)\"}]},{\"@type\":\"WebSite\",\"@id\":\"https:\/\/buenavita.fr\/boutique\/#website\",\"url\":\"https:\/\/buenavita.fr\/boutique\/\",\"name\":\"Buenavita\",\"description\":\"100% plaisir - sans allerg\u00e8ne - Eco responsable\",\"potentialAction\":[{\"@type\":\"SearchAction\",\"target\":{\"@type\":\"EntryPoint\",\"urlTemplate\":\"https:\/\/buenavita.fr\/boutique\/?s={search_term_string}\"},\"query-input\":{\"@type\":\"PropertyValueSpecification\",\"valueRequired\":true,\"valueName\":\"search_term_string\"}}],\"inLanguage\":\"fr-FR\"}]}<\/script>\n<!-- \/ Yoast SEO plugin. -->","yoast_head_json":{"title":"Caf\u00e9 grain Buenavita Bio origine HONDURAS\/INDE (1kg) - Buenavita","description":"Caf\u00e9 grain issu de l'agriculture biologique 65% Arabica et 35% Robusta, origine Honduras et Indian Cherry.","robots":{"index":"index","follow":"follow","max-snippet":"max-snippet:-1","max-image-preview":"max-image-preview:large","max-video-preview":"max-video-preview:-1"},"canonical":"https:\/\/buenavita.fr\/boutique\/boutique\/cafe-grain-buenavita-bio-origine-honduras-inde-1kg\/","og_locale":"fr_FR","og_type":"article","og_title":"Caf\u00e9 grain Buenavita Bio origine HONDURAS\/INDE (1kg) - Buenavita","og_description":"Caf\u00e9 grain issu de l'agriculture biologique 65% Arabica et 35% Robusta, origine Honduras et Indian Cherry.","og_url":"https:\/\/buenavita.fr\/boutique\/boutique\/cafe-grain-buenavita-bio-origine-honduras-inde-1kg\/","og_site_name":"Buenavita","article_publisher":"https:\/\/www.facebook.com\/buenavita.cafe\/","article_modified_time":"2025-09-16T08:32:28+00:00","og_image":[{"width":1024,"height":1024,"url":"https:\/\/buenavita.fr\/wp-content\/uploads\/2017\/03\/CAFE-GRAIN-BIO-1.png","type":"image\/png"}],"twitter_card":"summary_large_image","twitter_site":"@CafeBuenavita","twitter_misc":{"Dur\u00e9e de lecture estim\u00e9e":"1 minute"},"schema":{"@context":"https:\/\/schema.org","@graph":[{"@type":"WebPage","@id":"https:\/\/buenavita.fr\/boutique\/boutique\/cafe-grain-buenavita-bio-origine-honduras-inde-1kg\/","url":"https:\/\/buenavita.fr\/boutique\/boutique\/cafe-grain-buenavita-bio-origine-honduras-inde-1kg\/","name":"Caf\u00e9 grain Buenavita Bio origine HONDURAS\/INDE (1kg) - Buenavita","isPartOf":{"@id":"https:\/\/buenavita.fr\/boutique\/#website"},"primaryImageOfPage":{"@id":"https:\/\/buenavita.fr\/boutique\/boutique\/cafe-grain-buenavita-bio-origine-honduras-inde-1kg\/#primaryimage"},"image":{"@id":"https:\/\/buenavita.fr\/boutique\/boutique\/cafe-grain-buenavita-bio-origine-honduras-inde-1kg\/#primaryimage"},"thumbnailUrl":"https:\/\/buenavita.fr\/wp-content\/uploads\/2017\/03\/CAFE-GRAIN-BIO-1.png","datePublished":"2020-12-15T13:59:14+00:00","dateModified":"2025-09-16T08:32:28+00:00","description":"Caf\u00e9 grain issu de l'agriculture biologique 65% Arabica et 35% Robusta, origine Honduras et Indian Cherry.","breadcrumb":{"@id":"https:\/\/buenavita.fr\/boutique\/boutique\/cafe-grain-buenavita-bio-origine-honduras-inde-1kg\/#breadcrumb"},"inLanguage":"fr-FR","potentialAction":[{"@type":"ReadAction","target":["https:\/\/buenavita.fr\/boutique\/boutique\/cafe-grain-buenavita-bio-origine-honduras-inde-1kg\/"]}]},{"@type":"ImageObject","inLanguage":"fr-FR","@id":"https:\/\/buenavita.fr\/boutique\/boutique\/cafe-grain-buenavita-bio-origine-honduras-inde-1kg\/#primaryimage","url":"https:\/\/buenavita.fr\/wp-content\/uploads\/2017\/03\/CAFE-GRAIN-BIO-1.png","contentUrl":"https:\/\/buenavita.fr\/wp-content\/uploads\/2017\/03\/CAFE-GRAIN-BIO-1.png","width":1024,"height":1024},{"@type":"BreadcrumbList","@id":"https:\/\/buenavita.fr\/boutique\/boutique\/cafe-grain-buenavita-bio-origine-honduras-inde-1kg\/#breadcrumb","itemListElement":[{"@type":"ListItem","position":1,"name":"Accueil","item":"https:\/\/buenavita.fr\/boutique\/"},{"@type":"ListItem","position":2,"name":"Caf\u00e9 grain Buenavita Bio origine HONDURAS\/INDE (1kg)"}]},{"@type":"WebSite","@id":"https:\/\/buenavita.fr\/boutique\/#website","url":"https:\/\/buenavita.fr\/boutique\/","name":"Buenavita","description":"100% plaisir - sans allerg\u00e8ne - Eco responsable","potentialAction":[{"@type":"SearchAction","target":{"@type":"EntryPoint","urlTemplate":"https:\/\/buenavita.fr\/boutique\/?s={search_term_string}"},"query-input":{"@type":"PropertyValueSpecification","valueRequired":true,"valueName":"search_term_string"}}],"inLanguage":"fr-FR"}]}},"_links":{"self":[{"href":"https:\/\/buenavita.fr\/boutique\/wp-json\/wp\/v2\/product\/8709","targetHints":{"allow":["GET"]}}],"collection":[{"href":"https:\/\/buenavita.fr\/boutique\/wp-json\/wp\/v2\/product"}],"about":[{"href":"https:\/\/buenavita.fr\/boutique\/wp-json\/wp\/v2\/types\/product"}],"replies":[{"embeddable":true,"href":"https:\/\/buenavita.fr\/boutique\/wp-json\/wp\/v2\/comments?post=8709"}],"wp:featuredmedia":[{"embeddable":true,"href":"https:\/\/buenavita.fr\/boutique\/wp-json\/wp\/v2\/media\/9265"}],"wp:attachment":[{"href":"https:\/\/buenavita.fr\/boutique\/wp-json\/wp\/v2\/media?parent=8709"}],"wp:term":[{"taxonomy":"product_brand","embeddable":true,"href":"https:\/\/buenavita.fr\/boutique\/wp-json\/wp\/v2\/product_brand?post=8709"},{"taxonomy":"product_cat","embeddable":true,"href":"https:\/\/buenavita.fr\/boutique\/wp-json\/wp\/v2\/product_cat?post=8709"},{"taxonomy":"product_tag","embeddable":true,"href":"https:\/\/buenavita.fr\/boutique\/wp-json\/wp\/v2\/product_tag?post=8709"}],"curies":[{"name":"wp","href":"https:\/\/api.w.org\/{rel}","templated":true}]}}