{"id":368,"date":"2017-03-28T10:18:10","date_gmt":"2017-03-28T08:18:10","guid":{"rendered":"https:\/\/buenavita.fr\/?post_type=product&#038;p=368"},"modified":"2025-09-16T09:35:40","modified_gmt":"2025-09-16T07:35:40","slug":"boisson-cacaotee","status":"publish","type":"product","link":"https:\/\/buenavita.fr\/boutique\/boutique\/boisson-cacaotee\/","title":{"rendered":"Boisson cacaot\u00e9e (1kg)"},"content":{"rendered":"<p style=\"text-align: justify;\">Composition : sucre, lactos\u00e9rum doux en poudre, cacao fortement d\u00e9graiss\u00e9 en poudre 14% , poudre de lait \u00e9cr\u00e9m\u00e9, sel,<span style=\"font-size: 12pt;\"> \u00e9paississant (E 466), antiagglom\u00e9rant (E 551), ar\u00f4me (contient du lactose).<\/span><\/p>\n<p>&nbsp;<\/p>\n","protected":false},"excerpt":{"rendered":"<p>Retrouvez toute l\u2019onctuosit\u00e9 et la richesse d\u2019un bon chocolat chaud maison avec notre recette de boissons cacaot\u00e9 garantit sans allerg\u00e8nes alimentaires majeur * (hors lait)<\/p>\n","protected":false},"featured_media":8671,"comment_status":"open","ping_status":"closed","template":"","meta":{"_acf_changed":false},"product_brand":[],"product_cat":[24],"product_tag":[],"class_list":{"0":"post-368","1":"product","2":"type-product","3":"status-publish","4":"has-post-thumbnail","6":"product_cat-chocolats","8":"first","9":"instock","10":"taxable","11":"shipping-taxable","12":"purchasable","13":"product-type-simple"},"supplier_id":null,"supplier_sku":"","barcode":null,"atum_controlled":false,"out_stock_date":null,"out_stock_threshold":null,"inheritable":false,"inbound_stock":null,"stock_on_hold":307,"sold_today":0,"sales_last_days":7,"reserved_stock":null,"customer_returns":null,"warehouse_damage":null,"lost_in_post":null,"other_logs":null,"out_stock_days":0,"lost_sales":0,"has_location":null,"update_date":"2026-05-09T03:41:49","atum_locations":[],"atum_stock_status":"instock","restock_status":false,"low_stock_amount":"","sales_update_date":"2026-05-09T03:41:49","calc_backorders":null,"acf":[],"yoast_head":"<!-- This site is optimized with the Yoast SEO plugin v27.5 - https:\/\/yoast.com\/product\/yoast-seo-wordpress\/ -->\n<title>Boisson cacaot\u00e9e (1kg) - Buenavita<\/title>\n<meta name=\"robots\" content=\"index, follow, max-snippet:-1, max-image-preview:large, max-video-preview:-1\" \/>\n<link rel=\"canonical\" href=\"https:\/\/buenavita.fr\/boutique\/boutique\/boisson-cacaotee\/\" \/>\n<meta property=\"og:locale\" content=\"fr_FR\" \/>\n<meta property=\"og:type\" content=\"article\" \/>\n<meta property=\"og:title\" content=\"Boisson cacaot\u00e9e (1kg) - Buenavita\" \/>\n<meta property=\"og:description\" content=\"Retrouvez toute l\u2019onctuosit\u00e9 et la richesse d\u2019un bon chocolat chaud maison avec notre recette de boissons cacaot\u00e9 garantit sans allerg\u00e8nes alimentaires majeur * (hors lait)\" \/>\n<meta property=\"og:url\" content=\"https:\/\/buenavita.fr\/boutique\/boutique\/boisson-cacaotee\/\" \/>\n<meta property=\"og:site_name\" content=\"Buenavita\" \/>\n<meta property=\"article:publisher\" content=\"https:\/\/www.facebook.com\/buenavita.cafe\/\" \/>\n<meta property=\"article:modified_time\" content=\"2025-09-16T07:35:40+00:00\" \/>\n<meta property=\"og:image\" content=\"https:\/\/buenavita.fr\/wp-content\/uploads\/2019\/09\/Diapositive6-1.png\" \/>\n\t<meta property=\"og:image:width\" content=\"720\" \/>\n\t<meta property=\"og:image:height\" content=\"1040\" \/>\n\t<meta property=\"og:image:type\" content=\"image\/png\" \/>\n<meta name=\"twitter:card\" content=\"summary_large_image\" \/>\n<meta name=\"twitter:site\" content=\"@CafeBuenavita\" \/>\n<script type=\"application\/ld+json\" class=\"yoast-schema-graph\">{\"@context\":\"https:\\\/\\\/schema.org\",\"@graph\":[{\"@type\":\"WebPage\",\"@id\":\"https:\\\/\\\/buenavita.fr\\\/boutique\\\/boutique\\\/boisson-cacaotee\\\/\",\"url\":\"https:\\\/\\\/buenavita.fr\\\/boutique\\\/boutique\\\/boisson-cacaotee\\\/\",\"name\":\"Boisson cacaot\u00e9e (1kg) - Buenavita\",\"isPartOf\":{\"@id\":\"https:\\\/\\\/buenavita.fr\\\/boutique\\\/#website\"},\"primaryImageOfPage\":{\"@id\":\"https:\\\/\\\/buenavita.fr\\\/boutique\\\/boutique\\\/boisson-cacaotee\\\/#primaryimage\"},\"image\":{\"@id\":\"https:\\\/\\\/buenavita.fr\\\/boutique\\\/boutique\\\/boisson-cacaotee\\\/#primaryimage\"},\"thumbnailUrl\":\"https:\\\/\\\/buenavita.fr\\\/wp-content\\\/uploads\\\/2019\\\/09\\\/Diapositive6-1.png\",\"datePublished\":\"2017-03-28T08:18:10+00:00\",\"dateModified\":\"2025-09-16T07:35:40+00:00\",\"breadcrumb\":{\"@id\":\"https:\\\/\\\/buenavita.fr\\\/boutique\\\/boutique\\\/boisson-cacaotee\\\/#breadcrumb\"},\"inLanguage\":\"fr-FR\",\"potentialAction\":[{\"@type\":\"ReadAction\",\"target\":[\"https:\\\/\\\/buenavita.fr\\\/boutique\\\/boutique\\\/boisson-cacaotee\\\/\"]}]},{\"@type\":\"ImageObject\",\"inLanguage\":\"fr-FR\",\"@id\":\"https:\\\/\\\/buenavita.fr\\\/boutique\\\/boutique\\\/boisson-cacaotee\\\/#primaryimage\",\"url\":\"https:\\\/\\\/buenavita.fr\\\/wp-content\\\/uploads\\\/2019\\\/09\\\/Diapositive6-1.png\",\"contentUrl\":\"https:\\\/\\\/buenavita.fr\\\/wp-content\\\/uploads\\\/2019\\\/09\\\/Diapositive6-1.png\",\"width\":720,\"height\":1040},{\"@type\":\"BreadcrumbList\",\"@id\":\"https:\\\/\\\/buenavita.fr\\\/boutique\\\/boutique\\\/boisson-cacaotee\\\/#breadcrumb\",\"itemListElement\":[{\"@type\":\"ListItem\",\"position\":1,\"name\":\"Accueil\",\"item\":\"https:\\\/\\\/buenavita.fr\\\/boutique\\\/\"},{\"@type\":\"ListItem\",\"position\":2,\"name\":\"Boisson cacaot\u00e9e (1kg)\"}]},{\"@type\":\"WebSite\",\"@id\":\"https:\\\/\\\/buenavita.fr\\\/boutique\\\/#website\",\"url\":\"https:\\\/\\\/buenavita.fr\\\/boutique\\\/\",\"name\":\"Buenavita\",\"description\":\"100% plaisir - sans allerg\u00e8ne - Eco responsable\",\"potentialAction\":[{\"@type\":\"SearchAction\",\"target\":{\"@type\":\"EntryPoint\",\"urlTemplate\":\"https:\\\/\\\/buenavita.fr\\\/boutique\\\/?s={search_term_string}\"},\"query-input\":{\"@type\":\"PropertyValueSpecification\",\"valueRequired\":true,\"valueName\":\"search_term_string\"}}],\"inLanguage\":\"fr-FR\"}]}<\/script>\n<!-- \/ Yoast SEO plugin. -->","yoast_head_json":{"title":"Boisson cacaot\u00e9e (1kg) - Buenavita","robots":{"index":"index","follow":"follow","max-snippet":"max-snippet:-1","max-image-preview":"max-image-preview:large","max-video-preview":"max-video-preview:-1"},"canonical":"https:\/\/buenavita.fr\/boutique\/boutique\/boisson-cacaotee\/","og_locale":"fr_FR","og_type":"article","og_title":"Boisson cacaot\u00e9e (1kg) - Buenavita","og_description":"Retrouvez toute l\u2019onctuosit\u00e9 et la richesse d\u2019un bon chocolat chaud maison avec notre recette de boissons cacaot\u00e9 garantit sans allerg\u00e8nes alimentaires majeur * (hors lait)","og_url":"https:\/\/buenavita.fr\/boutique\/boutique\/boisson-cacaotee\/","og_site_name":"Buenavita","article_publisher":"https:\/\/www.facebook.com\/buenavita.cafe\/","article_modified_time":"2025-09-16T07:35:40+00:00","og_image":[{"width":720,"height":1040,"url":"https:\/\/buenavita.fr\/wp-content\/uploads\/2019\/09\/Diapositive6-1.png","type":"image\/png"}],"twitter_card":"summary_large_image","twitter_site":"@CafeBuenavita","schema":{"@context":"https:\/\/schema.org","@graph":[{"@type":"WebPage","@id":"https:\/\/buenavita.fr\/boutique\/boutique\/boisson-cacaotee\/","url":"https:\/\/buenavita.fr\/boutique\/boutique\/boisson-cacaotee\/","name":"Boisson cacaot\u00e9e (1kg) - Buenavita","isPartOf":{"@id":"https:\/\/buenavita.fr\/boutique\/#website"},"primaryImageOfPage":{"@id":"https:\/\/buenavita.fr\/boutique\/boutique\/boisson-cacaotee\/#primaryimage"},"image":{"@id":"https:\/\/buenavita.fr\/boutique\/boutique\/boisson-cacaotee\/#primaryimage"},"thumbnailUrl":"https:\/\/buenavita.fr\/wp-content\/uploads\/2019\/09\/Diapositive6-1.png","datePublished":"2017-03-28T08:18:10+00:00","dateModified":"2025-09-16T07:35:40+00:00","breadcrumb":{"@id":"https:\/\/buenavita.fr\/boutique\/boutique\/boisson-cacaotee\/#breadcrumb"},"inLanguage":"fr-FR","potentialAction":[{"@type":"ReadAction","target":["https:\/\/buenavita.fr\/boutique\/boutique\/boisson-cacaotee\/"]}]},{"@type":"ImageObject","inLanguage":"fr-FR","@id":"https:\/\/buenavita.fr\/boutique\/boutique\/boisson-cacaotee\/#primaryimage","url":"https:\/\/buenavita.fr\/wp-content\/uploads\/2019\/09\/Diapositive6-1.png","contentUrl":"https:\/\/buenavita.fr\/wp-content\/uploads\/2019\/09\/Diapositive6-1.png","width":720,"height":1040},{"@type":"BreadcrumbList","@id":"https:\/\/buenavita.fr\/boutique\/boutique\/boisson-cacaotee\/#breadcrumb","itemListElement":[{"@type":"ListItem","position":1,"name":"Accueil","item":"https:\/\/buenavita.fr\/boutique\/"},{"@type":"ListItem","position":2,"name":"Boisson cacaot\u00e9e (1kg)"}]},{"@type":"WebSite","@id":"https:\/\/buenavita.fr\/boutique\/#website","url":"https:\/\/buenavita.fr\/boutique\/","name":"Buenavita","description":"100% plaisir - sans allerg\u00e8ne - Eco responsable","potentialAction":[{"@type":"SearchAction","target":{"@type":"EntryPoint","urlTemplate":"https:\/\/buenavita.fr\/boutique\/?s={search_term_string}"},"query-input":{"@type":"PropertyValueSpecification","valueRequired":true,"valueName":"search_term_string"}}],"inLanguage":"fr-FR"}]}},"_links":{"self":[{"href":"https:\/\/buenavita.fr\/boutique\/wp-json\/wp\/v2\/product\/368","targetHints":{"allow":["GET"]}}],"collection":[{"href":"https:\/\/buenavita.fr\/boutique\/wp-json\/wp\/v2\/product"}],"about":[{"href":"https:\/\/buenavita.fr\/boutique\/wp-json\/wp\/v2\/types\/product"}],"replies":[{"embeddable":true,"href":"https:\/\/buenavita.fr\/boutique\/wp-json\/wp\/v2\/comments?post=368"}],"wp:featuredmedia":[{"embeddable":true,"href":"https:\/\/buenavita.fr\/boutique\/wp-json\/wp\/v2\/media\/8671"}],"wp:attachment":[{"href":"https:\/\/buenavita.fr\/boutique\/wp-json\/wp\/v2\/media?parent=368"}],"wp:term":[{"taxonomy":"product_brand","embeddable":true,"href":"https:\/\/buenavita.fr\/boutique\/wp-json\/wp\/v2\/product_brand?post=368"},{"taxonomy":"product_cat","embeddable":true,"href":"https:\/\/buenavita.fr\/boutique\/wp-json\/wp\/v2\/product_cat?post=368"},{"taxonomy":"product_tag","embeddable":true,"href":"https:\/\/buenavita.fr\/boutique\/wp-json\/wp\/v2\/product_tag?post=368"}],"curies":[{"name":"wp","href":"https:\/\/api.w.org\/{rel}","templated":true}]}}