{"id":2973,"date":"2019-09-06T11:48:22","date_gmt":"2019-09-06T09:48:22","guid":{"rendered":"https:\/\/buenavita.fr\/?post_type=product&#038;p=2973"},"modified":"2025-09-16T09:35:24","modified_gmt":"2025-09-16T07:35:24","slug":"cafe-noisette-buenavita","status":"publish","type":"product","link":"https:\/\/buenavita.fr\/boutique\/boutique\/cafe-noisette-buenavita\/","title":{"rendered":"Caf\u00e9 noisette (1kg)"},"content":{"rendered":"<p style=\"text-align: justify;\">Composition : Poudre de lait \u00e9cr\u00e9m\u00e9, graisse de coco, lactos\u00e9rum doux en poudre, lactose, sirop de glucose, extrait de caf\u00e9 4%, cacao fortement d\u00e9graiss\u00e9 en poudre 3%, prot\u00e9ines de lait, stabilisants (E340, E452), sel, ar\u00f4me, \u00e9mulsifiant (E471).<\/p>\n<p>*tels que le bl\u00e9, les arachides, les fruits \u00e0 coques, le c\u00e9leri, le soja, l\u2019\u0153uf.<\/p>\n","protected":false},"excerpt":{"rendered":"<p style=\"text-align: justify;\">Offre-vous un instant de plaisir avec un d\u00e9licieux caf\u00e9 noisette ! Un bouquet rond et \u00e9quilibr\u00e9 au saveur de noisette douce. Un mariage tendre et gourmand qui donne des notes biscuit\u00e9es et c\u00e9r\u00e9al\u00e9es, pour une d\u00e9gustation remplie de gourmandise.<\/p>\n<p style=\"text-align: justify;\">Sans allerg\u00e8nes alimentaires majeurs (hors lait)*<\/p>\n","protected":false},"featured_media":8678,"comment_status":"closed","ping_status":"closed","template":"","meta":{"_acf_changed":false},"product_brand":[],"product_cat":[25],"product_tag":[],"class_list":{"0":"post-2973","1":"product","2":"type-product","3":"status-publish","4":"has-post-thumbnail","6":"product_cat-boissons-gourmandes","8":"first","9":"instock","10":"taxable","11":"shipping-taxable","12":"purchasable","13":"product-type-simple"},"supplier_id":null,"supplier_sku":"","barcode":null,"atum_controlled":false,"out_stock_date":null,"out_stock_threshold":null,"inheritable":false,"inbound_stock":null,"stock_on_hold":149,"sold_today":0,"sales_last_days":0,"reserved_stock":null,"customer_returns":null,"warehouse_damage":null,"lost_in_post":null,"other_logs":null,"out_stock_days":0,"lost_sales":0,"has_location":false,"update_date":"2026-05-02T03:13:28","atum_locations":[],"atum_stock_status":"instock","restock_status":false,"low_stock_amount":"","sales_update_date":"2026-05-02T03:13:28","calc_backorders":null,"acf":[],"yoast_head":"<!-- This site is optimized with the Yoast SEO plugin v27.0 - https:\/\/yoast.com\/product\/yoast-seo-wordpress\/ -->\n<title>Caf\u00e9 noisette (1kg) - Buenavita<\/title>\n<meta name=\"description\" content=\"Offre-vous un instant de plaisir avec un d\u00e9licieux caf\u00e9 noisette ! Un mariage tendre et gourmand qui donne des notes biscuit\u00e9es et c\u00e9r\u00e9al\u00e9es, pour une d\u00e9gustation remplie de gourmandise.Sans allerg\u00e8nes alimentaires majeurs (hors lait)*\" \/>\n<meta name=\"robots\" content=\"index, follow, max-snippet:-1, max-image-preview:large, max-video-preview:-1\" \/>\n<link rel=\"canonical\" href=\"https:\/\/buenavita.fr\/boutique\/boutique\/cafe-noisette-buenavita\/\" \/>\n<meta property=\"og:locale\" content=\"fr_FR\" \/>\n<meta property=\"og:type\" content=\"article\" \/>\n<meta property=\"og:title\" content=\"Caf\u00e9 noisette (1kg) - Buenavita\" \/>\n<meta property=\"og:description\" content=\"Offre-vous un instant de plaisir avec un d\u00e9licieux caf\u00e9 noisette ! Un mariage tendre et gourmand qui donne des notes biscuit\u00e9es et c\u00e9r\u00e9al\u00e9es, pour une d\u00e9gustation remplie de gourmandise.Sans allerg\u00e8nes alimentaires majeurs (hors lait)*\" \/>\n<meta property=\"og:url\" content=\"https:\/\/buenavita.fr\/boutique\/boutique\/cafe-noisette-buenavita\/\" \/>\n<meta property=\"og:site_name\" content=\"Buenavita\" \/>\n<meta property=\"article:publisher\" content=\"https:\/\/www.facebook.com\/buenavita.cafe\/\" \/>\n<meta property=\"article:modified_time\" content=\"2025-09-16T07:35:24+00:00\" \/>\n<meta property=\"og:image\" content=\"https:\/\/buenavita.fr\/wp-content\/uploads\/2019\/09\/Diapositive4-1.png\" \/>\n\t<meta property=\"og:image:width\" content=\"720\" \/>\n\t<meta property=\"og:image:height\" content=\"1040\" \/>\n\t<meta property=\"og:image:type\" content=\"image\/png\" \/>\n<meta name=\"twitter:card\" content=\"summary_large_image\" \/>\n<meta name=\"twitter:site\" content=\"@CafeBuenavita\" \/>\n<script type=\"application\/ld+json\" class=\"yoast-schema-graph\">{\"@context\":\"https:\/\/schema.org\",\"@graph\":[{\"@type\":\"WebPage\",\"@id\":\"https:\/\/buenavita.fr\/boutique\/boutique\/cafe-noisette-buenavita\/\",\"url\":\"https:\/\/buenavita.fr\/boutique\/boutique\/cafe-noisette-buenavita\/\",\"name\":\"Caf\u00e9 noisette (1kg) - Buenavita\",\"isPartOf\":{\"@id\":\"https:\/\/buenavita.fr\/boutique\/#website\"},\"primaryImageOfPage\":{\"@id\":\"https:\/\/buenavita.fr\/boutique\/boutique\/cafe-noisette-buenavita\/#primaryimage\"},\"image\":{\"@id\":\"https:\/\/buenavita.fr\/boutique\/boutique\/cafe-noisette-buenavita\/#primaryimage\"},\"thumbnailUrl\":\"https:\/\/buenavita.fr\/wp-content\/uploads\/2019\/09\/Diapositive4-1.png\",\"datePublished\":\"2019-09-06T09:48:22+00:00\",\"dateModified\":\"2025-09-16T07:35:24+00:00\",\"description\":\"Offre-vous un instant de plaisir avec un d\u00e9licieux caf\u00e9 noisette ! Un mariage tendre et gourmand qui donne des notes biscuit\u00e9es et c\u00e9r\u00e9al\u00e9es, pour une d\u00e9gustation remplie de gourmandise.Sans allerg\u00e8nes alimentaires majeurs (hors lait)*\",\"breadcrumb\":{\"@id\":\"https:\/\/buenavita.fr\/boutique\/boutique\/cafe-noisette-buenavita\/#breadcrumb\"},\"inLanguage\":\"fr-FR\",\"potentialAction\":[{\"@type\":\"ReadAction\",\"target\":[\"https:\/\/buenavita.fr\/boutique\/boutique\/cafe-noisette-buenavita\/\"]}]},{\"@type\":\"ImageObject\",\"inLanguage\":\"fr-FR\",\"@id\":\"https:\/\/buenavita.fr\/boutique\/boutique\/cafe-noisette-buenavita\/#primaryimage\",\"url\":\"https:\/\/buenavita.fr\/wp-content\/uploads\/2019\/09\/Diapositive4-1.png\",\"contentUrl\":\"https:\/\/buenavita.fr\/wp-content\/uploads\/2019\/09\/Diapositive4-1.png\",\"width\":720,\"height\":1040},{\"@type\":\"BreadcrumbList\",\"@id\":\"https:\/\/buenavita.fr\/boutique\/boutique\/cafe-noisette-buenavita\/#breadcrumb\",\"itemListElement\":[{\"@type\":\"ListItem\",\"position\":1,\"name\":\"Accueil\",\"item\":\"https:\/\/buenavita.fr\/boutique\/\"},{\"@type\":\"ListItem\",\"position\":2,\"name\":\"Caf\u00e9 noisette (1kg)\"}]},{\"@type\":\"WebSite\",\"@id\":\"https:\/\/buenavita.fr\/boutique\/#website\",\"url\":\"https:\/\/buenavita.fr\/boutique\/\",\"name\":\"Buenavita\",\"description\":\"100% plaisir - sans allerg\u00e8ne - Eco responsable\",\"potentialAction\":[{\"@type\":\"SearchAction\",\"target\":{\"@type\":\"EntryPoint\",\"urlTemplate\":\"https:\/\/buenavita.fr\/boutique\/?s={search_term_string}\"},\"query-input\":{\"@type\":\"PropertyValueSpecification\",\"valueRequired\":true,\"valueName\":\"search_term_string\"}}],\"inLanguage\":\"fr-FR\"}]}<\/script>\n<!-- \/ Yoast SEO plugin. -->","yoast_head_json":{"title":"Caf\u00e9 noisette (1kg) - Buenavita","description":"Offre-vous un instant de plaisir avec un d\u00e9licieux caf\u00e9 noisette ! Un mariage tendre et gourmand qui donne des notes biscuit\u00e9es et c\u00e9r\u00e9al\u00e9es, pour une d\u00e9gustation remplie de gourmandise.Sans allerg\u00e8nes alimentaires majeurs (hors lait)*","robots":{"index":"index","follow":"follow","max-snippet":"max-snippet:-1","max-image-preview":"max-image-preview:large","max-video-preview":"max-video-preview:-1"},"canonical":"https:\/\/buenavita.fr\/boutique\/boutique\/cafe-noisette-buenavita\/","og_locale":"fr_FR","og_type":"article","og_title":"Caf\u00e9 noisette (1kg) - Buenavita","og_description":"Offre-vous un instant de plaisir avec un d\u00e9licieux caf\u00e9 noisette ! Un mariage tendre et gourmand qui donne des notes biscuit\u00e9es et c\u00e9r\u00e9al\u00e9es, pour une d\u00e9gustation remplie de gourmandise.Sans allerg\u00e8nes alimentaires majeurs (hors lait)*","og_url":"https:\/\/buenavita.fr\/boutique\/boutique\/cafe-noisette-buenavita\/","og_site_name":"Buenavita","article_publisher":"https:\/\/www.facebook.com\/buenavita.cafe\/","article_modified_time":"2025-09-16T07:35:24+00:00","og_image":[{"width":720,"height":1040,"url":"https:\/\/buenavita.fr\/wp-content\/uploads\/2019\/09\/Diapositive4-1.png","type":"image\/png"}],"twitter_card":"summary_large_image","twitter_site":"@CafeBuenavita","schema":{"@context":"https:\/\/schema.org","@graph":[{"@type":"WebPage","@id":"https:\/\/buenavita.fr\/boutique\/boutique\/cafe-noisette-buenavita\/","url":"https:\/\/buenavita.fr\/boutique\/boutique\/cafe-noisette-buenavita\/","name":"Caf\u00e9 noisette (1kg) - Buenavita","isPartOf":{"@id":"https:\/\/buenavita.fr\/boutique\/#website"},"primaryImageOfPage":{"@id":"https:\/\/buenavita.fr\/boutique\/boutique\/cafe-noisette-buenavita\/#primaryimage"},"image":{"@id":"https:\/\/buenavita.fr\/boutique\/boutique\/cafe-noisette-buenavita\/#primaryimage"},"thumbnailUrl":"https:\/\/buenavita.fr\/wp-content\/uploads\/2019\/09\/Diapositive4-1.png","datePublished":"2019-09-06T09:48:22+00:00","dateModified":"2025-09-16T07:35:24+00:00","description":"Offre-vous un instant de plaisir avec un d\u00e9licieux caf\u00e9 noisette ! Un mariage tendre et gourmand qui donne des notes biscuit\u00e9es et c\u00e9r\u00e9al\u00e9es, pour une d\u00e9gustation remplie de gourmandise.Sans allerg\u00e8nes alimentaires majeurs (hors lait)*","breadcrumb":{"@id":"https:\/\/buenavita.fr\/boutique\/boutique\/cafe-noisette-buenavita\/#breadcrumb"},"inLanguage":"fr-FR","potentialAction":[{"@type":"ReadAction","target":["https:\/\/buenavita.fr\/boutique\/boutique\/cafe-noisette-buenavita\/"]}]},{"@type":"ImageObject","inLanguage":"fr-FR","@id":"https:\/\/buenavita.fr\/boutique\/boutique\/cafe-noisette-buenavita\/#primaryimage","url":"https:\/\/buenavita.fr\/wp-content\/uploads\/2019\/09\/Diapositive4-1.png","contentUrl":"https:\/\/buenavita.fr\/wp-content\/uploads\/2019\/09\/Diapositive4-1.png","width":720,"height":1040},{"@type":"BreadcrumbList","@id":"https:\/\/buenavita.fr\/boutique\/boutique\/cafe-noisette-buenavita\/#breadcrumb","itemListElement":[{"@type":"ListItem","position":1,"name":"Accueil","item":"https:\/\/buenavita.fr\/boutique\/"},{"@type":"ListItem","position":2,"name":"Caf\u00e9 noisette (1kg)"}]},{"@type":"WebSite","@id":"https:\/\/buenavita.fr\/boutique\/#website","url":"https:\/\/buenavita.fr\/boutique\/","name":"Buenavita","description":"100% plaisir - sans allerg\u00e8ne - Eco responsable","potentialAction":[{"@type":"SearchAction","target":{"@type":"EntryPoint","urlTemplate":"https:\/\/buenavita.fr\/boutique\/?s={search_term_string}"},"query-input":{"@type":"PropertyValueSpecification","valueRequired":true,"valueName":"search_term_string"}}],"inLanguage":"fr-FR"}]}},"_links":{"self":[{"href":"https:\/\/buenavita.fr\/boutique\/wp-json\/wp\/v2\/product\/2973","targetHints":{"allow":["GET"]}}],"collection":[{"href":"https:\/\/buenavita.fr\/boutique\/wp-json\/wp\/v2\/product"}],"about":[{"href":"https:\/\/buenavita.fr\/boutique\/wp-json\/wp\/v2\/types\/product"}],"replies":[{"embeddable":true,"href":"https:\/\/buenavita.fr\/boutique\/wp-json\/wp\/v2\/comments?post=2973"}],"wp:featuredmedia":[{"embeddable":true,"href":"https:\/\/buenavita.fr\/boutique\/wp-json\/wp\/v2\/media\/8678"}],"wp:attachment":[{"href":"https:\/\/buenavita.fr\/boutique\/wp-json\/wp\/v2\/media?parent=2973"}],"wp:term":[{"taxonomy":"product_brand","embeddable":true,"href":"https:\/\/buenavita.fr\/boutique\/wp-json\/wp\/v2\/product_brand?post=2973"},{"taxonomy":"product_cat","embeddable":true,"href":"https:\/\/buenavita.fr\/boutique\/wp-json\/wp\/v2\/product_cat?post=2973"},{"taxonomy":"product_tag","embeddable":true,"href":"https:\/\/buenavita.fr\/boutique\/wp-json\/wp\/v2\/product_tag?post=2973"}],"curies":[{"name":"wp","href":"https:\/\/api.w.org\/{rel}","templated":true}]}}