{"id":93,"date":"2017-03-14T16:51:54","date_gmt":"2017-03-14T15:51:54","guid":{"rendered":"https:\/\/buenavita.fr\/?page_id=93"},"modified":"2019-05-27T10:46:19","modified_gmt":"2019-05-27T08:46:19","slug":"lorigine-de-buenavita","status":"publish","type":"page","link":"https:\/\/buenavita.fr\/boutique\/a-propos\/lorigine-de-buenavita\/","title":{"rendered":"L&rsquo;origine de Buenavita"},"content":{"rendered":"<p style=\"text-align: justify;\">\u00c0\u00a0l&rsquo;origine\u00a0d&rsquo;une entreprise, d&rsquo;un produit ou d&rsquo;un concept, il y a un contexte avec un certain nombre de probl\u00e9matique qui n\u00e9cessite une r\u00e9ponse, des solutions et de la passion.<\/p>\n<h2>Un contexte familial<\/h2>\n<p style=\"text-align: justify;\">Chez Buenavita, ce point de d\u00e9part trouve son origine dans l&rsquo;histoire de la fille de son pr\u00e9sident, M. MAZERES. En effet, atteinte d&rsquo;allergies alimentaires crois\u00e9es, elle fut tr\u00e8s vite confront\u00e9e aux probl\u00e8mes que ce handicap impose dans certaines conditions. En particulier, la probl\u00e9matique se manifestait devant les distributeurs automatiques et autres machines \u00e0 caf\u00e9. Une situation o\u00f9 il est souvent impossible de savoir si les boissons contiennent ou non des allerg\u00e8nes.<\/p>\n<p style=\"text-align: justify;\">Face \u00e0 cette situation incommodante M. MAZERES eut l&rsquo;ambition de chercher et surtout de trouver une solution \u00e0 cette probl\u00e9matique \u00e0 laquelle sont confront\u00e9s toutes les personnes en France atteintes d\u2019allergies alimentaires (+ de 10% de la population) : la possibilit\u00e9 de pouvoir consommer tous les produits et boissons chaudes des distributeurs sans risque. L\u2019id\u00e9e n\u2019\u00e9tant pas seulement d\u2019informer sur l\u2019\u00e9ventuelle pr\u00e9sence d\u2019allerg\u00e8nes, mais bien de les \u00e9liminer des produits propos\u00e9s.<\/p>\n<h2>Une initiative g\u00e9n\u00e9reuse<\/h2>\n<p>C&rsquo;est sur ce constat et cette volont\u00e9 g\u00e9n\u00e9reuse qu&rsquo;est n\u00e9e Buenavita. Une marque qui puisse proposer des boissons chaudes alliant les bienfaits d&rsquo;un produit sain avec le plaisir d&rsquo;un produit d&rsquo;exception et un go\u00fbt savoureux.<\/p>\n<p>Mais le cahier des charges ne s&rsquo;arr\u00eatant pas l\u00e0, l&rsquo;aspiration pour parfaire le produit fut que celui-ci soit d\u00e9velopp\u00e9 et travaill\u00e9 de mani\u00e8re eco-responsable. Le postulat initial \u00e9tant qu&rsquo;un produit \u00e9labor\u00e9 dans un souci de respect de l&rsquo;environnement est un produit qui pr\u00e9sentera d&rsquo;autant plus d&rsquo;int\u00e9r\u00eat et de bienfaits pour le consommateur.<\/p>\n<h2>Une offre unique sur le\u00a0march\u00e9<\/h2>\n<p>C&rsquo;est avec ces crit\u00e8res que d\u00e9buta pour Buenavita une exp\u00e9dition \u00e0 travers l&rsquo;Europe \u00e0 la recherche des produits, des fabricants et des partenaires pouvant r\u00e9pondre aux valeurs revendiqu\u00e9es et participer \u00e0 l&rsquo;\u00e9laboration de la marque.<br \/>\nBuenavita est donc la\u00a0seule marque sur ce march\u00e9 \u00e0\u00a0int\u00e9grer <a href=\"https:\/\/buenavita.fr\/a-propos\/valeurs-de-buenavita\/\">trois\u00a0crit\u00e8res<\/a> fondamentaux dans son cahier des charges :<br \/>\n&#8211; le produit savoureux, choisi avec les meilleurs fabricants\u00a0et partenaires<br \/>\n&#8211; le produit sain, soigneusement s\u00e9lectionn\u00e9 et contr\u00f4l\u00e9 sans allerg\u00e8nes majeurs<br \/>\n&#8211; le d\u00e9veloppement eco-responsable et le respect de l\u2019environnement<\/p>\n<p>Pour s\u2019assurer que ces crit\u00e8res sont bien respect\u00e9s \u00e0 la fabrication, Buenavita fait contr\u00f4ler ses produits par un grand laboratoire fran\u00e7ais.<\/p>\n","protected":false},"excerpt":{"rendered":"<p>\u00c0\u00a0l&rsquo;origine\u00a0d&rsquo;une entreprise, d&rsquo;un produit ou d&rsquo;un concept, il y a un contexte avec un certain nombre de probl\u00e9matique qui n\u00e9cessite une r\u00e9ponse, des solutions et de la passion. Un contexte familial Chez Buenavita, ce point de d\u00e9part trouve son origine dans l&rsquo;histoire de la fille de son pr\u00e9sident, M. MAZERES. En effet, atteinte d&rsquo;allergies alimentaires &hellip; <a href=\"https:\/\/buenavita.fr\/boutique\/a-propos\/lorigine-de-buenavita\/\" class=\"more-link\">Continuer la lecture<span class=\"screen-reader-text\"> de &laquo;&nbsp;L&rsquo;origine de Buenavita&nbsp;&raquo;<\/span><\/a><\/p>\n","protected":false},"author":1,"featured_media":0,"parent":7,"menu_order":0,"comment_status":"closed","ping_status":"closed","template":"","meta":{"_acf_changed":false,"footnotes":""},"class_list":["post-93","page","type-page","status-publish","hentry"],"acf":[],"yoast_head":"<!-- This site is optimized with the Yoast SEO plugin v27.0 - https:\/\/yoast.com\/product\/yoast-seo-wordpress\/ -->\n<title>L&#039;origine de Buenavita - Buenavita<\/title>\n<meta name=\"robots\" content=\"index, follow, max-snippet:-1, max-image-preview:large, max-video-preview:-1\" \/>\n<link rel=\"canonical\" href=\"https:\/\/buenavita.fr\/boutique\/a-propos\/lorigine-de-buenavita\/\" \/>\n<meta property=\"og:locale\" content=\"fr_FR\" \/>\n<meta property=\"og:type\" content=\"article\" \/>\n<meta property=\"og:title\" content=\"L&#039;origine de Buenavita - Buenavita\" \/>\n<meta property=\"og:description\" content=\"\u00c0\u00a0l&rsquo;origine\u00a0d&rsquo;une entreprise, d&rsquo;un produit ou d&rsquo;un concept, il y a un contexte avec un certain nombre de probl\u00e9matique qui n\u00e9cessite une r\u00e9ponse, des solutions et de la passion. Un contexte familial Chez Buenavita, ce point de d\u00e9part trouve son origine dans l&rsquo;histoire de la fille de son pr\u00e9sident, M. MAZERES. En effet, atteinte d&rsquo;allergies alimentaires &hellip; Continuer la lecture de &laquo;&nbsp;L&rsquo;origine de Buenavita&nbsp;&raquo;\" \/>\n<meta property=\"og:url\" content=\"https:\/\/buenavita.fr\/boutique\/a-propos\/lorigine-de-buenavita\/\" \/>\n<meta property=\"og:site_name\" content=\"Buenavita\" \/>\n<meta property=\"article:publisher\" content=\"https:\/\/www.facebook.com\/buenavita.cafe\/\" \/>\n<meta property=\"article:modified_time\" content=\"2019-05-27T08:46:19+00:00\" \/>\n<meta name=\"twitter:card\" content=\"summary_large_image\" \/>\n<meta name=\"twitter:site\" content=\"@CafeBuenavita\" \/>\n<meta name=\"twitter:label1\" content=\"Dur\u00e9e de lecture estim\u00e9e\" \/>\n\t<meta name=\"twitter:data1\" content=\"2 minutes\" \/>\n<script type=\"application\/ld+json\" class=\"yoast-schema-graph\">{\"@context\":\"https:\/\/schema.org\",\"@graph\":[{\"@type\":\"WebPage\",\"@id\":\"https:\/\/buenavita.fr\/boutique\/a-propos\/lorigine-de-buenavita\/\",\"url\":\"https:\/\/buenavita.fr\/boutique\/a-propos\/lorigine-de-buenavita\/\",\"name\":\"L'origine de Buenavita - Buenavita\",\"isPartOf\":{\"@id\":\"https:\/\/buenavita.fr\/boutique\/#website\"},\"datePublished\":\"2017-03-14T15:51:54+00:00\",\"dateModified\":\"2019-05-27T08:46:19+00:00\",\"breadcrumb\":{\"@id\":\"https:\/\/buenavita.fr\/boutique\/a-propos\/lorigine-de-buenavita\/#breadcrumb\"},\"inLanguage\":\"fr-FR\",\"potentialAction\":[{\"@type\":\"ReadAction\",\"target\":[\"https:\/\/buenavita.fr\/boutique\/a-propos\/lorigine-de-buenavita\/\"]}]},{\"@type\":\"BreadcrumbList\",\"@id\":\"https:\/\/buenavita.fr\/boutique\/a-propos\/lorigine-de-buenavita\/#breadcrumb\",\"itemListElement\":[{\"@type\":\"ListItem\",\"position\":1,\"name\":\"Accueil\",\"item\":\"https:\/\/buenavita.fr\/boutique\/\"},{\"@type\":\"ListItem\",\"position\":2,\"name\":\"A Propos\",\"item\":\"https:\/\/buenavita.fr\/boutique\/a-propos\/\"},{\"@type\":\"ListItem\",\"position\":3,\"name\":\"L&rsquo;origine de Buenavita\"}]},{\"@type\":\"WebSite\",\"@id\":\"https:\/\/buenavita.fr\/boutique\/#website\",\"url\":\"https:\/\/buenavita.fr\/boutique\/\",\"name\":\"Buenavita\",\"description\":\"100% plaisir - sans allerg\u00e8ne - Eco responsable\",\"potentialAction\":[{\"@type\":\"SearchAction\",\"target\":{\"@type\":\"EntryPoint\",\"urlTemplate\":\"https:\/\/buenavita.fr\/boutique\/?s={search_term_string}\"},\"query-input\":{\"@type\":\"PropertyValueSpecification\",\"valueRequired\":true,\"valueName\":\"search_term_string\"}}],\"inLanguage\":\"fr-FR\"}]}<\/script>\n<!-- \/ Yoast SEO plugin. -->","yoast_head_json":{"title":"L'origine de Buenavita - Buenavita","robots":{"index":"index","follow":"follow","max-snippet":"max-snippet:-1","max-image-preview":"max-image-preview:large","max-video-preview":"max-video-preview:-1"},"canonical":"https:\/\/buenavita.fr\/boutique\/a-propos\/lorigine-de-buenavita\/","og_locale":"fr_FR","og_type":"article","og_title":"L'origine de Buenavita - Buenavita","og_description":"\u00c0\u00a0l&rsquo;origine\u00a0d&rsquo;une entreprise, d&rsquo;un produit ou d&rsquo;un concept, il y a un contexte avec un certain nombre de probl\u00e9matique qui n\u00e9cessite une r\u00e9ponse, des solutions et de la passion. Un contexte familial Chez Buenavita, ce point de d\u00e9part trouve son origine dans l&rsquo;histoire de la fille de son pr\u00e9sident, M. MAZERES. En effet, atteinte d&rsquo;allergies alimentaires &hellip; Continuer la lecture de &laquo;&nbsp;L&rsquo;origine de Buenavita&nbsp;&raquo;","og_url":"https:\/\/buenavita.fr\/boutique\/a-propos\/lorigine-de-buenavita\/","og_site_name":"Buenavita","article_publisher":"https:\/\/www.facebook.com\/buenavita.cafe\/","article_modified_time":"2019-05-27T08:46:19+00:00","twitter_card":"summary_large_image","twitter_site":"@CafeBuenavita","twitter_misc":{"Dur\u00e9e de lecture estim\u00e9e":"2 minutes"},"schema":{"@context":"https:\/\/schema.org","@graph":[{"@type":"WebPage","@id":"https:\/\/buenavita.fr\/boutique\/a-propos\/lorigine-de-buenavita\/","url":"https:\/\/buenavita.fr\/boutique\/a-propos\/lorigine-de-buenavita\/","name":"L'origine de Buenavita - Buenavita","isPartOf":{"@id":"https:\/\/buenavita.fr\/boutique\/#website"},"datePublished":"2017-03-14T15:51:54+00:00","dateModified":"2019-05-27T08:46:19+00:00","breadcrumb":{"@id":"https:\/\/buenavita.fr\/boutique\/a-propos\/lorigine-de-buenavita\/#breadcrumb"},"inLanguage":"fr-FR","potentialAction":[{"@type":"ReadAction","target":["https:\/\/buenavita.fr\/boutique\/a-propos\/lorigine-de-buenavita\/"]}]},{"@type":"BreadcrumbList","@id":"https:\/\/buenavita.fr\/boutique\/a-propos\/lorigine-de-buenavita\/#breadcrumb","itemListElement":[{"@type":"ListItem","position":1,"name":"Accueil","item":"https:\/\/buenavita.fr\/boutique\/"},{"@type":"ListItem","position":2,"name":"A Propos","item":"https:\/\/buenavita.fr\/boutique\/a-propos\/"},{"@type":"ListItem","position":3,"name":"L&rsquo;origine de Buenavita"}]},{"@type":"WebSite","@id":"https:\/\/buenavita.fr\/boutique\/#website","url":"https:\/\/buenavita.fr\/boutique\/","name":"Buenavita","description":"100% plaisir - sans allerg\u00e8ne - Eco responsable","potentialAction":[{"@type":"SearchAction","target":{"@type":"EntryPoint","urlTemplate":"https:\/\/buenavita.fr\/boutique\/?s={search_term_string}"},"query-input":{"@type":"PropertyValueSpecification","valueRequired":true,"valueName":"search_term_string"}}],"inLanguage":"fr-FR"}]}},"_links":{"self":[{"href":"https:\/\/buenavita.fr\/boutique\/wp-json\/wp\/v2\/pages\/93","targetHints":{"allow":["GET"]}}],"collection":[{"href":"https:\/\/buenavita.fr\/boutique\/wp-json\/wp\/v2\/pages"}],"about":[{"href":"https:\/\/buenavita.fr\/boutique\/wp-json\/wp\/v2\/types\/page"}],"author":[{"embeddable":true,"href":"https:\/\/buenavita.fr\/boutique\/wp-json\/wp\/v2\/users\/1"}],"replies":[{"embeddable":true,"href":"https:\/\/buenavita.fr\/boutique\/wp-json\/wp\/v2\/comments?post=93"}],"version-history":[{"count":21,"href":"https:\/\/buenavita.fr\/boutique\/wp-json\/wp\/v2\/pages\/93\/revisions"}],"predecessor-version":[{"id":9146,"href":"https:\/\/buenavita.fr\/boutique\/wp-json\/wp\/v2\/pages\/93\/revisions\/9146"}],"up":[{"embeddable":true,"href":"https:\/\/buenavita.fr\/boutique\/wp-json\/wp\/v2\/pages\/7"}],"wp:attachment":[{"href":"https:\/\/buenavita.fr\/boutique\/wp-json\/wp\/v2\/media?parent=93"}],"curies":[{"name":"wp","href":"https:\/\/api.w.org\/{rel}","templated":true}]}}