{"id":88,"date":"2017-03-14T16:50:48","date_gmt":"2017-03-14T15:50:48","guid":{"rendered":"https:\/\/buenavita.fr\/?page_id=88"},"modified":"2017-05-17T11:44:16","modified_gmt":"2017-05-17T09:44:16","slug":"la-creation-du-cafe","status":"publish","type":"page","link":"https:\/\/buenavita.fr\/boutique\/a-propos\/la-creation-du-cafe\/","title":{"rendered":"La cr\u00e9ation des produits"},"content":{"rendered":"<p><img loading=\"lazy\" decoding=\"async\" class=\"alignleft size-medium wp-image-378\" src=\"https:\/\/buenavita.fr\/wp-content\/uploads\/2017\/03\/13323205_l-300x200.jpg\" alt=\"la cr\u00e9ation du caf\u00e9\" width=\"300\" height=\"200\" \/>Un contr\u00f4le de la qualit\u00e9 de l&rsquo;origine du produit jusqu&rsquo;\u00e0 votre tasse.<\/p>\n<p>Buenavita intervient dans chacune des \u00e9tapes de transformation des produits jusqu&rsquo;\u00e0 la cr\u00e9ation finale de vos boissons chaudes.<\/p>\n<h2>La cr\u00e9ation, c&rsquo;est bien s&rsquo;entourer<\/h2>\n<p>La premi\u00e8re de ces \u00e9tapes est d&rsquo;abord la recherche au travers de l&rsquo;Europe des meilleurs fabricants susceptibles de r\u00e9pondre aux exigences qualit\u00e9s demand\u00e9es, pour <a href=\"https:\/\/buenavita.fr\/a-propos\/elaboration-des-produits\/\">l&rsquo;\u00e9laboration des diff\u00e9rentes gammes<\/a>. (cliquez pour en savoir plus)<\/p>\n<p>Il est ensuite \u00e9tabli un cahier des charges pr\u00e9cis de la cr\u00e9ation, suivis scrupuleusement par nos fabricants afin de garantir le meilleur produit et la plus grande s\u00e9curit\u00e9 \u00e0 nos consommateurs. Ce cahier des charges r\u00e9pond bien \u00e9videmment aux exigences li\u00e9es aux risques allergiques, mais \u00e9galement \u00e0 des <strong>exigences di\u00e9t\u00e9tiques et gustatives<\/strong>.<\/p>\n<h2>La cr\u00e9ation, c&rsquo;est \u00eatre exigeant<\/h2>\n<p>Le r\u00e9sum\u00e9 est simple, nos produits ne se doivent pas seulement d&rsquo;\u00eatre <strong>exempt d&rsquo;allerg\u00e8nes<\/strong>, ils doivent \u00eatre \u00e9galement <strong>sains et savoureux<\/strong>. Par ailleurs, nous avons\u00a0r\u00e9cemment cr\u00e9\u00e9 <a href=\"https:\/\/buenavita.fr\/notre-gamme\/\">une gamme<\/a> de chocolat all\u00e9g\u00e9 en sucre ou encore mis au point un th\u00e9 \u00e0 la menthe \u00e9volu\u00e9 pour un gout plus naturel.<\/p>\n<p>Nos recherches sont approfondies continuellement afin de proposer des produits toujours plus<strong> sains<\/strong> et <strong>d\u00e9lectables<\/strong>, dans une qu\u00eate perp\u00e9tuelle de <strong>qualit\u00e9<\/strong>.<\/p>\n<p>Sur le plan sant\u00e9, Buenavita s&rsquo;applique \u00e0 d\u00e9velopper la totalit\u00e9 de ses gammes <strong>sans acides gras satur\u00e9<\/strong> afin de pr\u00e9venir toutes maladies cardio-vasculaires.<\/p>\n<p>L&rsquo;ADN de Buenavita r\u00e9side dans le d\u00e9sir de tirer la quintessence gustative des produits tout en \u00e9liminant les \u00e9l\u00e9ments et effets ind\u00e9sirables, le tout dans une d\u00e9marche <strong>\u00e9co-responsable<\/strong> en coh\u00e9rence avec la <strong>protection de notre environnement<\/strong>.<\/p>\n<p><a href=\"https:\/\/buenavita.fr\/a-propos\/valeurs-de-buenavita\/\">Ces valeurs<\/a> sont les fondations du processus de fabrication de chacune de <a href=\"https:\/\/buenavita.fr\/notre-gamme\/\">nos gammes<\/a>, ch\u00e8res \u00e0 la marque et aux femmes et hommes qui participent \u00e0 son \u00e9laboration.<\/p>\n","protected":false},"excerpt":{"rendered":"<p>Un contr\u00f4le de la qualit\u00e9 de l&rsquo;origine du produit jusqu&rsquo;\u00e0 votre tasse. Buenavita intervient dans chacune des \u00e9tapes de transformation des produits jusqu&rsquo;\u00e0 la cr\u00e9ation finale de vos boissons chaudes. La cr\u00e9ation, c&rsquo;est bien s&rsquo;entourer La premi\u00e8re de ces \u00e9tapes est d&rsquo;abord la recherche au travers de l&rsquo;Europe des meilleurs fabricants susceptibles de r\u00e9pondre aux &hellip; <a href=\"https:\/\/buenavita.fr\/boutique\/a-propos\/la-creation-du-cafe\/\" class=\"more-link\">Continuer la lecture<span class=\"screen-reader-text\"> de &laquo;&nbsp;La cr\u00e9ation des produits&nbsp;&raquo;<\/span><\/a><\/p>\n","protected":false},"author":1,"featured_media":0,"parent":7,"menu_order":0,"comment_status":"closed","ping_status":"closed","template":"","meta":{"_acf_changed":false,"footnotes":""},"class_list":["post-88","page","type-page","status-publish","hentry"],"acf":[],"yoast_head":"<!-- This site is optimized with the Yoast SEO plugin v27.5 - https:\/\/yoast.com\/product\/yoast-seo-wordpress\/ -->\n<title>La cr\u00e9ation des produits - Buenavita<\/title>\n<meta name=\"robots\" content=\"index, follow, max-snippet:-1, max-image-preview:large, max-video-preview:-1\" \/>\n<link rel=\"canonical\" href=\"https:\/\/buenavita.fr\/boutique\/a-propos\/la-creation-du-cafe\/\" \/>\n<meta property=\"og:locale\" content=\"fr_FR\" \/>\n<meta property=\"og:type\" content=\"article\" \/>\n<meta property=\"og:title\" content=\"La cr\u00e9ation des produits - Buenavita\" \/>\n<meta property=\"og:description\" content=\"Un contr\u00f4le de la qualit\u00e9 de l&rsquo;origine du produit jusqu&rsquo;\u00e0 votre tasse. Buenavita intervient dans chacune des \u00e9tapes de transformation des produits jusqu&rsquo;\u00e0 la cr\u00e9ation finale de vos boissons chaudes. La cr\u00e9ation, c&rsquo;est bien s&rsquo;entourer La premi\u00e8re de ces \u00e9tapes est d&rsquo;abord la recherche au travers de l&rsquo;Europe des meilleurs fabricants susceptibles de r\u00e9pondre aux &hellip; Continuer la lecture de &laquo;&nbsp;La cr\u00e9ation des produits&nbsp;&raquo;\" \/>\n<meta property=\"og:url\" content=\"https:\/\/buenavita.fr\/boutique\/a-propos\/la-creation-du-cafe\/\" \/>\n<meta property=\"og:site_name\" content=\"Buenavita\" \/>\n<meta property=\"article:publisher\" content=\"https:\/\/www.facebook.com\/buenavita.cafe\/\" \/>\n<meta property=\"article:modified_time\" content=\"2017-05-17T09:44:16+00:00\" \/>\n<meta property=\"og:image\" content=\"https:\/\/buenavita.fr\/wp-content\/uploads\/2017\/03\/13323205_l-300x200.jpg\" \/>\n<meta name=\"twitter:card\" content=\"summary_large_image\" \/>\n<meta name=\"twitter:site\" content=\"@CafeBuenavita\" \/>\n<meta name=\"twitter:label1\" content=\"Dur\u00e9e de lecture estim\u00e9e\" \/>\n\t<meta name=\"twitter:data1\" content=\"2 minutes\" \/>\n<script type=\"application\/ld+json\" class=\"yoast-schema-graph\">{\"@context\":\"https:\\\/\\\/schema.org\",\"@graph\":[{\"@type\":\"WebPage\",\"@id\":\"https:\\\/\\\/buenavita.fr\\\/boutique\\\/a-propos\\\/la-creation-du-cafe\\\/\",\"url\":\"https:\\\/\\\/buenavita.fr\\\/boutique\\\/a-propos\\\/la-creation-du-cafe\\\/\",\"name\":\"La cr\u00e9ation des produits - Buenavita\",\"isPartOf\":{\"@id\":\"https:\\\/\\\/buenavita.fr\\\/boutique\\\/#website\"},\"primaryImageOfPage\":{\"@id\":\"https:\\\/\\\/buenavita.fr\\\/boutique\\\/a-propos\\\/la-creation-du-cafe\\\/#primaryimage\"},\"image\":{\"@id\":\"https:\\\/\\\/buenavita.fr\\\/boutique\\\/a-propos\\\/la-creation-du-cafe\\\/#primaryimage\"},\"thumbnailUrl\":\"https:\\\/\\\/buenavita.fr\\\/wp-content\\\/uploads\\\/2017\\\/03\\\/13323205_l-300x200.jpg\",\"datePublished\":\"2017-03-14T15:50:48+00:00\",\"dateModified\":\"2017-05-17T09:44:16+00:00\",\"breadcrumb\":{\"@id\":\"https:\\\/\\\/buenavita.fr\\\/boutique\\\/a-propos\\\/la-creation-du-cafe\\\/#breadcrumb\"},\"inLanguage\":\"fr-FR\",\"potentialAction\":[{\"@type\":\"ReadAction\",\"target\":[\"https:\\\/\\\/buenavita.fr\\\/boutique\\\/a-propos\\\/la-creation-du-cafe\\\/\"]}]},{\"@type\":\"ImageObject\",\"inLanguage\":\"fr-FR\",\"@id\":\"https:\\\/\\\/buenavita.fr\\\/boutique\\\/a-propos\\\/la-creation-du-cafe\\\/#primaryimage\",\"url\":\"https:\\\/\\\/buenavita.fr\\\/wp-content\\\/uploads\\\/2017\\\/03\\\/13323205_l-300x200.jpg\",\"contentUrl\":\"https:\\\/\\\/buenavita.fr\\\/wp-content\\\/uploads\\\/2017\\\/03\\\/13323205_l-300x200.jpg\"},{\"@type\":\"BreadcrumbList\",\"@id\":\"https:\\\/\\\/buenavita.fr\\\/boutique\\\/a-propos\\\/la-creation-du-cafe\\\/#breadcrumb\",\"itemListElement\":[{\"@type\":\"ListItem\",\"position\":1,\"name\":\"Accueil\",\"item\":\"https:\\\/\\\/buenavita.fr\\\/boutique\\\/\"},{\"@type\":\"ListItem\",\"position\":2,\"name\":\"A Propos\",\"item\":\"https:\\\/\\\/buenavita.fr\\\/boutique\\\/a-propos\\\/\"},{\"@type\":\"ListItem\",\"position\":3,\"name\":\"La cr\u00e9ation des produits\"}]},{\"@type\":\"WebSite\",\"@id\":\"https:\\\/\\\/buenavita.fr\\\/boutique\\\/#website\",\"url\":\"https:\\\/\\\/buenavita.fr\\\/boutique\\\/\",\"name\":\"Buenavita\",\"description\":\"100% plaisir - sans allerg\u00e8ne - Eco responsable\",\"potentialAction\":[{\"@type\":\"SearchAction\",\"target\":{\"@type\":\"EntryPoint\",\"urlTemplate\":\"https:\\\/\\\/buenavita.fr\\\/boutique\\\/?s={search_term_string}\"},\"query-input\":{\"@type\":\"PropertyValueSpecification\",\"valueRequired\":true,\"valueName\":\"search_term_string\"}}],\"inLanguage\":\"fr-FR\"}]}<\/script>\n<!-- \/ Yoast SEO plugin. -->","yoast_head_json":{"title":"La cr\u00e9ation des produits - Buenavita","robots":{"index":"index","follow":"follow","max-snippet":"max-snippet:-1","max-image-preview":"max-image-preview:large","max-video-preview":"max-video-preview:-1"},"canonical":"https:\/\/buenavita.fr\/boutique\/a-propos\/la-creation-du-cafe\/","og_locale":"fr_FR","og_type":"article","og_title":"La cr\u00e9ation des produits - Buenavita","og_description":"Un contr\u00f4le de la qualit\u00e9 de l&rsquo;origine du produit jusqu&rsquo;\u00e0 votre tasse. Buenavita intervient dans chacune des \u00e9tapes de transformation des produits jusqu&rsquo;\u00e0 la cr\u00e9ation finale de vos boissons chaudes. La cr\u00e9ation, c&rsquo;est bien s&rsquo;entourer La premi\u00e8re de ces \u00e9tapes est d&rsquo;abord la recherche au travers de l&rsquo;Europe des meilleurs fabricants susceptibles de r\u00e9pondre aux &hellip; Continuer la lecture de &laquo;&nbsp;La cr\u00e9ation des produits&nbsp;&raquo;","og_url":"https:\/\/buenavita.fr\/boutique\/a-propos\/la-creation-du-cafe\/","og_site_name":"Buenavita","article_publisher":"https:\/\/www.facebook.com\/buenavita.cafe\/","article_modified_time":"2017-05-17T09:44:16+00:00","og_image":[{"url":"https:\/\/buenavita.fr\/wp-content\/uploads\/2017\/03\/13323205_l-300x200.jpg","type":"","width":"","height":""}],"twitter_card":"summary_large_image","twitter_site":"@CafeBuenavita","twitter_misc":{"Dur\u00e9e de lecture estim\u00e9e":"2 minutes"},"schema":{"@context":"https:\/\/schema.org","@graph":[{"@type":"WebPage","@id":"https:\/\/buenavita.fr\/boutique\/a-propos\/la-creation-du-cafe\/","url":"https:\/\/buenavita.fr\/boutique\/a-propos\/la-creation-du-cafe\/","name":"La cr\u00e9ation des produits - Buenavita","isPartOf":{"@id":"https:\/\/buenavita.fr\/boutique\/#website"},"primaryImageOfPage":{"@id":"https:\/\/buenavita.fr\/boutique\/a-propos\/la-creation-du-cafe\/#primaryimage"},"image":{"@id":"https:\/\/buenavita.fr\/boutique\/a-propos\/la-creation-du-cafe\/#primaryimage"},"thumbnailUrl":"https:\/\/buenavita.fr\/wp-content\/uploads\/2017\/03\/13323205_l-300x200.jpg","datePublished":"2017-03-14T15:50:48+00:00","dateModified":"2017-05-17T09:44:16+00:00","breadcrumb":{"@id":"https:\/\/buenavita.fr\/boutique\/a-propos\/la-creation-du-cafe\/#breadcrumb"},"inLanguage":"fr-FR","potentialAction":[{"@type":"ReadAction","target":["https:\/\/buenavita.fr\/boutique\/a-propos\/la-creation-du-cafe\/"]}]},{"@type":"ImageObject","inLanguage":"fr-FR","@id":"https:\/\/buenavita.fr\/boutique\/a-propos\/la-creation-du-cafe\/#primaryimage","url":"https:\/\/buenavita.fr\/wp-content\/uploads\/2017\/03\/13323205_l-300x200.jpg","contentUrl":"https:\/\/buenavita.fr\/wp-content\/uploads\/2017\/03\/13323205_l-300x200.jpg"},{"@type":"BreadcrumbList","@id":"https:\/\/buenavita.fr\/boutique\/a-propos\/la-creation-du-cafe\/#breadcrumb","itemListElement":[{"@type":"ListItem","position":1,"name":"Accueil","item":"https:\/\/buenavita.fr\/boutique\/"},{"@type":"ListItem","position":2,"name":"A Propos","item":"https:\/\/buenavita.fr\/boutique\/a-propos\/"},{"@type":"ListItem","position":3,"name":"La cr\u00e9ation des produits"}]},{"@type":"WebSite","@id":"https:\/\/buenavita.fr\/boutique\/#website","url":"https:\/\/buenavita.fr\/boutique\/","name":"Buenavita","description":"100% plaisir - sans allerg\u00e8ne - Eco responsable","potentialAction":[{"@type":"SearchAction","target":{"@type":"EntryPoint","urlTemplate":"https:\/\/buenavita.fr\/boutique\/?s={search_term_string}"},"query-input":{"@type":"PropertyValueSpecification","valueRequired":true,"valueName":"search_term_string"}}],"inLanguage":"fr-FR"}]}},"_links":{"self":[{"href":"https:\/\/buenavita.fr\/boutique\/wp-json\/wp\/v2\/pages\/88","targetHints":{"allow":["GET"]}}],"collection":[{"href":"https:\/\/buenavita.fr\/boutique\/wp-json\/wp\/v2\/pages"}],"about":[{"href":"https:\/\/buenavita.fr\/boutique\/wp-json\/wp\/v2\/types\/page"}],"author":[{"embeddable":true,"href":"https:\/\/buenavita.fr\/boutique\/wp-json\/wp\/v2\/users\/1"}],"replies":[{"embeddable":true,"href":"https:\/\/buenavita.fr\/boutique\/wp-json\/wp\/v2\/comments?post=88"}],"version-history":[{"count":16,"href":"https:\/\/buenavita.fr\/boutique\/wp-json\/wp\/v2\/pages\/88\/revisions"}],"predecessor-version":[{"id":703,"href":"https:\/\/buenavita.fr\/boutique\/wp-json\/wp\/v2\/pages\/88\/revisions\/703"}],"up":[{"embeddable":true,"href":"https:\/\/buenavita.fr\/boutique\/wp-json\/wp\/v2\/pages\/7"}],"wp:attachment":[{"href":"https:\/\/buenavita.fr\/boutique\/wp-json\/wp\/v2\/media?parent=88"}],"curies":[{"name":"wp","href":"https:\/\/api.w.org\/{rel}","templated":true}]}}