{"id":670,"date":"2017-05-04T17:08:14","date_gmt":"2017-05-04T15:08:14","guid":{"rendered":"https:\/\/buenavita.fr\/?page_id=670"},"modified":"2017-05-04T17:08:47","modified_gmt":"2017-05-04T15:08:47","slug":"reglement-du-jeu","status":"publish","type":"page","link":"https:\/\/buenavita.fr\/boutique\/reglement-du-jeu\/","title":{"rendered":"R\u00e8glement du Jeu"},"content":{"rendered":"<h2>Article 1 \u2013 Organisation du Jeu<\/h2>\n<p>La soci\u00e9t\u00e9 PROXI PAUSE, soci\u00e9t\u00e9 par actions simplifi\u00e9e au capital de 20.020,00 euros, dont le si\u00e8ge social est situ\u00e9 95 rue du Ruisseau \u2013 38070 SAINT QUENTIN FALLAVIER, immatricul\u00e9e au Registre du Commerce et des Soci\u00e9t\u00e9s de Vienne sous le num\u00e9ro 507.498.590., prise en la personne de son repr\u00e9sentant l\u00e9gal domicili\u00e9 es-qualit\u00e9 audit si\u00e8ge,<br \/>\nCi-apr\u00e8s d\u00e9nomm\u00e9e \u00ab l\u2019Organisateur \u00bb,<br \/>\nOrganise un jeu intitul\u00e9 \u00ab PLUS BELLE LA VIE \u00bb, en r\u00e9f\u00e9rence avec la s\u00e9rie t\u00e9l\u00e9vis\u00e9e Plus Belle la Vie.<br \/>\nCi-apr\u00e8s d\u00e9nomm\u00e9 \u00ab le Jeu \u00bb.<\/p>\n<h2>Article 2 \u2013 Objet du jeu<\/h2>\n<p>Le Jeu est gratuit et sans obligation d\u2019achat.<br \/>\nIl consiste \u00e0 lire un flashcode avec un smartphone dit aussi \u00ab code QR \u00bb * pouvant figurer sur diff\u00e9rents supports (sur une machine \u00e0 caf\u00e9 de la marque BUENAVITA, sur la page facebook BUENAVITA ou encore en se rendant directement sur le site https:\/\/buenavita.fr) afin de r\u00e9pondre \u00e0 une question pr\u00e9cise relative \u00e0 la s\u00e9rie t\u00e9l\u00e9vis\u00e9e \u00ab Plus Belle la Vie \u00bb.<br \/>\nDans le cadre du Jeu, les 100 premi\u00e8res bonnes r\u00e9ponses seront comptabilis\u00e9es afin de d\u00e9signer les gagnants parmi les participants (ci-apr\u00e8s \u00ab les Participants \u00bb).<br \/>\nLa participation au Jeu implique l\u2019acceptation sans r\u00e9serve des Participants au pr\u00e9sent r\u00e8glement dans son int\u00e9gralit\u00e9 (ci-apr\u00e8s \u00ab le R\u00e8glement \u00bb).<br \/>\nLe code QR est lisible \u00e0 partir d&rsquo;un t\u00e9l\u00e9phone portable. Un programme doit-\u00eatre t\u00e9l\u00e9charg\u00e9 puis install\u00e9 sur le mobile, ensuite il suffit de prendre en photo le code pour voir son contenu.<br \/>\n* D\u00e9finition du code QR : code pouvant comporter du texte, un num\u00e9ro de t\u00e9l\u00e9phone, un SMS, une adresse d&rsquo;un site wap, une adresse mail. Ce contenu peut-\u00eatre ensuite transf\u00e9r\u00e9, imprim\u00e9. Son utilisation est gratuite.<\/p>\n<h2>Article 3 \u2013 Date et dur\u00e9e<\/h2>\n<p>Le Jeu se d\u00e9roulera du 8 mai 2017 au 5 juin 2017 inclus.<br \/>\nL\u2019Organisateur se r\u00e9serve la possibilit\u00e9 de prolonger la p\u00e9riode de participation et de reporter toute date annonc\u00e9e.<br \/>\nREGLEMENT DU JEU N\u00b01 \u00ab PLUS BELLE LA VIE \u00bb<\/p>\n<h2>Article 4 \u2013 Conditions de participation<\/h2>\n<p>Le Jeu est ouvert \u00e0 toute personne physique majeure r\u00e9sidant en France M\u00e9tropolitaine, \u00e0 l\u2019exclusion de toute personne ayant collabor\u00e9 \u00e0 l\u2019organisation du Jeu ainsi que les membres de leurs familles directes respectives, les salari\u00e9s de l\u2019Organisateur ou sous-traitants de l\u2019Organisateur et de ses soci\u00e9t\u00e9s affili\u00e9es.<br \/>\nLe Jeu est exclusivement valable en ligne sur le site https:\/\/buenavita.fr et une seule fois par participant.<\/p>\n<h2>Article 5 \u2013 Validit\u00e9 de la participation<\/h2>\n<p>Toute participation au Jeu sera consid\u00e9r\u00e9e valide d\u00e8s lors que le Participant se sera identifi\u00e9 apr\u00e8s avoir r\u00e9pondu \u00e0 la question pos\u00e9e en renseignant ses coordonn\u00e9es avec nom, pr\u00e9nom, adresse et adresse \u00e9lectronique.<br \/>\nA d\u00e9faut et en cas d\u2019informations inexactes relatives \u00e0 l\u2019identit\u00e9, l\u2019adresse ou autre, la participation sera annul\u00e9e.<br \/>\nL\u2019Organisateur se r\u00e9serve le droit d\u2019\u00e9liminer du Jeu toute participation qui ne respecterait pas le R\u00e8glement, notamment en pr\u00e9sence d\u2019une participation incompl\u00e8te.<\/p>\n<h2>Article 6 \u2013 D\u00e9signation des gagnants<\/h2>\n<p>Les gagnants seront d\u00e9sign\u00e9s parmi les 100 premi\u00e8res bonnes r\u00e9ponses \u00e0 la question pos\u00e9e.<br \/>\nToute participation contenant une fausse d\u00e9claration ou une d\u00e9claration erron\u00e9e et\/ou incompl\u00e8te et\/ou ne respectant pas le pr\u00e9sent R\u00e8glement, sera consid\u00e9r\u00e9e comme nulle et entra\u00eenera la d\u00e9signation d\u2019un autre participant faisant alors partie des 100 premi\u00e8res bonnes r\u00e9ponses.<\/p>\n<h2>Article 7 \u2013 D\u00e9signation des Lots<\/h2>\n<p>Les lots \u00e0 gagner sont les suivants :<br \/>\n&#8211; Mug<br \/>\n&#8211; Serviette<br \/>\n&#8211; T-shirt<br \/>\n&#8211; Stylo<br \/>\n&#8211; Set de tasse<br \/>\n&#8211; Set de caf\u00e9<br \/>\nL\u2019int\u00e9gralit\u00e9 des lots sont au nom de la marque BUENAVITA ou PLUS BELLE LA VIE.<br \/>\nLes lots offerts ne peuvent donner lieu de la part des gagnants \u00e0 aucune contestation d\u2019aucune sorte, ni \u00e0 la remise de leur contre valeur en argent pour quelque cause que ce soit. Les lots attribu\u00e9s sont personnels et non transmissibles.<br \/>\nL\u2019Organisateur se r\u00e9serve le droit de les remplacer, en tout ou partie, par d\u2019autres lots de valeur \u00e9quivalente, notamment en cas de rupture momentan\u00e9e du produit.<\/p>\n<h2>Article 8 \u2013 Information du nom des gagnants<\/h2>\n<p>Les noms des gagnants seront communiqu\u00e9s uniquement \u00e0 partir de l\u2019adresse \u00e9lectronique communiqu\u00e9e lors de la participation, au moment de l\u2019identification du Participant.<br \/>\nLes noms des gagnants seront communiqu\u00e9s 7 jours apr\u00e8s la fin du Jeu.<\/p>\n<h2>Article 9 \u2013 Remise ou retrait des Lots<\/h2>\n<p>Les gagnants pourront entrer en possession du lot par envoi postal 7 jours apr\u00e8s la fin du Jeu.<br \/>\nLes gagnants seront inform\u00e9s par courrier \u00e9lectronique \u00e0 l\u2019adresse \u00e9lectronique renseign\u00e9e lors de la Participation au moment de l\u2019identification.<br \/>\nSi l\u2019adresse \u00e9lectronique est incorrecte ou ne correspond pas \u00e0 celle du gagnant, ou si pour tout autres raisons li\u00e9es \u00e0 des probl\u00e8mes techniques ne permettant pas d\u2019acheminer correctement le courriel d\u2019information, l\u2019Organisateur ne saurait en aucun cas \u00eatre tenu pour responsable. De m\u00eame, il n\u2019appartient pas \u00e0 l\u2019Organisateur de faire des recherches de coordonn\u00e9es de gagnants ne pouvant \u00eatre joints en raison d\u2019une adresse \u00e9lectronique invalide ou illisible, ou d\u2019une adresse postale erron\u00e9e.<br \/>\nEn ce qui concerne les lots non retir\u00e9s, \u00e0 l\u2019issue d\u2019un d\u00e9lai de 15 jours, les lots seront renvoy\u00e9s \u00e0 l\u2019Organisateur. Les gagnants ne pourront d\u00e8s lors pr\u00e9tendre \u00e0 aucun nouveau lot, d\u00e9dommagement ou indemnit\u00e9 de quelque nature que ce soit.<\/p>\n<h2>Article 10 \u2013 Facult\u00e9 de modification \/ suppression du jeu<\/h2>\n<p>L\u2019Organisateur se r\u00e9serve la facult\u00e9 de proc\u00e9der \u00e0 tout moment \u00e0 la modification du Jeu, \u00e0 son interruption momentan\u00e9e ou \u00e0 sa suppression sans avoir \u00e0 motiver sa d\u00e9cision et sans que la moindre indemnit\u00e9 puisse lui \u00eatre r\u00e9clam\u00e9e de ce fait.<\/p>\n<h2>Article 11 \u2013 Donn\u00e9s nominatives<\/h2>\n<p>Du fait de sa participation au Jeu, le Participant autorise express\u00e9ment l\u2019Organisateur \u00e0 utiliser toutes les donn\u00e9es fournies lors de son identification en participant au Jeu. Elles sont enregistr\u00e9es et utilis\u00e9es par l\u2019Organisateur pour les n\u00e9cessit\u00e9s de leur participation et \u00e0 l\u2019attribution de leurs gains.<br \/>\n\u00c9galement, le Participant autorise l\u2019Organisateur \u00e0 utiliser toute image ou tout son dans toute manifestation promotionnelle li\u00e9e au pr\u00e9sent jeu sans que cette utilisation ne puisse donner lieu \u00e0 une quelconque contrepartie autre que le prix gagn\u00e9.<br \/>\nConform\u00e9ment \u00e0 la loi \u00ab Informatique et Libert\u00e9s \u00bb du 6 janvier 1978, chaque Participant dispose d\u2019un droit d\u2019acc\u00e8s, de rectification ou m\u00eame de radiation des informations nominatives le concernant en \u00e9crivant \u00e0 l\u2019adresse suivante : SAS PROXI PAUSE, 95 rue du Ruisseau \u2013 38070 SAINT QUENTIN FALLAVIER.<\/p>\n<h2>Article 12 \u2013 Responsabilit\u00e9<\/h2>\n<p>Le Participant reconna\u00eet et accepte que la seule obligation de l\u2019Organisateur au titre du Jeu est de retenir les 100 premi\u00e8res participations\/bonnes r\u00e9ponses \u00e0 la question pos\u00e9e, sous r\u00e9serve que sa participation soit conforme aux termes et conditions du R\u00e8glement, et remettre les lots aux gagnants, selon les crit\u00e8res et modalit\u00e9s d\u00e9finis dans le pr\u00e9sent R\u00e8glement.<br \/>\nL\u2019Organisateur ne saurait \u00eatre tenu responsable, sans que cette liste soit limitative de toute d\u00e9faillance technique mat\u00e9rielle ou logicielle de quelque nature que ce soit, les risques de contamination par des \u00e9ventuels virus circulant sur le r\u00e9seau et l\u2019absence de protection de certaines donn\u00e9es contre des d\u00e9tournements \u00e9ventuels.<br \/>\nLa participation au Jeu implique la connaissance et l\u2019acceptation des caract\u00e9ristiques et des limites d\u2019Internet tant en ce qui concerne les performances techniques, les temps de r\u00e9ponse pour consulter, que pour interroger ou transf\u00e9rer des informations.<\/p>\n<h2>Article 13 \u2013 Cas de force majeure \/ r\u00e9serves<\/h2>\n<p>La responsabilit\u00e9 de l\u2019Organisateur ne saurait \u00eatre encourue si, pour un cas de force majeure ou ind\u00e9pendant de sa volont\u00e9, le jeu devait \u00eatre modifi\u00e9, \u00e9court\u00e9 ou annul\u00e9.<br \/>\nL\u2019Organisateur se r\u00e9serve le droit de proc\u00e9der \u00e0 toute v\u00e9rification qu\u2019il jugera utile, relative au respect du R\u00e8glement, notamment pour \u00e9carter tout participant ayant effectu\u00e9 une d\u00e9claration inexacte ou mensong\u00e8re ou fraud\u00e9e.<\/p>\n<h2>Article 14 \u2013 Loi applicable et r\u00e8glement des litiges<\/h2>\n<p>La langue du pr\u00e9sent r\u00e8glement est la langue fran\u00e7aise. Le Jeu et l\u2019interpr\u00e9tation du pr\u00e9sent r\u00e8glement sont soumis au droit fran\u00e7ais.<br \/>\nIl ne sera r\u00e9pondu \u00e0 aucune demande ou r\u00e9clamation t\u00e9l\u00e9phonique concernant l\u2019application ou l\u2019interpr\u00e9tation du pr\u00e9sent R\u00e8glement.<br \/>\nEn cas de litige, le Participant devra adresser en priorit\u00e9 une r\u00e9clamation pr\u00e9alable dans le d\u00e9lai de 8 jours \u00e0 compter de la date de sa participation en contactant le service client\u00e8le de la soci\u00e9t\u00e9 PROXI PAUSE soit :<br \/>\n&#8211; Par mail accessible sur le site internet https:\/\/buenavita.fr ou directement \u00e0 cp.proxi@sfr.fr<br \/>\n&#8211; Par courrier postal : SAS PROXI PAUSE, 95 rue du Ruisseau \u2013 38070 SAINT QUENTIN FALLAVIER.<br \/>\nEn cas de d\u00e9saccord persistant portant sur le Jeu, l\u2019application et l\u2019interpr\u00e9tation du pr\u00e9sent r\u00e8glement, et \u00e0 d\u00e9faut d\u2019accord amiable, tout litige sera soumis aux juridictions fran\u00e7aises comp\u00e9tentes.<\/p>\n<h2>Article 15 \u2013 Consultation du r\u00e8glement<\/h2>\n<p>Un exemplaire du pr\u00e9sent r\u00e8glement est disponible et consultable pendant toute la dur\u00e9e du Jeu sur le site https:\/\/buenavita.fr<\/p>\n","protected":false},"excerpt":{"rendered":"<p>Article 1 \u2013 Organisation du Jeu La soci\u00e9t\u00e9 PROXI PAUSE, soci\u00e9t\u00e9 par actions simplifi\u00e9e au capital de 20.020,00 euros, dont le si\u00e8ge social est situ\u00e9 95 rue du Ruisseau \u2013 38070 SAINT QUENTIN FALLAVIER, immatricul\u00e9e au Registre du Commerce et des Soci\u00e9t\u00e9s de Vienne sous le num\u00e9ro 507.498.590., prise en la personne de son repr\u00e9sentant &hellip; <a href=\"https:\/\/buenavita.fr\/boutique\/reglement-du-jeu\/\" class=\"more-link\">Continuer la lecture<span class=\"screen-reader-text\"> de &laquo;&nbsp;R\u00e8glement du Jeu&nbsp;&raquo;<\/span><\/a><\/p>\n","protected":false},"author":1,"featured_media":0,"parent":0,"menu_order":0,"comment_status":"closed","ping_status":"closed","template":"","meta":{"_acf_changed":false,"footnotes":""},"class_list":["post-670","page","type-page","status-publish","hentry"],"acf":[],"yoast_head":"<!-- This site is optimized with the Yoast SEO plugin v27.0 - https:\/\/yoast.com\/product\/yoast-seo-wordpress\/ -->\n<title>R\u00e8glement du Jeu - Buenavita<\/title>\n<meta name=\"robots\" content=\"index, follow, max-snippet:-1, max-image-preview:large, max-video-preview:-1\" \/>\n<link rel=\"canonical\" href=\"https:\/\/buenavita.fr\/boutique\/reglement-du-jeu\/\" \/>\n<meta property=\"og:locale\" content=\"fr_FR\" \/>\n<meta property=\"og:type\" content=\"article\" \/>\n<meta property=\"og:title\" content=\"R\u00e8glement du Jeu - Buenavita\" \/>\n<meta property=\"og:description\" content=\"Article 1 \u2013 Organisation du Jeu La soci\u00e9t\u00e9 PROXI PAUSE, soci\u00e9t\u00e9 par actions simplifi\u00e9e au capital de 20.020,00 euros, dont le si\u00e8ge social est situ\u00e9 95 rue du Ruisseau \u2013 38070 SAINT QUENTIN FALLAVIER, immatricul\u00e9e au Registre du Commerce et des Soci\u00e9t\u00e9s de Vienne sous le num\u00e9ro 507.498.590., prise en la personne de son repr\u00e9sentant &hellip; Continuer la lecture de &laquo;&nbsp;R\u00e8glement du Jeu&nbsp;&raquo;\" \/>\n<meta property=\"og:url\" content=\"https:\/\/buenavita.fr\/boutique\/reglement-du-jeu\/\" \/>\n<meta property=\"og:site_name\" content=\"Buenavita\" \/>\n<meta property=\"article:publisher\" content=\"https:\/\/www.facebook.com\/buenavita.cafe\/\" \/>\n<meta property=\"article:modified_time\" content=\"2017-05-04T15:08:47+00:00\" \/>\n<meta name=\"twitter:card\" content=\"summary_large_image\" \/>\n<meta name=\"twitter:site\" content=\"@CafeBuenavita\" \/>\n<meta name=\"twitter:label1\" content=\"Dur\u00e9e de lecture estim\u00e9e\" \/>\n\t<meta name=\"twitter:data1\" content=\"8 minutes\" \/>\n<script type=\"application\/ld+json\" class=\"yoast-schema-graph\">{\"@context\":\"https:\/\/schema.org\",\"@graph\":[{\"@type\":\"WebPage\",\"@id\":\"https:\/\/buenavita.fr\/boutique\/reglement-du-jeu\/\",\"url\":\"https:\/\/buenavita.fr\/boutique\/reglement-du-jeu\/\",\"name\":\"R\u00e8glement du Jeu - Buenavita\",\"isPartOf\":{\"@id\":\"https:\/\/buenavita.fr\/boutique\/#website\"},\"datePublished\":\"2017-05-04T15:08:14+00:00\",\"dateModified\":\"2017-05-04T15:08:47+00:00\",\"breadcrumb\":{\"@id\":\"https:\/\/buenavita.fr\/boutique\/reglement-du-jeu\/#breadcrumb\"},\"inLanguage\":\"fr-FR\",\"potentialAction\":[{\"@type\":\"ReadAction\",\"target\":[\"https:\/\/buenavita.fr\/boutique\/reglement-du-jeu\/\"]}]},{\"@type\":\"BreadcrumbList\",\"@id\":\"https:\/\/buenavita.fr\/boutique\/reglement-du-jeu\/#breadcrumb\",\"itemListElement\":[{\"@type\":\"ListItem\",\"position\":1,\"name\":\"Accueil\",\"item\":\"https:\/\/buenavita.fr\/boutique\/\"},{\"@type\":\"ListItem\",\"position\":2,\"name\":\"R\u00e8glement du Jeu\"}]},{\"@type\":\"WebSite\",\"@id\":\"https:\/\/buenavita.fr\/boutique\/#website\",\"url\":\"https:\/\/buenavita.fr\/boutique\/\",\"name\":\"Buenavita\",\"description\":\"100% plaisir - sans allerg\u00e8ne - Eco responsable\",\"potentialAction\":[{\"@type\":\"SearchAction\",\"target\":{\"@type\":\"EntryPoint\",\"urlTemplate\":\"https:\/\/buenavita.fr\/boutique\/?s={search_term_string}\"},\"query-input\":{\"@type\":\"PropertyValueSpecification\",\"valueRequired\":true,\"valueName\":\"search_term_string\"}}],\"inLanguage\":\"fr-FR\"}]}<\/script>\n<!-- \/ Yoast SEO plugin. -->","yoast_head_json":{"title":"R\u00e8glement du Jeu - Buenavita","robots":{"index":"index","follow":"follow","max-snippet":"max-snippet:-1","max-image-preview":"max-image-preview:large","max-video-preview":"max-video-preview:-1"},"canonical":"https:\/\/buenavita.fr\/boutique\/reglement-du-jeu\/","og_locale":"fr_FR","og_type":"article","og_title":"R\u00e8glement du Jeu - Buenavita","og_description":"Article 1 \u2013 Organisation du Jeu La soci\u00e9t\u00e9 PROXI PAUSE, soci\u00e9t\u00e9 par actions simplifi\u00e9e au capital de 20.020,00 euros, dont le si\u00e8ge social est situ\u00e9 95 rue du Ruisseau \u2013 38070 SAINT QUENTIN FALLAVIER, immatricul\u00e9e au Registre du Commerce et des Soci\u00e9t\u00e9s de Vienne sous le num\u00e9ro 507.498.590., prise en la personne de son repr\u00e9sentant &hellip; Continuer la lecture de &laquo;&nbsp;R\u00e8glement du Jeu&nbsp;&raquo;","og_url":"https:\/\/buenavita.fr\/boutique\/reglement-du-jeu\/","og_site_name":"Buenavita","article_publisher":"https:\/\/www.facebook.com\/buenavita.cafe\/","article_modified_time":"2017-05-04T15:08:47+00:00","twitter_card":"summary_large_image","twitter_site":"@CafeBuenavita","twitter_misc":{"Dur\u00e9e de lecture estim\u00e9e":"8 minutes"},"schema":{"@context":"https:\/\/schema.org","@graph":[{"@type":"WebPage","@id":"https:\/\/buenavita.fr\/boutique\/reglement-du-jeu\/","url":"https:\/\/buenavita.fr\/boutique\/reglement-du-jeu\/","name":"R\u00e8glement du Jeu - Buenavita","isPartOf":{"@id":"https:\/\/buenavita.fr\/boutique\/#website"},"datePublished":"2017-05-04T15:08:14+00:00","dateModified":"2017-05-04T15:08:47+00:00","breadcrumb":{"@id":"https:\/\/buenavita.fr\/boutique\/reglement-du-jeu\/#breadcrumb"},"inLanguage":"fr-FR","potentialAction":[{"@type":"ReadAction","target":["https:\/\/buenavita.fr\/boutique\/reglement-du-jeu\/"]}]},{"@type":"BreadcrumbList","@id":"https:\/\/buenavita.fr\/boutique\/reglement-du-jeu\/#breadcrumb","itemListElement":[{"@type":"ListItem","position":1,"name":"Accueil","item":"https:\/\/buenavita.fr\/boutique\/"},{"@type":"ListItem","position":2,"name":"R\u00e8glement du Jeu"}]},{"@type":"WebSite","@id":"https:\/\/buenavita.fr\/boutique\/#website","url":"https:\/\/buenavita.fr\/boutique\/","name":"Buenavita","description":"100% plaisir - sans allerg\u00e8ne - Eco responsable","potentialAction":[{"@type":"SearchAction","target":{"@type":"EntryPoint","urlTemplate":"https:\/\/buenavita.fr\/boutique\/?s={search_term_string}"},"query-input":{"@type":"PropertyValueSpecification","valueRequired":true,"valueName":"search_term_string"}}],"inLanguage":"fr-FR"}]}},"_links":{"self":[{"href":"https:\/\/buenavita.fr\/boutique\/wp-json\/wp\/v2\/pages\/670","targetHints":{"allow":["GET"]}}],"collection":[{"href":"https:\/\/buenavita.fr\/boutique\/wp-json\/wp\/v2\/pages"}],"about":[{"href":"https:\/\/buenavita.fr\/boutique\/wp-json\/wp\/v2\/types\/page"}],"author":[{"embeddable":true,"href":"https:\/\/buenavita.fr\/boutique\/wp-json\/wp\/v2\/users\/1"}],"replies":[{"embeddable":true,"href":"https:\/\/buenavita.fr\/boutique\/wp-json\/wp\/v2\/comments?post=670"}],"version-history":[{"count":2,"href":"https:\/\/buenavita.fr\/boutique\/wp-json\/wp\/v2\/pages\/670\/revisions"}],"predecessor-version":[{"id":672,"href":"https:\/\/buenavita.fr\/boutique\/wp-json\/wp\/v2\/pages\/670\/revisions\/672"}],"wp:attachment":[{"href":"https:\/\/buenavita.fr\/boutique\/wp-json\/wp\/v2\/media?parent=670"}],"curies":[{"name":"wp","href":"https:\/\/api.w.org\/{rel}","templated":true}]}}