{"id":563,"date":"2017-04-24T19:25:58","date_gmt":"2017-04-24T17:25:58","guid":{"rendered":"https:\/\/buenavita.fr\/?page_id=563"},"modified":"2017-05-17T11:08:13","modified_gmt":"2017-05-17T09:08:13","slug":"elaboration-des-produits","status":"publish","type":"page","link":"https:\/\/buenavita.fr\/boutique\/a-propos\/elaboration-des-produits\/","title":{"rendered":"L&rsquo;\u00e9laboration des produits"},"content":{"rendered":"<p>Pr\u00e9parer un caf\u00e9 exceptionnel est le leitmotiv de\u00a0Buenavita. Exceptionnel par le savoir-faire de fabricant engag\u00e9, par la s\u00e9lection des vari\u00e9t\u00e9s et le\u00a0suivi d&rsquo;une \u00e9thique rigoureuse dans l&rsquo;\u00e9laboration de nos produits.\u00a0C&rsquo;est ainsi que chacune des \u00e9tapes de l&rsquo;\u00e9laboration sont suivies\u00a0d&rsquo;une attention\u00a0exclusive de la part de chacun des intervenants.<\/p>\n<h2>Le tri\u00a0des grains<\/h2>\n<p>C&rsquo;est le point de d\u00e9part de l&rsquo;\u00e9laboration. Les grains s\u00e9lectionn\u00e9s sont ainsi soigneusement tri\u00e9s en fonction du lieu d&rsquo;origine de r\u00e9colte, de la taille ou de la forme. Chacun de ces crit\u00e8res d\u00e9finiront bien \u00e9videmment les qualit\u00e9s\u00a0aromatiques, les nuances de corps ou la d\u00e9licatesse du go\u00fbt. C&rsquo;est pourquoi un soin tout particulier est allou\u00e9\u00a0\u00e0 cette premi\u00e8re \u00e9tape, sans quoi le r\u00e9sultat final ne pourrait tenir ses promesses ; et ce, peu importe la qualit\u00e9 de travail fourni dans les \u00e9tapes suivantes.<\/p>\n<h2>La torr\u00e9faction<\/h2>\n<p>Cette \u00e9tape cruciale exige une grande\u00a0pr\u00e9cision. Pour chaque vari\u00e9t\u00e9, Buenavita met au point la courbe de temp\u00e9rature id\u00e9ale avec un mini torr\u00e9facteur \u00ab\u00a0laboratoire\u00a0\u00bb. Une fois celle-ci d\u00e9termin\u00e9, elle est ensuite m\u00e9moris\u00e9e en informatique pour garantir une r\u00e9gularit\u00e9 parfaite de la saveur souhait\u00e9e et sera ainsi appliqu\u00e9e au torr\u00e9facteur industriel. Chacune des vari\u00e9t\u00e9s Buenavita b\u00e9n\u00e9ficiera d\u2019une courbe personnalis\u00e9e en torr\u00e9faction lente, dite traditionnelle qui assure un grillage \u00e0 c\u0153ur et r\u00e9gulier. Cette torr\u00e9faction vari\u00e9t\u00e9 par vari\u00e9t\u00e9 est\u00a0tr\u00e8s peu utilis\u00e9e dans le m\u00e9tier car elle est plus on\u00e9reuse mais elle\u00a0garantit d\u2019obtenir les meilleurs ar\u00f4mes.<\/p>\n<p>Lors de cette \u00e9tape, plusieurs changements essentiels se produisent. Tout d&rsquo;abord, le grain de caf\u00e9 vert se colore et devient brun (plus ou moins intense).\u00a0L&rsquo;\u00e9vaporation de l&rsquo;eau qu&rsquo;il contient le rend plus l\u00e9ger mais aussi plus gros (dilatation des cellules). C&rsquo;est aussi \u00e0 ce moment que <strong>l&rsquo;ar\u00f4me du caf\u00e9<\/strong> appara\u00eet !<\/p>\n<h2>La conception<\/h2>\n<p>Pour pouvoir vous proposer un caf\u00e9 d&rsquo;exception, la derni\u00e8re \u00e9tape, la conception\u00a0fait l&rsquo;objet d&rsquo;une ma\u00eetrise et d&rsquo;une technique qui ressemble \u00e0 celle de l&rsquo;\u00e9laboration d&rsquo;un grand vin. Celle-ci passe par de subtils assemblages, de m\u00e9langes de grands crus dans des proportions pr\u00e9cises et adapt\u00e9es.<\/p>\n<p>L\u2019exp\u00e9rience, le travail d&rsquo;\u00e9quipe entre les partenaires ainsi que la passion commune qui les anime, font de cette \u00e9tape le point d&rsquo;orgue de l&rsquo;\u00e9laboration. Le soin allou\u00e9 par chacun des intervenants est la garantie de cette exception\u00a0vis\u00e9e par Buenavita.<\/p>\n","protected":false},"excerpt":{"rendered":"<p>Pr\u00e9parer un caf\u00e9 exceptionnel est le leitmotiv de\u00a0Buenavita. Exceptionnel par le savoir-faire de fabricant engag\u00e9, par la s\u00e9lection des vari\u00e9t\u00e9s et le\u00a0suivi d&rsquo;une \u00e9thique rigoureuse dans l&rsquo;\u00e9laboration de nos produits.\u00a0C&rsquo;est ainsi que chacune des \u00e9tapes de l&rsquo;\u00e9laboration sont suivies\u00a0d&rsquo;une attention\u00a0exclusive de la part de chacun des intervenants. Le tri\u00a0des grains C&rsquo;est le point de d\u00e9part &hellip; <a href=\"https:\/\/buenavita.fr\/boutique\/a-propos\/elaboration-des-produits\/\" class=\"more-link\">Continuer la lecture<span class=\"screen-reader-text\"> de &laquo;&nbsp;L&rsquo;\u00e9laboration des produits&nbsp;&raquo;<\/span><\/a><\/p>\n","protected":false},"author":1,"featured_media":0,"parent":7,"menu_order":0,"comment_status":"closed","ping_status":"closed","template":"","meta":{"_acf_changed":false,"footnotes":""},"class_list":["post-563","page","type-page","status-publish","hentry"],"acf":[],"yoast_head":"<!-- This site is optimized with the Yoast SEO plugin v27.5 - https:\/\/yoast.com\/product\/yoast-seo-wordpress\/ -->\n<title>L&#039;\u00e9laboration des produits - Buenavita<\/title>\n<meta name=\"robots\" content=\"index, follow, max-snippet:-1, max-image-preview:large, max-video-preview:-1\" \/>\n<link rel=\"canonical\" href=\"https:\/\/buenavita.fr\/boutique\/a-propos\/elaboration-des-produits\/\" \/>\n<meta property=\"og:locale\" content=\"fr_FR\" \/>\n<meta property=\"og:type\" content=\"article\" \/>\n<meta property=\"og:title\" content=\"L&#039;\u00e9laboration des produits - Buenavita\" \/>\n<meta property=\"og:description\" content=\"Pr\u00e9parer un caf\u00e9 exceptionnel est le leitmotiv de\u00a0Buenavita. Exceptionnel par le savoir-faire de fabricant engag\u00e9, par la s\u00e9lection des vari\u00e9t\u00e9s et le\u00a0suivi d&rsquo;une \u00e9thique rigoureuse dans l&rsquo;\u00e9laboration de nos produits.\u00a0C&rsquo;est ainsi que chacune des \u00e9tapes de l&rsquo;\u00e9laboration sont suivies\u00a0d&rsquo;une attention\u00a0exclusive de la part de chacun des intervenants. Le tri\u00a0des grains C&rsquo;est le point de d\u00e9part &hellip; Continuer la lecture de &laquo;&nbsp;L&rsquo;\u00e9laboration des produits&nbsp;&raquo;\" \/>\n<meta property=\"og:url\" content=\"https:\/\/buenavita.fr\/boutique\/a-propos\/elaboration-des-produits\/\" \/>\n<meta property=\"og:site_name\" content=\"Buenavita\" \/>\n<meta property=\"article:publisher\" content=\"https:\/\/www.facebook.com\/buenavita.cafe\/\" \/>\n<meta property=\"article:modified_time\" content=\"2017-05-17T09:08:13+00:00\" \/>\n<meta name=\"twitter:card\" content=\"summary_large_image\" \/>\n<meta name=\"twitter:site\" content=\"@CafeBuenavita\" \/>\n<meta name=\"twitter:label1\" content=\"Dur\u00e9e de lecture estim\u00e9e\" \/>\n\t<meta name=\"twitter:data1\" content=\"2 minutes\" \/>\n<script type=\"application\/ld+json\" class=\"yoast-schema-graph\">{\"@context\":\"https:\\\/\\\/schema.org\",\"@graph\":[{\"@type\":\"WebPage\",\"@id\":\"https:\\\/\\\/buenavita.fr\\\/boutique\\\/a-propos\\\/elaboration-des-produits\\\/\",\"url\":\"https:\\\/\\\/buenavita.fr\\\/boutique\\\/a-propos\\\/elaboration-des-produits\\\/\",\"name\":\"L'\u00e9laboration des produits - Buenavita\",\"isPartOf\":{\"@id\":\"https:\\\/\\\/buenavita.fr\\\/boutique\\\/#website\"},\"datePublished\":\"2017-04-24T17:25:58+00:00\",\"dateModified\":\"2017-05-17T09:08:13+00:00\",\"breadcrumb\":{\"@id\":\"https:\\\/\\\/buenavita.fr\\\/boutique\\\/a-propos\\\/elaboration-des-produits\\\/#breadcrumb\"},\"inLanguage\":\"fr-FR\",\"potentialAction\":[{\"@type\":\"ReadAction\",\"target\":[\"https:\\\/\\\/buenavita.fr\\\/boutique\\\/a-propos\\\/elaboration-des-produits\\\/\"]}]},{\"@type\":\"BreadcrumbList\",\"@id\":\"https:\\\/\\\/buenavita.fr\\\/boutique\\\/a-propos\\\/elaboration-des-produits\\\/#breadcrumb\",\"itemListElement\":[{\"@type\":\"ListItem\",\"position\":1,\"name\":\"Accueil\",\"item\":\"https:\\\/\\\/buenavita.fr\\\/boutique\\\/\"},{\"@type\":\"ListItem\",\"position\":2,\"name\":\"A Propos\",\"item\":\"https:\\\/\\\/buenavita.fr\\\/boutique\\\/a-propos\\\/\"},{\"@type\":\"ListItem\",\"position\":3,\"name\":\"L&rsquo;\u00e9laboration des produits\"}]},{\"@type\":\"WebSite\",\"@id\":\"https:\\\/\\\/buenavita.fr\\\/boutique\\\/#website\",\"url\":\"https:\\\/\\\/buenavita.fr\\\/boutique\\\/\",\"name\":\"Buenavita\",\"description\":\"100% plaisir - sans allerg\u00e8ne - Eco responsable\",\"potentialAction\":[{\"@type\":\"SearchAction\",\"target\":{\"@type\":\"EntryPoint\",\"urlTemplate\":\"https:\\\/\\\/buenavita.fr\\\/boutique\\\/?s={search_term_string}\"},\"query-input\":{\"@type\":\"PropertyValueSpecification\",\"valueRequired\":true,\"valueName\":\"search_term_string\"}}],\"inLanguage\":\"fr-FR\"}]}<\/script>\n<!-- \/ Yoast SEO plugin. -->","yoast_head_json":{"title":"L'\u00e9laboration des produits - Buenavita","robots":{"index":"index","follow":"follow","max-snippet":"max-snippet:-1","max-image-preview":"max-image-preview:large","max-video-preview":"max-video-preview:-1"},"canonical":"https:\/\/buenavita.fr\/boutique\/a-propos\/elaboration-des-produits\/","og_locale":"fr_FR","og_type":"article","og_title":"L'\u00e9laboration des produits - Buenavita","og_description":"Pr\u00e9parer un caf\u00e9 exceptionnel est le leitmotiv de\u00a0Buenavita. Exceptionnel par le savoir-faire de fabricant engag\u00e9, par la s\u00e9lection des vari\u00e9t\u00e9s et le\u00a0suivi d&rsquo;une \u00e9thique rigoureuse dans l&rsquo;\u00e9laboration de nos produits.\u00a0C&rsquo;est ainsi que chacune des \u00e9tapes de l&rsquo;\u00e9laboration sont suivies\u00a0d&rsquo;une attention\u00a0exclusive de la part de chacun des intervenants. Le tri\u00a0des grains C&rsquo;est le point de d\u00e9part &hellip; Continuer la lecture de &laquo;&nbsp;L&rsquo;\u00e9laboration des produits&nbsp;&raquo;","og_url":"https:\/\/buenavita.fr\/boutique\/a-propos\/elaboration-des-produits\/","og_site_name":"Buenavita","article_publisher":"https:\/\/www.facebook.com\/buenavita.cafe\/","article_modified_time":"2017-05-17T09:08:13+00:00","twitter_card":"summary_large_image","twitter_site":"@CafeBuenavita","twitter_misc":{"Dur\u00e9e de lecture estim\u00e9e":"2 minutes"},"schema":{"@context":"https:\/\/schema.org","@graph":[{"@type":"WebPage","@id":"https:\/\/buenavita.fr\/boutique\/a-propos\/elaboration-des-produits\/","url":"https:\/\/buenavita.fr\/boutique\/a-propos\/elaboration-des-produits\/","name":"L'\u00e9laboration des produits - Buenavita","isPartOf":{"@id":"https:\/\/buenavita.fr\/boutique\/#website"},"datePublished":"2017-04-24T17:25:58+00:00","dateModified":"2017-05-17T09:08:13+00:00","breadcrumb":{"@id":"https:\/\/buenavita.fr\/boutique\/a-propos\/elaboration-des-produits\/#breadcrumb"},"inLanguage":"fr-FR","potentialAction":[{"@type":"ReadAction","target":["https:\/\/buenavita.fr\/boutique\/a-propos\/elaboration-des-produits\/"]}]},{"@type":"BreadcrumbList","@id":"https:\/\/buenavita.fr\/boutique\/a-propos\/elaboration-des-produits\/#breadcrumb","itemListElement":[{"@type":"ListItem","position":1,"name":"Accueil","item":"https:\/\/buenavita.fr\/boutique\/"},{"@type":"ListItem","position":2,"name":"A Propos","item":"https:\/\/buenavita.fr\/boutique\/a-propos\/"},{"@type":"ListItem","position":3,"name":"L&rsquo;\u00e9laboration des produits"}]},{"@type":"WebSite","@id":"https:\/\/buenavita.fr\/boutique\/#website","url":"https:\/\/buenavita.fr\/boutique\/","name":"Buenavita","description":"100% plaisir - sans allerg\u00e8ne - Eco responsable","potentialAction":[{"@type":"SearchAction","target":{"@type":"EntryPoint","urlTemplate":"https:\/\/buenavita.fr\/boutique\/?s={search_term_string}"},"query-input":{"@type":"PropertyValueSpecification","valueRequired":true,"valueName":"search_term_string"}}],"inLanguage":"fr-FR"}]}},"_links":{"self":[{"href":"https:\/\/buenavita.fr\/boutique\/wp-json\/wp\/v2\/pages\/563","targetHints":{"allow":["GET"]}}],"collection":[{"href":"https:\/\/buenavita.fr\/boutique\/wp-json\/wp\/v2\/pages"}],"about":[{"href":"https:\/\/buenavita.fr\/boutique\/wp-json\/wp\/v2\/types\/page"}],"author":[{"embeddable":true,"href":"https:\/\/buenavita.fr\/boutique\/wp-json\/wp\/v2\/users\/1"}],"replies":[{"embeddable":true,"href":"https:\/\/buenavita.fr\/boutique\/wp-json\/wp\/v2\/comments?post=563"}],"version-history":[{"count":16,"href":"https:\/\/buenavita.fr\/boutique\/wp-json\/wp\/v2\/pages\/563\/revisions"}],"predecessor-version":[{"id":699,"href":"https:\/\/buenavita.fr\/boutique\/wp-json\/wp\/v2\/pages\/563\/revisions\/699"}],"up":[{"embeddable":true,"href":"https:\/\/buenavita.fr\/boutique\/wp-json\/wp\/v2\/pages\/7"}],"wp:attachment":[{"href":"https:\/\/buenavita.fr\/boutique\/wp-json\/wp\/v2\/media?parent=563"}],"curies":[{"name":"wp","href":"https:\/\/api.w.org\/{rel}","templated":true}]}}