{"id":2,"date":"2017-02-13T14:09:14","date_gmt":"2017-02-13T13:09:14","guid":{"rendered":"https:\/\/buenavita.fr\/?page_id=2"},"modified":"2019-07-25T00:24:14","modified_gmt":"2019-07-24T22:24:14","slug":"notre-gamme","status":"publish","type":"page","link":"https:\/\/buenavita.fr\/boutique\/notre-gamme\/","title":{"rendered":"UN CHOIX DE SAVEURS INCROYABLE"},"content":{"rendered":"<p style=\"text-align: justify;\">D\u00e9couvrez la gamme de produits Buenavita. Cette gamme, jusqu&rsquo;\u00e0 pr\u00e9sent r\u00e9serv\u00e9e aux professionnels, produit d\u00e9j\u00e0 pr\u00e8s de 100 millions de boissons chaudes par an. Buenavita s&rsquo;ouvre aujourd&rsquo;hui aux particuliers, avec une gamme compl\u00e8te pour r\u00e9galer vos papilles en toute circonstance.<\/p>\n","protected":false},"excerpt":{"rendered":"<p>D\u00e9couvrez la gamme de produits Buenavita. Cette gamme, jusqu&rsquo;\u00e0 pr\u00e9sent r\u00e9serv\u00e9e aux professionnels, produit d\u00e9j\u00e0 pr\u00e8s de 100 millions de boissons chaudes par an. Buenavita s&rsquo;ouvre aujourd&rsquo;hui aux particuliers, avec une gamme compl\u00e8te pour r\u00e9galer vos papilles en toute circonstance.<\/p>\n","protected":false},"author":1,"featured_media":0,"parent":0,"menu_order":0,"comment_status":"closed","ping_status":"closed","template":"","meta":{"_acf_changed":false,"footnotes":""},"class_list":["post-2","page","type-page","status-publish","hentry"],"acf":[],"yoast_head":"<!-- This site is optimized with the Yoast SEO plugin v27.0 - https:\/\/yoast.com\/product\/yoast-seo-wordpress\/ -->\n<title>UN CHOIX DE SAVEURS INCROYABLE - Buenavita<\/title>\n<meta name=\"robots\" content=\"index, follow, max-snippet:-1, max-image-preview:large, max-video-preview:-1\" \/>\n<link rel=\"canonical\" href=\"https:\/\/buenavita.fr\/boutique\/notre-gamme\/\" \/>\n<meta property=\"og:locale\" content=\"fr_FR\" \/>\n<meta property=\"og:type\" content=\"article\" \/>\n<meta property=\"og:title\" content=\"UN CHOIX DE SAVEURS INCROYABLE - Buenavita\" \/>\n<meta property=\"og:description\" content=\"D\u00e9couvrez la gamme de produits Buenavita. Cette gamme, jusqu&rsquo;\u00e0 pr\u00e9sent r\u00e9serv\u00e9e aux professionnels, produit d\u00e9j\u00e0 pr\u00e8s de 100 millions de boissons chaudes par an. Buenavita s&rsquo;ouvre aujourd&rsquo;hui aux particuliers, avec une gamme compl\u00e8te pour r\u00e9galer vos papilles en toute circonstance.\" \/>\n<meta property=\"og:url\" content=\"https:\/\/buenavita.fr\/boutique\/notre-gamme\/\" \/>\n<meta property=\"og:site_name\" content=\"Buenavita\" \/>\n<meta property=\"article:publisher\" content=\"https:\/\/www.facebook.com\/buenavita.cafe\/\" \/>\n<meta property=\"article:modified_time\" content=\"2019-07-24T22:24:14+00:00\" \/>\n<meta name=\"twitter:card\" content=\"summary_large_image\" \/>\n<meta name=\"twitter:site\" content=\"@CafeBuenavita\" \/>\n<script type=\"application\/ld+json\" class=\"yoast-schema-graph\">{\"@context\":\"https:\/\/schema.org\",\"@graph\":[{\"@type\":\"WebPage\",\"@id\":\"https:\/\/buenavita.fr\/boutique\/notre-gamme\/\",\"url\":\"https:\/\/buenavita.fr\/boutique\/notre-gamme\/\",\"name\":\"UN CHOIX DE SAVEURS INCROYABLE - Buenavita\",\"isPartOf\":{\"@id\":\"https:\/\/buenavita.fr\/boutique\/#website\"},\"datePublished\":\"2017-02-13T13:09:14+00:00\",\"dateModified\":\"2019-07-24T22:24:14+00:00\",\"breadcrumb\":{\"@id\":\"https:\/\/buenavita.fr\/boutique\/notre-gamme\/#breadcrumb\"},\"inLanguage\":\"fr-FR\",\"potentialAction\":[{\"@type\":\"ReadAction\",\"target\":[\"https:\/\/buenavita.fr\/boutique\/notre-gamme\/\"]}]},{\"@type\":\"BreadcrumbList\",\"@id\":\"https:\/\/buenavita.fr\/boutique\/notre-gamme\/#breadcrumb\",\"itemListElement\":[{\"@type\":\"ListItem\",\"position\":1,\"name\":\"Accueil\",\"item\":\"https:\/\/buenavita.fr\/boutique\/\"},{\"@type\":\"ListItem\",\"position\":2,\"name\":\"UN CHOIX DE SAVEURS INCROYABLE\"}]},{\"@type\":\"WebSite\",\"@id\":\"https:\/\/buenavita.fr\/boutique\/#website\",\"url\":\"https:\/\/buenavita.fr\/boutique\/\",\"name\":\"Buenavita\",\"description\":\"100% plaisir - sans allerg\u00e8ne - Eco responsable\",\"potentialAction\":[{\"@type\":\"SearchAction\",\"target\":{\"@type\":\"EntryPoint\",\"urlTemplate\":\"https:\/\/buenavita.fr\/boutique\/?s={search_term_string}\"},\"query-input\":{\"@type\":\"PropertyValueSpecification\",\"valueRequired\":true,\"valueName\":\"search_term_string\"}}],\"inLanguage\":\"fr-FR\"}]}<\/script>\n<!-- \/ Yoast SEO plugin. -->","yoast_head_json":{"title":"UN CHOIX DE SAVEURS INCROYABLE - Buenavita","robots":{"index":"index","follow":"follow","max-snippet":"max-snippet:-1","max-image-preview":"max-image-preview:large","max-video-preview":"max-video-preview:-1"},"canonical":"https:\/\/buenavita.fr\/boutique\/notre-gamme\/","og_locale":"fr_FR","og_type":"article","og_title":"UN CHOIX DE SAVEURS INCROYABLE - Buenavita","og_description":"D\u00e9couvrez la gamme de produits Buenavita. Cette gamme, jusqu&rsquo;\u00e0 pr\u00e9sent r\u00e9serv\u00e9e aux professionnels, produit d\u00e9j\u00e0 pr\u00e8s de 100 millions de boissons chaudes par an. Buenavita s&rsquo;ouvre aujourd&rsquo;hui aux particuliers, avec une gamme compl\u00e8te pour r\u00e9galer vos papilles en toute circonstance.","og_url":"https:\/\/buenavita.fr\/boutique\/notre-gamme\/","og_site_name":"Buenavita","article_publisher":"https:\/\/www.facebook.com\/buenavita.cafe\/","article_modified_time":"2019-07-24T22:24:14+00:00","twitter_card":"summary_large_image","twitter_site":"@CafeBuenavita","schema":{"@context":"https:\/\/schema.org","@graph":[{"@type":"WebPage","@id":"https:\/\/buenavita.fr\/boutique\/notre-gamme\/","url":"https:\/\/buenavita.fr\/boutique\/notre-gamme\/","name":"UN CHOIX DE SAVEURS INCROYABLE - Buenavita","isPartOf":{"@id":"https:\/\/buenavita.fr\/boutique\/#website"},"datePublished":"2017-02-13T13:09:14+00:00","dateModified":"2019-07-24T22:24:14+00:00","breadcrumb":{"@id":"https:\/\/buenavita.fr\/boutique\/notre-gamme\/#breadcrumb"},"inLanguage":"fr-FR","potentialAction":[{"@type":"ReadAction","target":["https:\/\/buenavita.fr\/boutique\/notre-gamme\/"]}]},{"@type":"BreadcrumbList","@id":"https:\/\/buenavita.fr\/boutique\/notre-gamme\/#breadcrumb","itemListElement":[{"@type":"ListItem","position":1,"name":"Accueil","item":"https:\/\/buenavita.fr\/boutique\/"},{"@type":"ListItem","position":2,"name":"UN CHOIX DE SAVEURS INCROYABLE"}]},{"@type":"WebSite","@id":"https:\/\/buenavita.fr\/boutique\/#website","url":"https:\/\/buenavita.fr\/boutique\/","name":"Buenavita","description":"100% plaisir - sans allerg\u00e8ne - Eco responsable","potentialAction":[{"@type":"SearchAction","target":{"@type":"EntryPoint","urlTemplate":"https:\/\/buenavita.fr\/boutique\/?s={search_term_string}"},"query-input":{"@type":"PropertyValueSpecification","valueRequired":true,"valueName":"search_term_string"}}],"inLanguage":"fr-FR"}]}},"_links":{"self":[{"href":"https:\/\/buenavita.fr\/boutique\/wp-json\/wp\/v2\/pages\/2","targetHints":{"allow":["GET"]}}],"collection":[{"href":"https:\/\/buenavita.fr\/boutique\/wp-json\/wp\/v2\/pages"}],"about":[{"href":"https:\/\/buenavita.fr\/boutique\/wp-json\/wp\/v2\/types\/page"}],"author":[{"embeddable":true,"href":"https:\/\/buenavita.fr\/boutique\/wp-json\/wp\/v2\/users\/1"}],"replies":[{"embeddable":true,"href":"https:\/\/buenavita.fr\/boutique\/wp-json\/wp\/v2\/comments?post=2"}],"version-history":[{"count":59,"href":"https:\/\/buenavita.fr\/boutique\/wp-json\/wp\/v2\/pages\/2\/revisions"}],"predecessor-version":[{"id":1975,"href":"https:\/\/buenavita.fr\/boutique\/wp-json\/wp\/v2\/pages\/2\/revisions\/1975"}],"wp:attachment":[{"href":"https:\/\/buenavita.fr\/boutique\/wp-json\/wp\/v2\/media?parent=2"}],"curies":[{"name":"wp","href":"https:\/\/api.w.org\/{rel}","templated":true}]}}